{"id":1558,"date":"2020-04-28T10:15:37","date_gmt":"2020-04-28T09:15:37","guid":{"rendered":"https:\/\/shop.crossfitvaskia.com\/?page_id=1558"},"modified":"2020-04-28T10:20:00","modified_gmt":"2020-04-28T09:20:00","slug":"aviso-legal","status":"publish","type":"page","link":"https:\/\/shop.crossfitvaskia.com\/?page_id=1558","title":{"rendered":"Aviso Legal"},"content":{"rendered":"<div class=\"wpb-content-wrapper\"><p>[vc_row css_animation=\u00bb\u00bb row_type=\u00bbrow\u00bb use_row_as_full_screen_section=\u00bbno\u00bb type=\u00bbfull_width\u00bb angled_section=\u00bbno\u00bb text_align=\u00bbleft\u00bb background_image_as_pattern=\u00bbwithout_pattern\u00bb][vc_column][vc_column_text]<\/p>\n<h3>TITULAR DEL SITIO WEB<\/h3>\n<p><b>Domicilio social:\u00a0<\/b>Vaskia Fitness S.L<br \/>\n<strong>CIF:<\/strong>\u00a0B90352600<br \/>\n<strong>Domicilio fiscal:<\/strong>\u00a0Pol\u00edgono Industrial Servialsa Calle B, 28 41960 Gines, Sevilla<\/p>\n<p><strong>Direcci\u00f3n de correo electr\u00f3nico:\u00a0<\/strong>info@crossfitvaskia.com<br \/>\n<strong>Direcci\u00f3n en Twitter:<\/strong>\u00a0@crossfitvaskia<br \/>\n<strong>Direcci\u00f3n en Facebook:<\/strong>\u00a0\u00a0@crossfitvaskia<br \/>\n<strong>Direcci\u00f3n en Instagram:<\/strong>\u00a0\u00a0@crossfitvaskia<br \/>\n<strong>Direcci\u00f3n en LinkedIn:<\/strong>\u00a0\u00a0@crossfitvaskia<br \/>\n<strong>Direcci\u00f3n en Youtube:<\/strong>\u00a0\u00a0@crossfitvaskia<\/p>\n<h4><strong>TITULACI\u00d3N OFICIAL Y REGISTROS:<\/strong><\/h4>\n<p>T\u00e9cnico Superior en Actividades Deportivas<\/p>\n<p>Entrenadores CrossFit Level 1<\/p>\n<p>Entrenadores CrossFit Level 2<\/p>\n<p>Entrenadores CrossFit Kids y Centro oficial afiliado CrossFit Kids<\/p>\n<p>Entrenadores Crossfit Competitors<\/p>\n<p>Jueces Certificados de CrossFit<\/p>\n<p>Certificado de Entrenamiento Personal \u2013 MTC<\/p>\n<p>Registro General de Protecci\u00f3n de Datos de la Agencia Espa\u00f1ola de Protecci\u00f3n de Datos\u00a0C\u00f3digo de Notificaci\u00f3n:\u00a0B903526000512018183755<\/p>\n<h4>DECLARACIONES, C\u00d3DIGOS DE CONDUCTA Y NORMATIVA APLICABLE:<\/h4>\n<p>Normativa espec\u00edfica\u00a0(https:\/\/www.crossfit.com\/foundation\/privacy): Ley de Entrenadores, actividades deportivas, Estatutos de Crossfit\u2026.<br \/>\nC\u00f3digos de conducta: (https:\/\/affiliate.crossfit.com\/how-to-affiliate) Por ejemplo: C\u00f3digo Deontol\u00f3gico de entrenadores o de Crossfit\u2026<\/p>\n<h4><strong>P\u00c1GINAS DE CROSSFIT VASKIA (EN ADELANTE, SITIO WEB):<\/strong><\/h4>\n<p>P\u00e1gina web principal: crossfitvaskia.com<\/p>\n<h4><strong>INFORMACI\u00d3N COMPLEMENTARIA:<\/strong><\/h4>\n<p>Inscripciones (AEAT, Registro mercantil\u2026):<\/p>\n<p class=\"p1\"><span class=\"s1\">Actividad deportiva de fitness y salud as\u00ed como los servicios relacionados de entrenamiento personal, entrenamiento funcional, asesor\u00eda nutricional, suplementaci\u00f3n deportiva, material deportivo, servicios de fisioterapia y asesoramiento deportivo en general.<\/span><\/p>\n<p class=\"p1\">IAE:\u00a0<span class=\"categoria\">Ep\u00edgrafe 967.1<\/span><span class=\"item\">Instalaciones deportivas<\/span><br \/>\nRegistro Mercantil: n\u00ba17170670<\/p>\n<p>I.- OBJETO<br \/>\nEn cumplimiento del art\u00edculo 10 de la Ley 34\/2002, de Servicios de la Sociedad de la Informaci\u00f3n y del Comercio Electr\u00f3nico (LSSI-CE), CROSSFIT VASKIA pone a disposici\u00f3n del usuario el presente documento con el que pretende informar a todos los usuarios de las condiciones del sitio web.<\/p>\n<p>Toda persona que acceda a este sitio web asume el papel de usuario, comprometi\u00e9ndose a la observancia y cumplimiento riguroso de las disposiciones aqu\u00ed dispuestas, as\u00ed como a cualquiera otra disposici\u00f3n legal que fuera de aplicaci\u00f3n.<\/p>\n<p>CROSSFIT VASKIA se reserva el derecho a modificar cualquier tipo de informaci\u00f3n que pudiera aparecer en el sitio web, sin que exista obligaci\u00f3n de avisar o poner en conocimiento de los usuarios dichas obligaciones, entendi\u00e9ndose como suficiente con la publicaci\u00f3n en el sitio web.<\/p>\n<h3>II.- USO DEL SITIO WEB<\/h3>\n<p>CROSSFIT VASKIA proporciona a los usuarios que deseen acceder a su Sitio Web, halcontiendasdedeporte.com, la informaci\u00f3n y la compra directa de productos propios y\/o de terceros colaboradores, relacionados con la moda deportiva y accesorios para la pr\u00e1ctica de deporte.<\/p>\n<h3>III.- RESPONSABILIDAD<\/h3>\n<p>CROSSFIT VASKIA se exime de cualquier tipo de responsabilidad derivada de la informaci\u00f3n publicada en su sitio web, siempre que esta informaci\u00f3n haya sido manipulada o introducida por un tercero ajeno al mismo.<br \/>\nCROSSFIT VASKIA no garantiza ni asume ning\u00fan tipo responsabilidad por las conexiones, v\u00ednculos o links de los sitios enlazados, ni sobre la exactitud o fiabilidad de los mismos. La funci\u00f3n de los enlaces es la informar al usuario sobre la existencia de de otras fuentes de informaci\u00f3n donde podr\u00e1 ampliar informaci\u00f3n sobre el producto elegido.<\/p>\n<p>CROSSFIT VASKIA no se hace responsable de la informaci\u00f3n y contenidos almacenados, a t\u00edtulo enunciativo, pero no limitativo, en foros, chats, generadores de blogs, comentarios, redes sociales o cualquier otro medio que permita a terceros publicar contenidos de forma independiente en la p\u00e1gina web del prestador.<br \/>\nNo obstante, y en cumplimiento de lo dispuesto en el art. 11 y 16 de la LSSI-CE, el prestador se pone a disposici\u00f3n de todos los usuarios, autoridades y fuerzas de seguridad, y colaborando de forma activa en la retirada o en su caso bloqueo de todos aquellos contenidos que pudieran afectar o contravenir la legislaci\u00f3n nacional, o internacional, derechos de terceros o la moral y el orden p\u00fablico.<br \/>\nEn caso de que el usuario considere que existe en el sitio web alg\u00fan contenido que pudiera ser susceptible de esta clasificaci\u00f3n, se ruega lo notifique de forma inmediata a trav\u00e9s del correo electr\u00f3nico info@crossfitvaskia.com<\/p>\n<p>CROSSFIT VASKIA ha sido revisado y probado para que funcione correctamente los 365 d\u00edas del a\u00f1o, 24 horas al d\u00eda. No obstante, aunque no descarta la posibilidad de que existan ciertos errores de programaci\u00f3n, o que acontezcan causas de fuerza mayor, cat\u00e1strofes naturales, huelgas, o circunstancias semejantes que hagan imposible el acceso a la p\u00e1gina web.<\/p>\n<h3>IV.- CONTENIDO DEL SITIO WEB<\/h3>\n<p>Los contenidos literarios del Sitio Web se ofrecen bajo la licencia que se indica en el pie de la p\u00e1gina. Se except\u00faan de esta licencia todos los contenidos no literarios, aquellos sobre los que se indique otra licencia aplicable, los signos distintivos (marcas, nombres comerciales, etc.) y la plantilla, cuyos cr\u00e9ditos figuran en nuestro\u00a0\/humans.txt\u00a0y cuya autor\u00eda y licencia de uso debe consultarse en la web que desde ah\u00ed se enlaza.<\/p>\n<h3>V.- RESPONSABILIDAD POR EL CONTENIDO DEL SITIO WEB<\/h3>\n<p>El Sitio Web contiene textos elaborados con fines meramente informativos o divulgativos que pueden no reflejar el estado actual de la legislaci\u00f3n o la jurisprudencia y que se refieren a situaciones generales por lo que su contenido no puede ser aplicado nunca por el usario a casos concretos. Las opiniones vertidas en los mismos no reflejan necesariamente los puntos de vista de CrossFit Vaskia. El contenido de los art\u00edculos publicados en este Sitio Web no puede ser considerado, en ning\u00fan caso, sustitutivo de asesoramiento legal. El usuario no debe actuar sobre la base de la informaci\u00f3n contenida en este Sitio Web sin recurrir previamente al correspondiente asesoramiento profesional.<\/p>\n<p>Los enlaces externos que contiene este Sitio Web conducen a sitios gestionados por terceros. CrossFit Vaskia no responde de los contenidos ni del estado de dichos sitios. El uso de enlaces externos tampoco implica que CrossFit Vaskia recomiende o apruebe los contenidos de las p\u00e1ginas de destino.<\/p>\n<h3>VI. NORMATIVA Y RESOLUCI\u00d3N DE CONFLICTOS<\/h3>\n<p>Las presentes Condiciones de Uso del Sitio Web se rigen en todos y cada uno de sus extremos por la ley espa\u00f1ola. El idioma de redacci\u00f3n e interpretaci\u00f3n de este aviso legal es el espa\u00f1ol. Este aviso legal no se archivar\u00e1 individualmente para cada usuario sino que permanecer\u00e1 accesible por medio de Internet en este mismo\u00a0Sitio Web.<\/p>\n<p>Para resolver cualquier controversia o reclamaci\u00f3n derivada de cualquier actividad de CrossFit Vaskia en el marco de un servicio que requiera colegiaci\u00f3n y que haya sido prestado por CrossFit Vaskia, el Cliente deber\u00e1 dirigirse al \u00f3rgano correspondiente del Colegio Profesional de dicha actividad prestada.<\/p>\n<p>Los Usuarios que tengan la condici\u00f3n de consumidores o usuarios conforme los define la normativa espa\u00f1ola\u00a0y residan en la Uni\u00f3n Europea, si han tenido un problema con una compra online realizada a CrossFit Vaskia, para tratar de llegar a un acuerdo extrajudicial pueden acudir a la\u00a0Plataforma de Resoluci\u00f3n de Litigios en L\u00ednea,\u00a0creada por la Uni\u00f3n Europea y desarrollada por la Comisi\u00f3n Europea al amparo del\u00a0Reglamento (UE) 524\/2013.<\/p>\n<p>Siempre que el Usuario no sea consumidor o usuario, y cuando no haya una norma que obligue a otra cosa, las partes acuerdan someterse a los Juzgados y Tribunales de Madrid capital, por ser este el lugar de celebraci\u00f3n del contrato, con renuncia expresa a cualquier otra jurisdicci\u00f3n que pudiera corresponderles.<\/p>\n<p><strong>Fecha de la \u00faltima revisi\u00f3n de este aviso legal: 10\/01\/2018<\/strong>[\/vc_column_text][\/vc_column][\/vc_row]<\/p>\n<\/div>","protected":false},"excerpt":{"rendered":"<p>[vc_row css_animation=\u00bb\u00bb row_type=\u00bbrow\u00bb use_row_as_full_screen_section=\u00bbno\u00bb type=\u00bbfull_width\u00bb angled_section=\u00bbno\u00bb text_align=\u00bbleft\u00bb background_image_as_pattern=\u00bbwithout_pattern\u00bb][vc_column][vc_column_text] TITULAR DEL SITIO WEB Domicilio social:\u00a0Vaskia Fitness S.L CIF:\u00a0B90352600 Domicilio fiscal:\u00a0Pol\u00edgono Industrial Servialsa Calle B, 28 41960 Gines, Sevilla Direcci\u00f3n de correo electr\u00f3nico:\u00a0info@crossfitvaskia.com Direcci\u00f3n en Twitter:\u00a0@crossfitvaskia Direcci\u00f3n en Facebook:\u00a0\u00a0@crossfitvaskia Direcci\u00f3n en Instagram:\u00a0\u00a0@crossfitvaskia Direcci\u00f3n en LinkedIn:\u00a0\u00a0@crossfitvaskia Direcci\u00f3n en&#8230;<\/p>\n","protected":false},"author":2,"featured_media":0,"parent":0,"menu_order":53,"comment_status":"closed","ping_status":"closed","template":"","meta":{"footnotes":""},"class_list":["post-1558","page","type-page","status-publish","hentry"],"yoast_head":"<!-- This site is optimized with the Yoast SEO plugin v25.3 - https:\/\/yoast.com\/wordpress\/plugins\/seo\/ -->\n<title>Aviso Legal - Tienda de CrossFit Vaskia<\/title>\n<meta name=\"robots\" content=\"index, follow, max-snippet:-1, max-image-preview:large, max-video-preview:-1\" \/>\n<link rel=\"canonical\" href=\"https:\/\/shop.crossfitvaskia.com\/?page_id=1558\" \/>\n<meta property=\"og:locale\" content=\"es_ES\" \/>\n<meta property=\"og:type\" content=\"article\" \/>\n<meta property=\"og:title\" content=\"Aviso Legal - Tienda de CrossFit Vaskia\" \/>\n<meta property=\"og:description\" content=\"[vc_row css_animation=\u00bb\u00bb row_type=\u00bbrow\u00bb use_row_as_full_screen_section=\u00bbno\u00bb type=\u00bbfull_width\u00bb angled_section=\u00bbno\u00bb text_align=\u00bbleft\u00bb background_image_as_pattern=\u00bbwithout_pattern\u00bb][vc_column][vc_column_text] TITULAR DEL SITIO WEB Domicilio social:\u00a0Vaskia Fitness S.L CIF:\u00a0B90352600 Domicilio fiscal:\u00a0Pol\u00edgono Industrial Servialsa Calle B, 28 41960 Gines, Sevilla Direcci\u00f3n de correo electr\u00f3nico:\u00a0info@crossfitvaskia.com Direcci\u00f3n en Twitter:\u00a0@crossfitvaskia Direcci\u00f3n en Facebook:\u00a0\u00a0@crossfitvaskia Direcci\u00f3n en Instagram:\u00a0\u00a0@crossfitvaskia Direcci\u00f3n en LinkedIn:\u00a0\u00a0@crossfitvaskia Direcci\u00f3n en...\" \/>\n<meta property=\"og:url\" content=\"https:\/\/shop.crossfitvaskia.com\/?page_id=1558\" \/>\n<meta property=\"og:site_name\" content=\"Tienda de CrossFit Vaskia\" \/>\n<meta property=\"article:publisher\" content=\"https:\/\/www.facebook.com\/crossfitvaskia\" \/>\n<meta property=\"article:modified_time\" content=\"2020-04-28T09:20:00+00:00\" \/>\n<meta name=\"twitter:card\" content=\"summary_large_image\" \/>\n<meta name=\"twitter:site\" content=\"@crossfitvaskia\" \/>\n<script type=\"application\/ld+json\" class=\"yoast-schema-graph\">{\"@context\":\"https:\/\/schema.org\",\"@graph\":[{\"@type\":\"WebPage\",\"@id\":\"https:\/\/shop.crossfitvaskia.com\/?page_id=1558\",\"url\":\"https:\/\/shop.crossfitvaskia.com\/?page_id=1558\",\"name\":\"Aviso Legal - Tienda de CrossFit Vaskia\",\"isPartOf\":{\"@id\":\"https:\/\/shop.crossfitvaskia.com\/#website\"},\"datePublished\":\"2020-04-28T09:15:37+00:00\",\"dateModified\":\"2020-04-28T09:20:00+00:00\",\"breadcrumb\":{\"@id\":\"https:\/\/shop.crossfitvaskia.com\/?page_id=1558#breadcrumb\"},\"inLanguage\":\"es\",\"potentialAction\":[{\"@type\":\"ReadAction\",\"target\":[\"https:\/\/shop.crossfitvaskia.com\/?page_id=1558\"]}]},{\"@type\":\"BreadcrumbList\",\"@id\":\"https:\/\/shop.crossfitvaskia.com\/?page_id=1558#breadcrumb\",\"itemListElement\":[{\"@type\":\"ListItem\",\"position\":1,\"name\":\"Portada\",\"item\":\"https:\/\/shop.crossfitvaskia.com\/\"},{\"@type\":\"ListItem\",\"position\":2,\"name\":\"Aviso Legal\"}]},{\"@type\":\"WebSite\",\"@id\":\"https:\/\/shop.crossfitvaskia.com\/#website\",\"url\":\"https:\/\/shop.crossfitvaskia.com\/\",\"name\":\"Tienda de CrossFit Vaskia\",\"description\":\"Accesorios de CrossFit en el Aljarafe.\",\"publisher\":{\"@id\":\"https:\/\/shop.crossfitvaskia.com\/#organization\"},\"potentialAction\":[{\"@type\":\"SearchAction\",\"target\":{\"@type\":\"EntryPoint\",\"urlTemplate\":\"https:\/\/shop.crossfitvaskia.com\/?s={search_term_string}\"},\"query-input\":{\"@type\":\"PropertyValueSpecification\",\"valueRequired\":true,\"valueName\":\"search_term_string\"}}],\"inLanguage\":\"es\"},{\"@type\":\"Organization\",\"@id\":\"https:\/\/shop.crossfitvaskia.com\/#organization\",\"name\":\"Tienda de CrossFit Vaskia\",\"url\":\"https:\/\/shop.crossfitvaskia.com\/\",\"logo\":{\"@type\":\"ImageObject\",\"inLanguage\":\"es\",\"@id\":\"https:\/\/shop.crossfitvaskia.com\/#\/schema\/logo\/image\/\",\"url\":\"https:\/\/shop.crossfitvaskia.com\/wp-content\/uploads\/sites\/5\/2022\/11\/img-logo-vaskia.png\",\"contentUrl\":\"https:\/\/shop.crossfitvaskia.com\/wp-content\/uploads\/sites\/5\/2022\/11\/img-logo-vaskia.png\",\"width\":657,\"height\":681,\"caption\":\"Tienda de CrossFit Vaskia\"},\"image\":{\"@id\":\"https:\/\/shop.crossfitvaskia.com\/#\/schema\/logo\/image\/\"},\"sameAs\":[\"https:\/\/www.facebook.com\/crossfitvaskia\",\"https:\/\/x.com\/crossfitvaskia\",\"https:\/\/www.instagram.com\/crossfitvaskia\/\",\"https:\/\/www.youtube.com\/c\/CrossfitVaskia\"]}]}<\/script>\n<!-- \/ Yoast SEO plugin. -->","yoast_head_json":{"title":"Aviso Legal - Tienda de CrossFit Vaskia","robots":{"index":"index","follow":"follow","max-snippet":"max-snippet:-1","max-image-preview":"max-image-preview:large","max-video-preview":"max-video-preview:-1"},"canonical":"https:\/\/shop.crossfitvaskia.com\/?page_id=1558","og_locale":"es_ES","og_type":"article","og_title":"Aviso Legal - Tienda de CrossFit Vaskia","og_description":"[vc_row css_animation=\u00bb\u00bb row_type=\u00bbrow\u00bb use_row_as_full_screen_section=\u00bbno\u00bb type=\u00bbfull_width\u00bb angled_section=\u00bbno\u00bb text_align=\u00bbleft\u00bb background_image_as_pattern=\u00bbwithout_pattern\u00bb][vc_column][vc_column_text] TITULAR DEL SITIO WEB Domicilio social:\u00a0Vaskia Fitness S.L CIF:\u00a0B90352600 Domicilio fiscal:\u00a0Pol\u00edgono Industrial Servialsa Calle B, 28 41960 Gines, Sevilla Direcci\u00f3n de correo electr\u00f3nico:\u00a0info@crossfitvaskia.com Direcci\u00f3n en Twitter:\u00a0@crossfitvaskia Direcci\u00f3n en Facebook:\u00a0\u00a0@crossfitvaskia Direcci\u00f3n en Instagram:\u00a0\u00a0@crossfitvaskia Direcci\u00f3n en LinkedIn:\u00a0\u00a0@crossfitvaskia Direcci\u00f3n en...","og_url":"https:\/\/shop.crossfitvaskia.com\/?page_id=1558","og_site_name":"Tienda de CrossFit Vaskia","article_publisher":"https:\/\/www.facebook.com\/crossfitvaskia","article_modified_time":"2020-04-28T09:20:00+00:00","twitter_card":"summary_large_image","twitter_site":"@crossfitvaskia","schema":{"@context":"https:\/\/schema.org","@graph":[{"@type":"WebPage","@id":"https:\/\/shop.crossfitvaskia.com\/?page_id=1558","url":"https:\/\/shop.crossfitvaskia.com\/?page_id=1558","name":"Aviso Legal - Tienda de CrossFit Vaskia","isPartOf":{"@id":"https:\/\/shop.crossfitvaskia.com\/#website"},"datePublished":"2020-04-28T09:15:37+00:00","dateModified":"2020-04-28T09:20:00+00:00","breadcrumb":{"@id":"https:\/\/shop.crossfitvaskia.com\/?page_id=1558#breadcrumb"},"inLanguage":"es","potentialAction":[{"@type":"ReadAction","target":["https:\/\/shop.crossfitvaskia.com\/?page_id=1558"]}]},{"@type":"BreadcrumbList","@id":"https:\/\/shop.crossfitvaskia.com\/?page_id=1558#breadcrumb","itemListElement":[{"@type":"ListItem","position":1,"name":"Portada","item":"https:\/\/shop.crossfitvaskia.com\/"},{"@type":"ListItem","position":2,"name":"Aviso Legal"}]},{"@type":"WebSite","@id":"https:\/\/shop.crossfitvaskia.com\/#website","url":"https:\/\/shop.crossfitvaskia.com\/","name":"Tienda de CrossFit Vaskia","description":"Accesorios de CrossFit en el Aljarafe.","publisher":{"@id":"https:\/\/shop.crossfitvaskia.com\/#organization"},"potentialAction":[{"@type":"SearchAction","target":{"@type":"EntryPoint","urlTemplate":"https:\/\/shop.crossfitvaskia.com\/?s={search_term_string}"},"query-input":{"@type":"PropertyValueSpecification","valueRequired":true,"valueName":"search_term_string"}}],"inLanguage":"es"},{"@type":"Organization","@id":"https:\/\/shop.crossfitvaskia.com\/#organization","name":"Tienda de CrossFit Vaskia","url":"https:\/\/shop.crossfitvaskia.com\/","logo":{"@type":"ImageObject","inLanguage":"es","@id":"https:\/\/shop.crossfitvaskia.com\/#\/schema\/logo\/image\/","url":"https:\/\/shop.crossfitvaskia.com\/wp-content\/uploads\/sites\/5\/2022\/11\/img-logo-vaskia.png","contentUrl":"https:\/\/shop.crossfitvaskia.com\/wp-content\/uploads\/sites\/5\/2022\/11\/img-logo-vaskia.png","width":657,"height":681,"caption":"Tienda de CrossFit Vaskia"},"image":{"@id":"https:\/\/shop.crossfitvaskia.com\/#\/schema\/logo\/image\/"},"sameAs":["https:\/\/www.facebook.com\/crossfitvaskia","https:\/\/x.com\/crossfitvaskia","https:\/\/www.instagram.com\/crossfitvaskia\/","https:\/\/www.youtube.com\/c\/CrossfitVaskia"]}]}},"jetpack_sharing_enabled":true,"_links":{"self":[{"href":"https:\/\/shop.crossfitvaskia.com\/index.php?rest_route=\/wp\/v2\/pages\/1558","targetHints":{"allow":["GET"]}}],"collection":[{"href":"https:\/\/shop.crossfitvaskia.com\/index.php?rest_route=\/wp\/v2\/pages"}],"about":[{"href":"https:\/\/shop.crossfitvaskia.com\/index.php?rest_route=\/wp\/v2\/types\/page"}],"author":[{"embeddable":true,"href":"https:\/\/shop.crossfitvaskia.com\/index.php?rest_route=\/wp\/v2\/users\/2"}],"replies":[{"embeddable":true,"href":"https:\/\/shop.crossfitvaskia.com\/index.php?rest_route=%2Fwp%2Fv2%2Fcomments&post=1558"}],"version-history":[{"count":2,"href":"https:\/\/shop.crossfitvaskia.com\/index.php?rest_route=\/wp\/v2\/pages\/1558\/revisions"}],"predecessor-version":[{"id":1561,"href":"https:\/\/shop.crossfitvaskia.com\/index.php?rest_route=\/wp\/v2\/pages\/1558\/revisions\/1561"}],"wp:attachment":[{"href":"https:\/\/shop.crossfitvaskia.com\/index.php?rest_route=%2Fwp%2Fv2%2Fmedia&parent=1558"}],"curies":[{"name":"wp","href":"https:\/\/api.w.org\/{rel}","templated":true}]}}