{"id":1763,"date":"2020-05-01T18:28:04","date_gmt":"2020-05-01T17:28:04","guid":{"rendered":"https:\/\/shop.crossfitvaskia.com\/?post_type=product&#038;p=1763"},"modified":"2024-10-14T14:50:08","modified_gmt":"2024-10-14T13:50:08","slug":"sudaderas-2","status":"publish","type":"product","link":"https:\/\/shop.crossfitvaskia.com\/?product=sudaderas-2","title":{"rendered":"Sudadera Old Sk\u00f6l | VASKIA"},"content":{"rendered":"<p>Edici\u00f3n Especial Sudadera Old Sk\u00f6l.<\/p>\n","protected":false},"excerpt":{"rendered":"<ul>\n<li>Edici\u00f3n Especial Old Sk\u00f6l.<\/li>\n<li>Bolsillos canguro con cremallera.<\/li>\n<li>Costura en hombros a 90\u00ba.<\/li>\n<li>Pu\u00f1os el\u00e1sticos de canal\u00e9.<\/li>\n<li>Sudadera amplia con capucha y bolsillo delantero, tipo canguro.<\/li>\n<li>Serigrafiada con tinta especial 2.0 en pecho y espalda.<\/li>\n<li>Lavar m\u00e1ximo a 40\u00ba.<\/li>\n<li>Tacto agradable con la piel.<\/li>\n<li>Color azul marino.<\/li>\n<li>Dise\u00f1ada por Vaskia\u00ae.<\/li>\n<li>UNISEX.<\/li>\n<\/ul>\n","protected":false},"featured_media":2935,"comment_status":"closed","ping_status":"closed","template":"","meta":[],"product_brand":[],"product_cat":[42,81,205],"product_tag":[290,291,198,199,289],"class_list":{"0":"post-1763","1":"product","2":"type-product","3":"status-publish","4":"has-post-thumbnail","6":"product_cat-mujer","7":"product_cat-sudaderas-mujer","8":"product_cat-unisex","9":"product_tag-old-school","10":"product_tag-old-skol","11":"product_tag-sudadera","12":"product_tag-sudadera-crossfit","13":"product_tag-sudadera-unisex","14":"product_shipping_class-recogida-en-tienda","16":"first","17":"instock","18":"shipping-taxable","19":"purchasable","20":"product-type-variable"},"yoast_head":"<!-- This site is optimized with the Yoast SEO plugin v25.3 - https:\/\/yoast.com\/wordpress\/plugins\/seo\/ -->\n<title>Sudadera Old Sk\u00f6l | VASKIA - Tienda de CrossFit Vaskia<\/title>\n<meta name=\"robots\" content=\"index, follow, max-snippet:-1, max-image-preview:large, max-video-preview:-1\" \/>\n<link rel=\"canonical\" href=\"https:\/\/shop.crossfitvaskia.com\/producto\/sudaderas-2\/\" \/>\n<meta property=\"og:locale\" content=\"es_ES\" \/>\n<meta property=\"og:type\" content=\"article\" \/>\n<meta property=\"og:title\" content=\"Sudadera Old Sk\u00f6l | VASKIA - Tienda de CrossFit Vaskia\" \/>\n<meta property=\"og:description\" content=\"Edici\u00f3n Especial Old Sk\u00f6l.  Bolsillos canguro con cremallera.  Costura en hombros a 90\u00ba.  Pu\u00f1os el\u00e1sticos de canal\u00e9.  Sudadera amplia con capucha y bolsillo delantero, tipo canguro.  Serigrafiada con tinta especial 2.0 en pecho y espalda.  Lavar m\u00e1ximo a 40\u00ba.  Tacto agradable con la piel.  Color azul marino.  Dise\u00f1ada por Vaskia\u00ae.  UNISEX.\" \/>\n<meta property=\"og:url\" content=\"https:\/\/shop.crossfitvaskia.com\/producto\/sudaderas-2\/\" \/>\n<meta property=\"og:site_name\" content=\"Tienda de CrossFit Vaskia\" \/>\n<meta property=\"article:publisher\" content=\"https:\/\/www.facebook.com\/crossfitvaskia\" \/>\n<meta property=\"article:modified_time\" content=\"2024-10-14T13:50:08+00:00\" \/>\n<meta property=\"og:image\" content=\"https:\/\/shop.crossfitvaskia.com\/wp-content\/uploads\/sites\/5\/2020\/05\/sudadera-vaskia-old-skol-crossfit-aljarafe.jpg\" \/>\n\t<meta property=\"og:image:width\" content=\"1200\" \/>\n\t<meta property=\"og:image:height\" content=\"1200\" \/>\n\t<meta property=\"og:image:type\" content=\"image\/jpeg\" \/>\n<meta name=\"twitter:card\" content=\"summary_large_image\" \/>\n<meta name=\"twitter:site\" content=\"@crossfitvaskia\" \/>\n<script type=\"application\/ld+json\" class=\"yoast-schema-graph\">{\"@context\":\"https:\/\/schema.org\",\"@graph\":[{\"@type\":\"WebPage\",\"@id\":\"https:\/\/shop.crossfitvaskia.com\/producto\/sudaderas-2\/\",\"url\":\"https:\/\/shop.crossfitvaskia.com\/producto\/sudaderas-2\/\",\"name\":\"Sudadera Old Sk\u00f6l | VASKIA - Tienda de CrossFit Vaskia\",\"isPartOf\":{\"@id\":\"https:\/\/shop.crossfitvaskia.com\/#website\"},\"primaryImageOfPage\":{\"@id\":\"https:\/\/shop.crossfitvaskia.com\/producto\/sudaderas-2\/#primaryimage\"},\"image\":{\"@id\":\"https:\/\/shop.crossfitvaskia.com\/producto\/sudaderas-2\/#primaryimage\"},\"thumbnailUrl\":\"https:\/\/shop.crossfitvaskia.com\/wp-content\/uploads\/sites\/5\/2020\/05\/sudadera-vaskia-old-skol-crossfit-aljarafe.jpg\",\"datePublished\":\"2020-05-01T17:28:04+00:00\",\"dateModified\":\"2024-10-14T13:50:08+00:00\",\"breadcrumb\":{\"@id\":\"https:\/\/shop.crossfitvaskia.com\/producto\/sudaderas-2\/#breadcrumb\"},\"inLanguage\":\"es\",\"potentialAction\":[{\"@type\":\"ReadAction\",\"target\":[\"https:\/\/shop.crossfitvaskia.com\/producto\/sudaderas-2\/\"]}]},{\"@type\":\"ImageObject\",\"inLanguage\":\"es\",\"@id\":\"https:\/\/shop.crossfitvaskia.com\/producto\/sudaderas-2\/#primaryimage\",\"url\":\"https:\/\/shop.crossfitvaskia.com\/wp-content\/uploads\/sites\/5\/2020\/05\/sudadera-vaskia-old-skol-crossfit-aljarafe.jpg\",\"contentUrl\":\"https:\/\/shop.crossfitvaskia.com\/wp-content\/uploads\/sites\/5\/2020\/05\/sudadera-vaskia-old-skol-crossfit-aljarafe.jpg\",\"width\":1200,\"height\":1200},{\"@type\":\"BreadcrumbList\",\"@id\":\"https:\/\/shop.crossfitvaskia.com\/producto\/sudaderas-2\/#breadcrumb\",\"itemListElement\":[{\"@type\":\"ListItem\",\"position\":1,\"name\":\"Portada\",\"item\":\"https:\/\/shop.crossfitvaskia.com\/\"},{\"@type\":\"ListItem\",\"position\":2,\"name\":\"TIENDA CROSSFIT\",\"item\":\"https:\/\/shop.crossfitvaskia.com\/\"},{\"@type\":\"ListItem\",\"position\":3,\"name\":\"Sudadera Old Sk\u00f6l | VASKIA\"}]},{\"@type\":\"WebSite\",\"@id\":\"https:\/\/shop.crossfitvaskia.com\/#website\",\"url\":\"https:\/\/shop.crossfitvaskia.com\/\",\"name\":\"Tienda de CrossFit Vaskia\",\"description\":\"Accesorios de CrossFit en el Aljarafe.\",\"publisher\":{\"@id\":\"https:\/\/shop.crossfitvaskia.com\/#organization\"},\"potentialAction\":[{\"@type\":\"SearchAction\",\"target\":{\"@type\":\"EntryPoint\",\"urlTemplate\":\"https:\/\/shop.crossfitvaskia.com\/?s={search_term_string}\"},\"query-input\":{\"@type\":\"PropertyValueSpecification\",\"valueRequired\":true,\"valueName\":\"search_term_string\"}}],\"inLanguage\":\"es\"},{\"@type\":\"Organization\",\"@id\":\"https:\/\/shop.crossfitvaskia.com\/#organization\",\"name\":\"Tienda de CrossFit Vaskia\",\"url\":\"https:\/\/shop.crossfitvaskia.com\/\",\"logo\":{\"@type\":\"ImageObject\",\"inLanguage\":\"es\",\"@id\":\"https:\/\/shop.crossfitvaskia.com\/#\/schema\/logo\/image\/\",\"url\":\"https:\/\/shop.crossfitvaskia.com\/wp-content\/uploads\/sites\/5\/2022\/11\/img-logo-vaskia.png\",\"contentUrl\":\"https:\/\/shop.crossfitvaskia.com\/wp-content\/uploads\/sites\/5\/2022\/11\/img-logo-vaskia.png\",\"width\":657,\"height\":681,\"caption\":\"Tienda de CrossFit Vaskia\"},\"image\":{\"@id\":\"https:\/\/shop.crossfitvaskia.com\/#\/schema\/logo\/image\/\"},\"sameAs\":[\"https:\/\/www.facebook.com\/crossfitvaskia\",\"https:\/\/x.com\/crossfitvaskia\",\"https:\/\/www.instagram.com\/crossfitvaskia\/\",\"https:\/\/www.youtube.com\/c\/CrossfitVaskia\"]}]}<\/script>\n<!-- \/ Yoast SEO plugin. -->","yoast_head_json":{"title":"Sudadera Old Sk\u00f6l | VASKIA - Tienda de CrossFit Vaskia","robots":{"index":"index","follow":"follow","max-snippet":"max-snippet:-1","max-image-preview":"max-image-preview:large","max-video-preview":"max-video-preview:-1"},"canonical":"https:\/\/shop.crossfitvaskia.com\/producto\/sudaderas-2\/","og_locale":"es_ES","og_type":"article","og_title":"Sudadera Old Sk\u00f6l | VASKIA - Tienda de CrossFit Vaskia","og_description":"Edici\u00f3n Especial Old Sk\u00f6l.  Bolsillos canguro con cremallera.  Costura en hombros a 90\u00ba.  Pu\u00f1os el\u00e1sticos de canal\u00e9.  Sudadera amplia con capucha y bolsillo delantero, tipo canguro.  Serigrafiada con tinta especial 2.0 en pecho y espalda.  Lavar m\u00e1ximo a 40\u00ba.  Tacto agradable con la piel.  Color azul marino.  Dise\u00f1ada por Vaskia\u00ae.  UNISEX.","og_url":"https:\/\/shop.crossfitvaskia.com\/producto\/sudaderas-2\/","og_site_name":"Tienda de CrossFit Vaskia","article_publisher":"https:\/\/www.facebook.com\/crossfitvaskia","article_modified_time":"2024-10-14T13:50:08+00:00","og_image":[{"width":1200,"height":1200,"url":"https:\/\/shop.crossfitvaskia.com\/wp-content\/uploads\/sites\/5\/2020\/05\/sudadera-vaskia-old-skol-crossfit-aljarafe.jpg","type":"image\/jpeg"}],"twitter_card":"summary_large_image","twitter_site":"@crossfitvaskia","schema":{"@context":"https:\/\/schema.org","@graph":[{"@type":"WebPage","@id":"https:\/\/shop.crossfitvaskia.com\/producto\/sudaderas-2\/","url":"https:\/\/shop.crossfitvaskia.com\/producto\/sudaderas-2\/","name":"Sudadera Old Sk\u00f6l | VASKIA - Tienda de CrossFit Vaskia","isPartOf":{"@id":"https:\/\/shop.crossfitvaskia.com\/#website"},"primaryImageOfPage":{"@id":"https:\/\/shop.crossfitvaskia.com\/producto\/sudaderas-2\/#primaryimage"},"image":{"@id":"https:\/\/shop.crossfitvaskia.com\/producto\/sudaderas-2\/#primaryimage"},"thumbnailUrl":"https:\/\/shop.crossfitvaskia.com\/wp-content\/uploads\/sites\/5\/2020\/05\/sudadera-vaskia-old-skol-crossfit-aljarafe.jpg","datePublished":"2020-05-01T17:28:04+00:00","dateModified":"2024-10-14T13:50:08+00:00","breadcrumb":{"@id":"https:\/\/shop.crossfitvaskia.com\/producto\/sudaderas-2\/#breadcrumb"},"inLanguage":"es","potentialAction":[{"@type":"ReadAction","target":["https:\/\/shop.crossfitvaskia.com\/producto\/sudaderas-2\/"]}]},{"@type":"ImageObject","inLanguage":"es","@id":"https:\/\/shop.crossfitvaskia.com\/producto\/sudaderas-2\/#primaryimage","url":"https:\/\/shop.crossfitvaskia.com\/wp-content\/uploads\/sites\/5\/2020\/05\/sudadera-vaskia-old-skol-crossfit-aljarafe.jpg","contentUrl":"https:\/\/shop.crossfitvaskia.com\/wp-content\/uploads\/sites\/5\/2020\/05\/sudadera-vaskia-old-skol-crossfit-aljarafe.jpg","width":1200,"height":1200},{"@type":"BreadcrumbList","@id":"https:\/\/shop.crossfitvaskia.com\/producto\/sudaderas-2\/#breadcrumb","itemListElement":[{"@type":"ListItem","position":1,"name":"Portada","item":"https:\/\/shop.crossfitvaskia.com\/"},{"@type":"ListItem","position":2,"name":"TIENDA CROSSFIT","item":"https:\/\/shop.crossfitvaskia.com\/"},{"@type":"ListItem","position":3,"name":"Sudadera Old Sk\u00f6l | VASKIA"}]},{"@type":"WebSite","@id":"https:\/\/shop.crossfitvaskia.com\/#website","url":"https:\/\/shop.crossfitvaskia.com\/","name":"Tienda de CrossFit Vaskia","description":"Accesorios de CrossFit en el Aljarafe.","publisher":{"@id":"https:\/\/shop.crossfitvaskia.com\/#organization"},"potentialAction":[{"@type":"SearchAction","target":{"@type":"EntryPoint","urlTemplate":"https:\/\/shop.crossfitvaskia.com\/?s={search_term_string}"},"query-input":{"@type":"PropertyValueSpecification","valueRequired":true,"valueName":"search_term_string"}}],"inLanguage":"es"},{"@type":"Organization","@id":"https:\/\/shop.crossfitvaskia.com\/#organization","name":"Tienda de CrossFit Vaskia","url":"https:\/\/shop.crossfitvaskia.com\/","logo":{"@type":"ImageObject","inLanguage":"es","@id":"https:\/\/shop.crossfitvaskia.com\/#\/schema\/logo\/image\/","url":"https:\/\/shop.crossfitvaskia.com\/wp-content\/uploads\/sites\/5\/2022\/11\/img-logo-vaskia.png","contentUrl":"https:\/\/shop.crossfitvaskia.com\/wp-content\/uploads\/sites\/5\/2022\/11\/img-logo-vaskia.png","width":657,"height":681,"caption":"Tienda de CrossFit Vaskia"},"image":{"@id":"https:\/\/shop.crossfitvaskia.com\/#\/schema\/logo\/image\/"},"sameAs":["https:\/\/www.facebook.com\/crossfitvaskia","https:\/\/x.com\/crossfitvaskia","https:\/\/www.instagram.com\/crossfitvaskia\/","https:\/\/www.youtube.com\/c\/CrossfitVaskia"]}]}},"jetpack_sharing_enabled":true,"_links":{"self":[{"href":"https:\/\/shop.crossfitvaskia.com\/index.php?rest_route=\/wp\/v2\/product\/1763","targetHints":{"allow":["GET"]}}],"collection":[{"href":"https:\/\/shop.crossfitvaskia.com\/index.php?rest_route=\/wp\/v2\/product"}],"about":[{"href":"https:\/\/shop.crossfitvaskia.com\/index.php?rest_route=\/wp\/v2\/types\/product"}],"replies":[{"embeddable":true,"href":"https:\/\/shop.crossfitvaskia.com\/index.php?rest_route=%2Fwp%2Fv2%2Fcomments&post=1763"}],"wp:featuredmedia":[{"embeddable":true,"href":"https:\/\/shop.crossfitvaskia.com\/index.php?rest_route=\/wp\/v2\/media\/2935"}],"wp:attachment":[{"href":"https:\/\/shop.crossfitvaskia.com\/index.php?rest_route=%2Fwp%2Fv2%2Fmedia&parent=1763"}],"wp:term":[{"taxonomy":"product_brand","embeddable":true,"href":"https:\/\/shop.crossfitvaskia.com\/index.php?rest_route=%2Fwp%2Fv2%2Fproduct_brand&post=1763"},{"taxonomy":"product_cat","embeddable":true,"href":"https:\/\/shop.crossfitvaskia.com\/index.php?rest_route=%2Fwp%2Fv2%2Fproduct_cat&post=1763"},{"taxonomy":"product_tag","embeddable":true,"href":"https:\/\/shop.crossfitvaskia.com\/index.php?rest_route=%2Fwp%2Fv2%2Fproduct_tag&post=1763"}],"curies":[{"name":"wp","href":"https:\/\/api.w.org\/{rel}","templated":true}]}}