{"id":1842,"date":"2020-05-07T16:31:14","date_gmt":"2020-05-07T15:31:14","guid":{"rendered":"https:\/\/shop.crossfitvaskia.com\/?post_type=product&#038;p=1842"},"modified":"2024-10-14T14:19:08","modified_gmt":"2024-10-14T13:19:08","slug":"calcetines-american-socks-2","status":"publish","type":"product","link":"https:\/\/shop.crossfitvaskia.com\/?product=calcetines-american-socks-2","title":{"rendered":"Calcetines CrossFiteros | AMERICAN SOCKS"},"content":{"rendered":"","protected":false},"excerpt":{"rendered":"<ul>\n<li>Medida Mid High\u00a0&#8211;\u00a0Edici\u00f3n Limitada<\/li>\n<li>Dos Tallas\u00a0<strong>S\/M\u00a0<\/strong>[EU 36-41 US 6-8,5]\u00a0<strong>L\/XL\u00a0<\/strong>[EU 42-47 US 9-13]<\/li>\n<li>Tecnolog\u00eda de Control de Humedad, para m\u00e1xima frescura.<\/li>\n<li>55% Coolmax , 13% Algod\u00f3n, 29% Poliamida, 3% Elastano.<\/li>\n<li>Lavado a M\u00e1quina a 30\u00baC\/86\u00baF.<\/li>\n<\/ul>\n","protected":false},"featured_media":0,"comment_status":"closed","ping_status":"closed","template":"","meta":[],"product_brand":[],"product_cat":[32,69],"product_tag":[129,130,132],"class_list":{"0":"post-1842","1":"product","2":"type-product","3":"status-publish","5":"product_cat-accesorios-crossfit-crosstraing","6":"product_cat-calcetines-crossfit","7":"product_tag-calcetines","8":"product_tag-calcetines-crossfit","9":"product_tag-socks","10":"product_shipping_class-recogida-en-tienda","12":"first","13":"instock","14":"sale","15":"shipping-taxable","16":"purchasable","17":"product-type-variable"},"yoast_head":"<!-- This site is optimized with the Yoast SEO plugin v25.3 - https:\/\/yoast.com\/wordpress\/plugins\/seo\/ -->\n<title>Calcetines CrossFiteros | AMERICAN SOCKS - Tienda de CrossFit Vaskia<\/title>\n<meta name=\"description\" content=\"Calcetines crossfiteros Mid High - A medio camino de tu espinilla.Dos tallas para un ajuste perfecto.Dise\u00f1ado para Acci\u00f3n y Comodidad.Tecnolog\u00eda de evaporaci\u00f3n de humedad para mantener tus pies frescos y secos.67% Coolmax\u00ae, 17% Poliamida, 10% Algod\u00f3n, 5% Elastano.Lavar a m\u00e1quina a 30\u00baC\/86\u00baF. No secar en secadora, no blanquear ni planchar.\" \/>\n<meta name=\"robots\" content=\"index, follow, max-snippet:-1, max-image-preview:large, max-video-preview:-1\" \/>\n<link rel=\"canonical\" href=\"https:\/\/shop.crossfitvaskia.com\/?product=calcetines-american-socks-2\" \/>\n<meta property=\"og:locale\" content=\"es_ES\" \/>\n<meta property=\"og:type\" content=\"article\" \/>\n<meta property=\"og:title\" content=\"Calcetines CrossFiteros | AMERICAN SOCKS - Tienda de CrossFit Vaskia\" \/>\n<meta property=\"og:description\" content=\"Calcetines crossfiteros Mid High - A medio camino de tu espinilla.Dos tallas para un ajuste perfecto.Dise\u00f1ado para Acci\u00f3n y Comodidad.Tecnolog\u00eda de evaporaci\u00f3n de humedad para mantener tus pies frescos y secos.67% Coolmax\u00ae, 17% Poliamida, 10% Algod\u00f3n, 5% Elastano.Lavar a m\u00e1quina a 30\u00baC\/86\u00baF. No secar en secadora, no blanquear ni planchar.\" \/>\n<meta property=\"og:url\" content=\"https:\/\/shop.crossfitvaskia.com\/?product=calcetines-american-socks-2\" \/>\n<meta property=\"og:site_name\" content=\"Tienda de CrossFit Vaskia\" \/>\n<meta property=\"article:publisher\" content=\"https:\/\/www.facebook.com\/crossfitvaskia\" \/>\n<meta property=\"article:modified_time\" content=\"2024-10-14T13:19:08+00:00\" \/>\n<meta property=\"og:image\" content=\"https:\/\/shop.crossfitvaskia.com\/wp-content\/uploads\/sites\/5\/2020\/05\/calcetines-american-socks-crossfit-wall.jpg\" \/>\n\t<meta property=\"og:image:width\" content=\"842\" \/>\n\t<meta property=\"og:image:height\" content=\"795\" \/>\n\t<meta property=\"og:image:type\" content=\"image\/jpeg\" \/>\n<meta name=\"twitter:card\" content=\"summary_large_image\" \/>\n<meta name=\"twitter:site\" content=\"@crossfitvaskia\" \/>\n<script type=\"application\/ld+json\" class=\"yoast-schema-graph\">{\"@context\":\"https:\/\/schema.org\",\"@graph\":[{\"@type\":\"WebPage\",\"@id\":\"https:\/\/shop.crossfitvaskia.com\/?product=calcetines-american-socks-2\",\"url\":\"https:\/\/shop.crossfitvaskia.com\/?product=calcetines-american-socks-2\",\"name\":\"Calcetines CrossFiteros | AMERICAN SOCKS - Tienda de CrossFit Vaskia\",\"isPartOf\":{\"@id\":\"https:\/\/shop.crossfitvaskia.com\/#website\"},\"datePublished\":\"2020-05-07T15:31:14+00:00\",\"dateModified\":\"2024-10-14T13:19:08+00:00\",\"description\":\"Calcetines crossfiteros Mid High - A medio camino de tu espinilla.Dos tallas para un ajuste perfecto.Dise\u00f1ado para Acci\u00f3n y Comodidad.Tecnolog\u00eda de evaporaci\u00f3n de humedad para mantener tus pies frescos y secos.67% Coolmax\u00ae, 17% Poliamida, 10% Algod\u00f3n, 5% Elastano.Lavar a m\u00e1quina a 30\u00baC\/86\u00baF. No secar en secadora, no blanquear ni planchar.\",\"breadcrumb\":{\"@id\":\"https:\/\/shop.crossfitvaskia.com\/?product=calcetines-american-socks-2#breadcrumb\"},\"inLanguage\":\"es\",\"potentialAction\":[{\"@type\":\"ReadAction\",\"target\":[\"https:\/\/shop.crossfitvaskia.com\/?product=calcetines-american-socks-2\"]}]},{\"@type\":\"BreadcrumbList\",\"@id\":\"https:\/\/shop.crossfitvaskia.com\/?product=calcetines-american-socks-2#breadcrumb\",\"itemListElement\":[{\"@type\":\"ListItem\",\"position\":1,\"name\":\"Portada\",\"item\":\"https:\/\/shop.crossfitvaskia.com\/\"},{\"@type\":\"ListItem\",\"position\":2,\"name\":\"TIENDA CROSSFIT\",\"item\":\"https:\/\/shop.crossfitvaskia.com\/\"},{\"@type\":\"ListItem\",\"position\":3,\"name\":\"Calcetines CrossFiteros | AMERICAN SOCKS\"}]},{\"@type\":\"WebSite\",\"@id\":\"https:\/\/shop.crossfitvaskia.com\/#website\",\"url\":\"https:\/\/shop.crossfitvaskia.com\/\",\"name\":\"Tienda de CrossFit Vaskia\",\"description\":\"Accesorios de CrossFit en el Aljarafe.\",\"publisher\":{\"@id\":\"https:\/\/shop.crossfitvaskia.com\/#organization\"},\"potentialAction\":[{\"@type\":\"SearchAction\",\"target\":{\"@type\":\"EntryPoint\",\"urlTemplate\":\"https:\/\/shop.crossfitvaskia.com\/?s={search_term_string}\"},\"query-input\":{\"@type\":\"PropertyValueSpecification\",\"valueRequired\":true,\"valueName\":\"search_term_string\"}}],\"inLanguage\":\"es\"},{\"@type\":\"Organization\",\"@id\":\"https:\/\/shop.crossfitvaskia.com\/#organization\",\"name\":\"Tienda de CrossFit Vaskia\",\"url\":\"https:\/\/shop.crossfitvaskia.com\/\",\"logo\":{\"@type\":\"ImageObject\",\"inLanguage\":\"es\",\"@id\":\"https:\/\/shop.crossfitvaskia.com\/#\/schema\/logo\/image\/\",\"url\":\"https:\/\/shop.crossfitvaskia.com\/wp-content\/uploads\/sites\/5\/2022\/11\/img-logo-vaskia.png\",\"contentUrl\":\"https:\/\/shop.crossfitvaskia.com\/wp-content\/uploads\/sites\/5\/2022\/11\/img-logo-vaskia.png\",\"width\":657,\"height\":681,\"caption\":\"Tienda de CrossFit Vaskia\"},\"image\":{\"@id\":\"https:\/\/shop.crossfitvaskia.com\/#\/schema\/logo\/image\/\"},\"sameAs\":[\"https:\/\/www.facebook.com\/crossfitvaskia\",\"https:\/\/x.com\/crossfitvaskia\",\"https:\/\/www.instagram.com\/crossfitvaskia\/\",\"https:\/\/www.youtube.com\/c\/CrossfitVaskia\"]}]}<\/script>\n<!-- \/ Yoast SEO plugin. -->","yoast_head_json":{"title":"Calcetines CrossFiteros | AMERICAN SOCKS - Tienda de CrossFit Vaskia","description":"Calcetines crossfiteros Mid High - A medio camino de tu espinilla.Dos tallas para un ajuste perfecto.Dise\u00f1ado para Acci\u00f3n y Comodidad.Tecnolog\u00eda de evaporaci\u00f3n de humedad para mantener tus pies frescos y secos.67% Coolmax\u00ae, 17% Poliamida, 10% Algod\u00f3n, 5% Elastano.Lavar a m\u00e1quina a 30\u00baC\/86\u00baF. No secar en secadora, no blanquear ni planchar.","robots":{"index":"index","follow":"follow","max-snippet":"max-snippet:-1","max-image-preview":"max-image-preview:large","max-video-preview":"max-video-preview:-1"},"canonical":"https:\/\/shop.crossfitvaskia.com\/?product=calcetines-american-socks-2","og_locale":"es_ES","og_type":"article","og_title":"Calcetines CrossFiteros | AMERICAN SOCKS - Tienda de CrossFit Vaskia","og_description":"Calcetines crossfiteros Mid High - A medio camino de tu espinilla.Dos tallas para un ajuste perfecto.Dise\u00f1ado para Acci\u00f3n y Comodidad.Tecnolog\u00eda de evaporaci\u00f3n de humedad para mantener tus pies frescos y secos.67% Coolmax\u00ae, 17% Poliamida, 10% Algod\u00f3n, 5% Elastano.Lavar a m\u00e1quina a 30\u00baC\/86\u00baF. No secar en secadora, no blanquear ni planchar.","og_url":"https:\/\/shop.crossfitvaskia.com\/?product=calcetines-american-socks-2","og_site_name":"Tienda de CrossFit Vaskia","article_publisher":"https:\/\/www.facebook.com\/crossfitvaskia","article_modified_time":"2024-10-14T13:19:08+00:00","og_image":[{"width":842,"height":795,"url":"https:\/\/shop.crossfitvaskia.com\/wp-content\/uploads\/sites\/5\/2020\/05\/calcetines-american-socks-crossfit-wall.jpg","type":"image\/jpeg"}],"twitter_card":"summary_large_image","twitter_site":"@crossfitvaskia","schema":{"@context":"https:\/\/schema.org","@graph":[{"@type":"WebPage","@id":"https:\/\/shop.crossfitvaskia.com\/?product=calcetines-american-socks-2","url":"https:\/\/shop.crossfitvaskia.com\/?product=calcetines-american-socks-2","name":"Calcetines CrossFiteros | AMERICAN SOCKS - Tienda de CrossFit Vaskia","isPartOf":{"@id":"https:\/\/shop.crossfitvaskia.com\/#website"},"datePublished":"2020-05-07T15:31:14+00:00","dateModified":"2024-10-14T13:19:08+00:00","description":"Calcetines crossfiteros Mid High - A medio camino de tu espinilla.Dos tallas para un ajuste perfecto.Dise\u00f1ado para Acci\u00f3n y Comodidad.Tecnolog\u00eda de evaporaci\u00f3n de humedad para mantener tus pies frescos y secos.67% Coolmax\u00ae, 17% Poliamida, 10% Algod\u00f3n, 5% Elastano.Lavar a m\u00e1quina a 30\u00baC\/86\u00baF. No secar en secadora, no blanquear ni planchar.","breadcrumb":{"@id":"https:\/\/shop.crossfitvaskia.com\/?product=calcetines-american-socks-2#breadcrumb"},"inLanguage":"es","potentialAction":[{"@type":"ReadAction","target":["https:\/\/shop.crossfitvaskia.com\/?product=calcetines-american-socks-2"]}]},{"@type":"BreadcrumbList","@id":"https:\/\/shop.crossfitvaskia.com\/?product=calcetines-american-socks-2#breadcrumb","itemListElement":[{"@type":"ListItem","position":1,"name":"Portada","item":"https:\/\/shop.crossfitvaskia.com\/"},{"@type":"ListItem","position":2,"name":"TIENDA CROSSFIT","item":"https:\/\/shop.crossfitvaskia.com\/"},{"@type":"ListItem","position":3,"name":"Calcetines CrossFiteros | AMERICAN SOCKS"}]},{"@type":"WebSite","@id":"https:\/\/shop.crossfitvaskia.com\/#website","url":"https:\/\/shop.crossfitvaskia.com\/","name":"Tienda de CrossFit Vaskia","description":"Accesorios de CrossFit en el Aljarafe.","publisher":{"@id":"https:\/\/shop.crossfitvaskia.com\/#organization"},"potentialAction":[{"@type":"SearchAction","target":{"@type":"EntryPoint","urlTemplate":"https:\/\/shop.crossfitvaskia.com\/?s={search_term_string}"},"query-input":{"@type":"PropertyValueSpecification","valueRequired":true,"valueName":"search_term_string"}}],"inLanguage":"es"},{"@type":"Organization","@id":"https:\/\/shop.crossfitvaskia.com\/#organization","name":"Tienda de CrossFit Vaskia","url":"https:\/\/shop.crossfitvaskia.com\/","logo":{"@type":"ImageObject","inLanguage":"es","@id":"https:\/\/shop.crossfitvaskia.com\/#\/schema\/logo\/image\/","url":"https:\/\/shop.crossfitvaskia.com\/wp-content\/uploads\/sites\/5\/2022\/11\/img-logo-vaskia.png","contentUrl":"https:\/\/shop.crossfitvaskia.com\/wp-content\/uploads\/sites\/5\/2022\/11\/img-logo-vaskia.png","width":657,"height":681,"caption":"Tienda de CrossFit Vaskia"},"image":{"@id":"https:\/\/shop.crossfitvaskia.com\/#\/schema\/logo\/image\/"},"sameAs":["https:\/\/www.facebook.com\/crossfitvaskia","https:\/\/x.com\/crossfitvaskia","https:\/\/www.instagram.com\/crossfitvaskia\/","https:\/\/www.youtube.com\/c\/CrossfitVaskia"]}]}},"jetpack_sharing_enabled":true,"_links":{"self":[{"href":"https:\/\/shop.crossfitvaskia.com\/index.php?rest_route=\/wp\/v2\/product\/1842","targetHints":{"allow":["GET"]}}],"collection":[{"href":"https:\/\/shop.crossfitvaskia.com\/index.php?rest_route=\/wp\/v2\/product"}],"about":[{"href":"https:\/\/shop.crossfitvaskia.com\/index.php?rest_route=\/wp\/v2\/types\/product"}],"replies":[{"embeddable":true,"href":"https:\/\/shop.crossfitvaskia.com\/index.php?rest_route=%2Fwp%2Fv2%2Fcomments&post=1842"}],"wp:attachment":[{"href":"https:\/\/shop.crossfitvaskia.com\/index.php?rest_route=%2Fwp%2Fv2%2Fmedia&parent=1842"}],"wp:term":[{"taxonomy":"product_brand","embeddable":true,"href":"https:\/\/shop.crossfitvaskia.com\/index.php?rest_route=%2Fwp%2Fv2%2Fproduct_brand&post=1842"},{"taxonomy":"product_cat","embeddable":true,"href":"https:\/\/shop.crossfitvaskia.com\/index.php?rest_route=%2Fwp%2Fv2%2Fproduct_cat&post=1842"},{"taxonomy":"product_tag","embeddable":true,"href":"https:\/\/shop.crossfitvaskia.com\/index.php?rest_route=%2Fwp%2Fv2%2Fproduct_tag&post=1842"}],"curies":[{"name":"wp","href":"https:\/\/api.w.org\/{rel}","templated":true}]}}