{"id":2513,"date":"2021-12-11T09:33:20","date_gmt":"2021-12-11T08:33:20","guid":{"rendered":"https:\/\/shop.crossfitvaskia.com\/?post_type=product&#038;p=2513"},"modified":"2025-11-24T08:48:59","modified_gmt":"2025-11-24T07:48:59","slug":"recambios-comba-velites","status":"publish","type":"product","link":"https:\/\/shop.crossfitvaskia.com\/?product=recambios-comba-velites","title":{"rendered":"Recambio cable comba est\u00e1ndar para comba Fire 2.0 | VELITES"},"content":{"rendered":"<div class=\"centerColAlign\">\n<div class=\"centerColAlign\">\n<div class=\"feature\" data-feature-name=\"featurebullets\" data-cel-widget=\"featurebullets_feature_div\">\n<div id=\"feature-bullets\" class=\"a-section a-spacing-medium a-spacing-top-small\"><b><span data-sheets-userformat=\"{&quot;2&quot;:15107,&quot;3&quot;:{&quot;1&quot;:0},&quot;4&quot;:{&quot;1&quot;:2,&quot;2&quot;:16777215},&quot;11&quot;:4,&quot;12&quot;:0,&quot;14&quot;:{&quot;1&quot;:2,&quot;2&quot;:1908513},&quot;15&quot;:&quot;Roboto&quot;,&quot;16&quot;:10}\" data-sheets-value=\"{&quot;1&quot;:2,&quot;2&quot;:&quot;EL MEJOR CABLE DE COMPETICI\u00d3N - El cable de competici\u00f3n de 1,8 mm de VELITES est\u00e1 especialmente dise\u00f1ado para atletas funcional y competiciones. Junto con la comba de funcional Fire 2.0 conseguir\u00e1s batir tus marcas en las competiciones. Tambi\u00e9n es perfecto para realizar saltos triples.&quot;}\">EL MEJOR CABLE DE COMBA<\/span><\/b> &#8211; El cable de recambio cable comba est\u00e1ndar para comba Fire 2.0 de VELITES est\u00e1 especialmente dise\u00f1ado para atletas funcional y competiciones. Junto con la comba de funcional Fire 2.0 conseguir\u00e1s batir tus marcas en las competiciones. Tambi\u00e9n es perfecto para realizar saltos triples.<b><br \/>\n<\/b><\/div>\n<\/div>\n<div>-Cable Est\u00e1ndar 2 mm para Comba Fire 2.0 &#8211; Amarillo<\/div>\n<div>-Cable Est\u00e1ndar 2 mm para Comba Fire 2.0 &#8211; Blanco<\/div>\n<div>-Cable Entrenamiento 2,5 mm para Comba Fire 2.0 &#8211; Rojo<\/div>\n<div>-Cable Competici\u00f3n 1,8 mm para Comba Fire 2.0 &#8211; Plateado<\/div>\n<div><\/div>\n<div class=\"feature\" data-feature-name=\"featurebullets\" data-cel-widget=\"featurebullets_feature_div\">\n<div class=\"a-section a-spacing-medium a-spacing-top-small\"><\/div>\n<\/div>\n<\/div>\n<\/div>\n<div class=\"centerColAlign\">\n<div class=\"centerColAlign\">\n<div class=\"feature\" data-feature-name=\"featurebullets\" data-cel-widget=\"featurebullets_feature_div\">\n<div class=\"a-section a-spacing-medium a-spacing-top-small\"><span data-sheets-userformat=\"{&quot;2&quot;:15107,&quot;3&quot;:{&quot;1&quot;:0},&quot;4&quot;:{&quot;1&quot;:2,&quot;2&quot;:16777215},&quot;11&quot;:4,&quot;12&quot;:0,&quot;14&quot;:{&quot;1&quot;:2,&quot;2&quot;:1908513},&quot;15&quot;:&quot;Roboto&quot;,&quot;16&quot;:10}\" data-sheets-value=\"{&quot;1&quot;:2,&quot;2&quot;:&quot;DURABILIDAD Y VELOCIDAD - En VELITES calificamos este cable con una durabilidad baja y una velocidad muy alta. Aconsejamos su uso en superficies no abrasivas. Este cable de competici\u00f3n es especialmente sensible en superficies abrasivas.&quot;}\"><strong>DURABILIDAD Y VELOCIDAD<\/strong>\u00a0&#8211; En VELITES calificamos este cable con una durabilidad baja y una velocidad muy alta. Aconsejamos su uso en superficies no abrasivas. Este cable de competici\u00f3n es especialmente sensible en superficies abrasivas.<\/span><\/div>\n<div class=\"a-section a-spacing-medium a-spacing-top-small\"><span data-sheets-userformat=\"{&quot;2&quot;:15107,&quot;3&quot;:{&quot;1&quot;:0},&quot;4&quot;:{&quot;1&quot;:2,&quot;2&quot;:16777215},&quot;11&quot;:4,&quot;12&quot;:0,&quot;14&quot;:{&quot;1&quot;:2,&quot;2&quot;:1908513},&quot;15&quot;:&quot;Roboto&quot;,&quot;16&quot;:10}\" data-sheets-value=\"{&quot;1&quot;:2,&quot;2&quot;:&quot;DURABILIDAD Y VELOCIDAD - En VELITES calificamos este cable con una durabilidad baja y una velocidad muy alta. Aconsejamos su uso en superficies no abrasivas. Este cable de competici\u00f3n es especialmente sensible en superficies abrasivas.&quot;}\">\u00a0<\/span><\/div>\n<div class=\"a-section a-spacing-medium a-spacing-top-small\"><\/div>\n<\/div>\n<\/div>\n<\/div>\n<div class=\"centerColAlign\">\n<div class=\"centerColAlign\">\n<div id=\"featurebullets_feature_div\" class=\"feature\" data-feature-name=\"featurebullets\" data-cel-widget=\"featurebullets_feature_div\">\n<div class=\"a-section a-spacing-medium a-spacing-top-small\"><span data-sheets-userformat=\"{&quot;2&quot;:15107,&quot;3&quot;:{&quot;1&quot;:0},&quot;4&quot;:{&quot;1&quot;:2,&quot;2&quot;:16777215},&quot;11&quot;:4,&quot;12&quot;:0,&quot;14&quot;:{&quot;1&quot;:2,&quot;2&quot;:1908513},&quot;15&quot;:&quot;Roboto&quot;,&quot;16&quot;:10}\" data-sheets-value=\"{&quot;1&quot;:2,&quot;2&quot;:&quot;DURABILIDAD Y VELOCIDAD - En VELITES calificamos este cable con una durabilidad baja y una velocidad muy alta. Aconsejamos su uso en superficies no abrasivas. Este cable de competici\u00f3n es especialmente sensible en superficies abrasivas.&quot;}\"><strong>PARA TODO TIPO DE ESTATURAS<\/strong>\u00a0&#8211; El cable tiene una longitud total de 3,5 metros. Es compatible por tanto para todo tipo de personas y estaturas, incluido personas de m\u00e1s de 2 metros de altura. Tan solo necesitar\u00e1s unas tenazas para ajustar y cortar correctamente.<\/span><\/div>\n<\/div>\n<div id=\"addOnItem_feature_div\" class=\"feature\" data-feature-name=\"addOnItem\" data-cel-widget=\"addOnItem_feature_div\"><\/div>\n<div class=\"feature\" data-feature-name=\"andonCord\" data-cel-widget=\"andonCord_feature_div\"><\/div>\n<\/div>\n<\/div>\n<div class=\"centerColAlign\">\n<div class=\"centerColAlign\">\n<div id=\"andonCord_feature_div\" class=\"feature\" data-feature-name=\"andonCord\" data-cel-widget=\"andonCord_feature_div\"><span data-sheets-userformat=\"{&quot;2&quot;:15107,&quot;3&quot;:{&quot;1&quot;:0},&quot;4&quot;:{&quot;1&quot;:2,&quot;2&quot;:16777215},&quot;11&quot;:4,&quot;12&quot;:0,&quot;14&quot;:{&quot;1&quot;:2,&quot;2&quot;:1908513},&quot;15&quot;:&quot;Roboto&quot;,&quot;16&quot;:10}\" data-sheets-value=\"{&quot;1&quot;:2,&quot;2&quot;:&quot;ACCESORIOS DE SEGURIDAD - El cable incorpora varios accesorios para mayor seguridad durante el salto. Los tapones de pl\u00e1stico evitan posibles lesiones con el cable de acero y los topes de seguridad evitan que el cable se deslice de la comba por accidente.&quot;}\"><strong>ACCESORIOS DE SEGURIDAD<\/strong>\u00a0&#8211; El cable incorpora varios accesorios para mayor seguridad durante el salto. Los tapones de pl\u00e1stico evitan posibles lesiones con el cable de acero y los topes de seguridad evitan que el cable se deslice de la comba por accidente.<\/span><\/div>\n<\/div>\n<div data-feature-name=\"andonCord\" data-cel-widget=\"andonCord_feature_div\"><\/div>\n<\/div>\n","protected":false},"excerpt":{"rendered":"<div class=\"centerColAlign\">\n<div class=\"centerColAlign\">\n<div class=\"feature\" data-feature-name=\"featurebullets\" data-cel-widget=\"featurebullets_feature_div\">\n<div id=\"feature-bullets\" class=\"a-section a-spacing-medium a-spacing-top-small\"><b><span data-sheets-userformat=\"{&quot;2&quot;:15107,&quot;3&quot;:{&quot;1&quot;:0},&quot;4&quot;:{&quot;1&quot;:2,&quot;2&quot;:16777215},&quot;11&quot;:4,&quot;12&quot;:0,&quot;14&quot;:{&quot;1&quot;:2,&quot;2&quot;:1908513},&quot;15&quot;:&quot;Roboto&quot;,&quot;16&quot;:10}\" data-sheets-value=\"{&quot;1&quot;:2,&quot;2&quot;:&quot;EL MEJOR CABLE DE COMPETICI\u00d3N - El cable de competici\u00f3n de 1,8 mm de VELITES est\u00e1 especialmente dise\u00f1ado para atletas funcional y competiciones. Junto con la comba de funcional Fire 2.0 conseguir\u00e1s batir tus marcas en las competiciones. Tambi\u00e9n es perfecto para realizar saltos triples.&quot;}\">EL MEJOR CABLE DE COMPETICI\u00d3N<\/span><\/b>\u00a0&#8211; El cable de competici\u00f3n de 1,8 mm de VELITES est\u00e1 especialmente dise\u00f1ado para atletas funcional y competiciones. Junto con la comba de funcional Fire 2.0 conseguir\u00e1s batir tus marcas en las competiciones. Tambi\u00e9n es perfecto para realizar saltos triples.<b><br \/>\n<\/b><\/div>\n<div class=\"a-section a-spacing-medium a-spacing-top-small\"><\/div>\n<\/div>\n<\/div>\n<\/div>\n<div class=\"centerColAlign\">\n<div class=\"centerColAlign\">\n<div class=\"feature\" data-feature-name=\"featurebullets\" data-cel-widget=\"featurebullets_feature_div\">\n<div class=\"a-section a-spacing-medium a-spacing-top-small\"><span data-sheets-userformat=\"{&quot;2&quot;:15107,&quot;3&quot;:{&quot;1&quot;:0},&quot;4&quot;:{&quot;1&quot;:2,&quot;2&quot;:16777215},&quot;11&quot;:4,&quot;12&quot;:0,&quot;14&quot;:{&quot;1&quot;:2,&quot;2&quot;:1908513},&quot;15&quot;:&quot;Roboto&quot;,&quot;16&quot;:10}\" data-sheets-value=\"{&quot;1&quot;:2,&quot;2&quot;:&quot;DURABILIDAD Y VELOCIDAD - En VELITES calificamos este cable con una durabilidad baja y una velocidad muy alta. Aconsejamos su uso en superficies no abrasivas. Este cable de competici\u00f3n es especialmente sensible en superficies abrasivas.&quot;}\"><strong>DURABILIDAD Y VELOCIDAD<\/strong> &#8211; En VELITES calificamos este cable con una durabilidad baja y una velocidad muy alta. Aconsejamos su uso en superficies no abrasivas. Este cable de competici\u00f3n es especialmente sensible en superficies abrasivas.\u00a0<\/span><\/div>\n<\/div>\n<\/div>\n<\/div>\n<div class=\"centerColAlign\">\n<div class=\"centerColAlign\">\n<div id=\"andonCord_feature_div\" class=\"feature\" data-feature-name=\"andonCord\" data-cel-widget=\"andonCord_feature_div\"><\/div>\n<div class=\"feature\" data-feature-name=\"andonCord\" data-cel-widget=\"andonCord_feature_div\"><span data-sheets-userformat=\"{&quot;2&quot;:15107,&quot;3&quot;:{&quot;1&quot;:0},&quot;4&quot;:{&quot;1&quot;:2,&quot;2&quot;:16777215},&quot;11&quot;:4,&quot;12&quot;:0,&quot;14&quot;:{&quot;1&quot;:2,&quot;2&quot;:1908513},&quot;15&quot;:&quot;Roboto&quot;,&quot;16&quot;:10}\" data-sheets-value=\"{&quot;1&quot;:2,&quot;2&quot;:&quot;ACCESORIOS DE SEGURIDAD - El cable incorpora varios accesorios para mayor seguridad durante el salto. Los tapones de pl\u00e1stico evitan posibles lesiones con el cable de acero y los topes de seguridad evitan que el cable se deslice de la comba por accidente.&quot;}\">\u00a0<\/span><\/div>\n<\/div>\n<\/div>\n<p>.<\/p>\n","protected":false},"featured_media":3490,"comment_status":"open","ping_status":"closed","template":"","meta":[],"product_brand":[],"product_cat":[32,62],"product_tag":[126,127,234,248,128],"class_list":{"0":"post-2513","1":"product","2":"type-product","3":"status-publish","4":"has-post-thumbnail","6":"product_cat-accesorios-crossfit-crosstraing","7":"product_cat-combas","8":"product_tag-comba","9":"product_tag-comba-rapida","10":"product_tag-cuerda-comba","11":"product_tag-dobles-de-comba","12":"product_tag-recambio-comba","13":"product_shipping_class-recogida-en-tienda","15":"first","16":"instock","17":"featured","18":"shipping-taxable","19":"purchasable","20":"product-type-variable"},"yoast_head":"<!-- This site is optimized with the Yoast SEO plugin v25.3 - https:\/\/yoast.com\/wordpress\/plugins\/seo\/ -->\n<title>Recambio cable comba est\u00e1ndar para comba Fire 2.0 | VELITES - Tienda de CrossFit Vaskia<\/title>\n<meta name=\"robots\" content=\"index, follow, max-snippet:-1, max-image-preview:large, max-video-preview:-1\" \/>\n<link rel=\"canonical\" href=\"https:\/\/shop.crossfitvaskia.com\/?product=recambios-comba-velites\" \/>\n<meta property=\"og:locale\" content=\"es_ES\" \/>\n<meta property=\"og:type\" content=\"article\" \/>\n<meta property=\"og:title\" content=\"Recambio cable comba est\u00e1ndar para comba Fire 2.0 | VELITES - Tienda de CrossFit Vaskia\" \/>\n<meta property=\"og:description\" content=\"EL MEJOR CABLE DE COMPETICI\u00d3N\u00a0- El cable de competici\u00f3n de 1,8 mm de VELITES est\u00e1 especialmente dise\u00f1ado para atletas funcional y competiciones. Junto con la comba de funcional Fire 2.0 conseguir\u00e1s batir tus marcas en las competiciones. Tambi\u00e9n es perfecto para realizar saltos triples.         DURABILIDAD Y VELOCIDAD - En VELITES calificamos este cable con una durabilidad baja y una velocidad muy alta. Aconsejamos su uso en superficies no abrasivas. Este cable de competici\u00f3n es especialmente sensible en superficies abrasivas.\u00a0       \u00a0   .\" \/>\n<meta property=\"og:url\" content=\"https:\/\/shop.crossfitvaskia.com\/?product=recambios-comba-velites\" \/>\n<meta property=\"og:site_name\" content=\"Tienda de CrossFit Vaskia\" \/>\n<meta property=\"article:publisher\" content=\"https:\/\/www.facebook.com\/crossfitvaskia\" \/>\n<meta property=\"article:modified_time\" content=\"2025-11-24T07:48:59+00:00\" \/>\n<meta property=\"og:image\" content=\"https:\/\/shop.crossfitvaskia.com\/wp-content\/uploads\/sites\/5\/2021\/12\/RECAMBIO-CABLE-COMBA-VELITES.png\" \/>\n\t<meta property=\"og:image:width\" content=\"1140\" \/>\n\t<meta property=\"og:image:height\" content=\"1124\" \/>\n\t<meta property=\"og:image:type\" content=\"image\/png\" \/>\n<meta name=\"twitter:card\" content=\"summary_large_image\" \/>\n<meta name=\"twitter:site\" content=\"@crossfitvaskia\" \/>\n<script type=\"application\/ld+json\" class=\"yoast-schema-graph\">{\"@context\":\"https:\/\/schema.org\",\"@graph\":[{\"@type\":\"WebPage\",\"@id\":\"https:\/\/shop.crossfitvaskia.com\/?product=recambios-comba-velites\",\"url\":\"https:\/\/shop.crossfitvaskia.com\/?product=recambios-comba-velites\",\"name\":\"Recambio cable comba est\u00e1ndar para comba Fire 2.0 | VELITES - Tienda de CrossFit Vaskia\",\"isPartOf\":{\"@id\":\"https:\/\/shop.crossfitvaskia.com\/#website\"},\"primaryImageOfPage\":{\"@id\":\"https:\/\/shop.crossfitvaskia.com\/?product=recambios-comba-velites#primaryimage\"},\"image\":{\"@id\":\"https:\/\/shop.crossfitvaskia.com\/?product=recambios-comba-velites#primaryimage\"},\"thumbnailUrl\":\"https:\/\/shop.crossfitvaskia.com\/wp-content\/uploads\/sites\/5\/2021\/12\/RECAMBIO-CABLE-COMBA-VELITES.png\",\"datePublished\":\"2021-12-11T08:33:20+00:00\",\"dateModified\":\"2025-11-24T07:48:59+00:00\",\"breadcrumb\":{\"@id\":\"https:\/\/shop.crossfitvaskia.com\/?product=recambios-comba-velites#breadcrumb\"},\"inLanguage\":\"es\",\"potentialAction\":[{\"@type\":\"ReadAction\",\"target\":[\"https:\/\/shop.crossfitvaskia.com\/?product=recambios-comba-velites\"]}]},{\"@type\":\"ImageObject\",\"inLanguage\":\"es\",\"@id\":\"https:\/\/shop.crossfitvaskia.com\/?product=recambios-comba-velites#primaryimage\",\"url\":\"https:\/\/shop.crossfitvaskia.com\/wp-content\/uploads\/sites\/5\/2021\/12\/RECAMBIO-CABLE-COMBA-VELITES.png\",\"contentUrl\":\"https:\/\/shop.crossfitvaskia.com\/wp-content\/uploads\/sites\/5\/2021\/12\/RECAMBIO-CABLE-COMBA-VELITES.png\",\"width\":1140,\"height\":1124},{\"@type\":\"BreadcrumbList\",\"@id\":\"https:\/\/shop.crossfitvaskia.com\/?product=recambios-comba-velites#breadcrumb\",\"itemListElement\":[{\"@type\":\"ListItem\",\"position\":1,\"name\":\"Portada\",\"item\":\"https:\/\/shop.crossfitvaskia.com\/\"},{\"@type\":\"ListItem\",\"position\":2,\"name\":\"TIENDA CROSSFIT\",\"item\":\"https:\/\/shop.crossfitvaskia.com\/\"},{\"@type\":\"ListItem\",\"position\":3,\"name\":\"Recambio cable comba est\u00e1ndar para comba Fire 2.0 | VELITES\"}]},{\"@type\":\"WebSite\",\"@id\":\"https:\/\/shop.crossfitvaskia.com\/#website\",\"url\":\"https:\/\/shop.crossfitvaskia.com\/\",\"name\":\"Tienda de CrossFit Vaskia\",\"description\":\"Accesorios de CrossFit en el Aljarafe.\",\"publisher\":{\"@id\":\"https:\/\/shop.crossfitvaskia.com\/#organization\"},\"potentialAction\":[{\"@type\":\"SearchAction\",\"target\":{\"@type\":\"EntryPoint\",\"urlTemplate\":\"https:\/\/shop.crossfitvaskia.com\/?s={search_term_string}\"},\"query-input\":{\"@type\":\"PropertyValueSpecification\",\"valueRequired\":true,\"valueName\":\"search_term_string\"}}],\"inLanguage\":\"es\"},{\"@type\":\"Organization\",\"@id\":\"https:\/\/shop.crossfitvaskia.com\/#organization\",\"name\":\"Tienda de CrossFit Vaskia\",\"url\":\"https:\/\/shop.crossfitvaskia.com\/\",\"logo\":{\"@type\":\"ImageObject\",\"inLanguage\":\"es\",\"@id\":\"https:\/\/shop.crossfitvaskia.com\/#\/schema\/logo\/image\/\",\"url\":\"https:\/\/shop.crossfitvaskia.com\/wp-content\/uploads\/sites\/5\/2022\/11\/img-logo-vaskia.png\",\"contentUrl\":\"https:\/\/shop.crossfitvaskia.com\/wp-content\/uploads\/sites\/5\/2022\/11\/img-logo-vaskia.png\",\"width\":657,\"height\":681,\"caption\":\"Tienda de CrossFit Vaskia\"},\"image\":{\"@id\":\"https:\/\/shop.crossfitvaskia.com\/#\/schema\/logo\/image\/\"},\"sameAs\":[\"https:\/\/www.facebook.com\/crossfitvaskia\",\"https:\/\/x.com\/crossfitvaskia\",\"https:\/\/www.instagram.com\/crossfitvaskia\/\",\"https:\/\/www.youtube.com\/c\/CrossfitVaskia\"]}]}<\/script>\n<!-- \/ Yoast SEO plugin. -->","yoast_head_json":{"title":"Recambio cable comba est\u00e1ndar para comba Fire 2.0 | VELITES - Tienda de CrossFit Vaskia","robots":{"index":"index","follow":"follow","max-snippet":"max-snippet:-1","max-image-preview":"max-image-preview:large","max-video-preview":"max-video-preview:-1"},"canonical":"https:\/\/shop.crossfitvaskia.com\/?product=recambios-comba-velites","og_locale":"es_ES","og_type":"article","og_title":"Recambio cable comba est\u00e1ndar para comba Fire 2.0 | VELITES - Tienda de CrossFit Vaskia","og_description":"EL MEJOR CABLE DE COMPETICI\u00d3N\u00a0- El cable de competici\u00f3n de 1,8 mm de VELITES est\u00e1 especialmente dise\u00f1ado para atletas funcional y competiciones. Junto con la comba de funcional Fire 2.0 conseguir\u00e1s batir tus marcas en las competiciones. Tambi\u00e9n es perfecto para realizar saltos triples.         DURABILIDAD Y VELOCIDAD - En VELITES calificamos este cable con una durabilidad baja y una velocidad muy alta. Aconsejamos su uso en superficies no abrasivas. Este cable de competici\u00f3n es especialmente sensible en superficies abrasivas.\u00a0       \u00a0   .","og_url":"https:\/\/shop.crossfitvaskia.com\/?product=recambios-comba-velites","og_site_name":"Tienda de CrossFit Vaskia","article_publisher":"https:\/\/www.facebook.com\/crossfitvaskia","article_modified_time":"2025-11-24T07:48:59+00:00","og_image":[{"width":1140,"height":1124,"url":"https:\/\/shop.crossfitvaskia.com\/wp-content\/uploads\/sites\/5\/2021\/12\/RECAMBIO-CABLE-COMBA-VELITES.png","type":"image\/png"}],"twitter_card":"summary_large_image","twitter_site":"@crossfitvaskia","schema":{"@context":"https:\/\/schema.org","@graph":[{"@type":"WebPage","@id":"https:\/\/shop.crossfitvaskia.com\/?product=recambios-comba-velites","url":"https:\/\/shop.crossfitvaskia.com\/?product=recambios-comba-velites","name":"Recambio cable comba est\u00e1ndar para comba Fire 2.0 | VELITES - Tienda de CrossFit Vaskia","isPartOf":{"@id":"https:\/\/shop.crossfitvaskia.com\/#website"},"primaryImageOfPage":{"@id":"https:\/\/shop.crossfitvaskia.com\/?product=recambios-comba-velites#primaryimage"},"image":{"@id":"https:\/\/shop.crossfitvaskia.com\/?product=recambios-comba-velites#primaryimage"},"thumbnailUrl":"https:\/\/shop.crossfitvaskia.com\/wp-content\/uploads\/sites\/5\/2021\/12\/RECAMBIO-CABLE-COMBA-VELITES.png","datePublished":"2021-12-11T08:33:20+00:00","dateModified":"2025-11-24T07:48:59+00:00","breadcrumb":{"@id":"https:\/\/shop.crossfitvaskia.com\/?product=recambios-comba-velites#breadcrumb"},"inLanguage":"es","potentialAction":[{"@type":"ReadAction","target":["https:\/\/shop.crossfitvaskia.com\/?product=recambios-comba-velites"]}]},{"@type":"ImageObject","inLanguage":"es","@id":"https:\/\/shop.crossfitvaskia.com\/?product=recambios-comba-velites#primaryimage","url":"https:\/\/shop.crossfitvaskia.com\/wp-content\/uploads\/sites\/5\/2021\/12\/RECAMBIO-CABLE-COMBA-VELITES.png","contentUrl":"https:\/\/shop.crossfitvaskia.com\/wp-content\/uploads\/sites\/5\/2021\/12\/RECAMBIO-CABLE-COMBA-VELITES.png","width":1140,"height":1124},{"@type":"BreadcrumbList","@id":"https:\/\/shop.crossfitvaskia.com\/?product=recambios-comba-velites#breadcrumb","itemListElement":[{"@type":"ListItem","position":1,"name":"Portada","item":"https:\/\/shop.crossfitvaskia.com\/"},{"@type":"ListItem","position":2,"name":"TIENDA CROSSFIT","item":"https:\/\/shop.crossfitvaskia.com\/"},{"@type":"ListItem","position":3,"name":"Recambio cable comba est\u00e1ndar para comba Fire 2.0 | VELITES"}]},{"@type":"WebSite","@id":"https:\/\/shop.crossfitvaskia.com\/#website","url":"https:\/\/shop.crossfitvaskia.com\/","name":"Tienda de CrossFit Vaskia","description":"Accesorios de CrossFit en el Aljarafe.","publisher":{"@id":"https:\/\/shop.crossfitvaskia.com\/#organization"},"potentialAction":[{"@type":"SearchAction","target":{"@type":"EntryPoint","urlTemplate":"https:\/\/shop.crossfitvaskia.com\/?s={search_term_string}"},"query-input":{"@type":"PropertyValueSpecification","valueRequired":true,"valueName":"search_term_string"}}],"inLanguage":"es"},{"@type":"Organization","@id":"https:\/\/shop.crossfitvaskia.com\/#organization","name":"Tienda de CrossFit Vaskia","url":"https:\/\/shop.crossfitvaskia.com\/","logo":{"@type":"ImageObject","inLanguage":"es","@id":"https:\/\/shop.crossfitvaskia.com\/#\/schema\/logo\/image\/","url":"https:\/\/shop.crossfitvaskia.com\/wp-content\/uploads\/sites\/5\/2022\/11\/img-logo-vaskia.png","contentUrl":"https:\/\/shop.crossfitvaskia.com\/wp-content\/uploads\/sites\/5\/2022\/11\/img-logo-vaskia.png","width":657,"height":681,"caption":"Tienda de CrossFit Vaskia"},"image":{"@id":"https:\/\/shop.crossfitvaskia.com\/#\/schema\/logo\/image\/"},"sameAs":["https:\/\/www.facebook.com\/crossfitvaskia","https:\/\/x.com\/crossfitvaskia","https:\/\/www.instagram.com\/crossfitvaskia\/","https:\/\/www.youtube.com\/c\/CrossfitVaskia"]}]}},"jetpack_sharing_enabled":true,"_links":{"self":[{"href":"https:\/\/shop.crossfitvaskia.com\/index.php?rest_route=\/wp\/v2\/product\/2513","targetHints":{"allow":["GET"]}}],"collection":[{"href":"https:\/\/shop.crossfitvaskia.com\/index.php?rest_route=\/wp\/v2\/product"}],"about":[{"href":"https:\/\/shop.crossfitvaskia.com\/index.php?rest_route=\/wp\/v2\/types\/product"}],"replies":[{"embeddable":true,"href":"https:\/\/shop.crossfitvaskia.com\/index.php?rest_route=%2Fwp%2Fv2%2Fcomments&post=2513"}],"wp:featuredmedia":[{"embeddable":true,"href":"https:\/\/shop.crossfitvaskia.com\/index.php?rest_route=\/wp\/v2\/media\/3490"}],"wp:attachment":[{"href":"https:\/\/shop.crossfitvaskia.com\/index.php?rest_route=%2Fwp%2Fv2%2Fmedia&parent=2513"}],"wp:term":[{"taxonomy":"product_brand","embeddable":true,"href":"https:\/\/shop.crossfitvaskia.com\/index.php?rest_route=%2Fwp%2Fv2%2Fproduct_brand&post=2513"},{"taxonomy":"product_cat","embeddable":true,"href":"https:\/\/shop.crossfitvaskia.com\/index.php?rest_route=%2Fwp%2Fv2%2Fproduct_cat&post=2513"},{"taxonomy":"product_tag","embeddable":true,"href":"https:\/\/shop.crossfitvaskia.com\/index.php?rest_route=%2Fwp%2Fv2%2Fproduct_tag&post=2513"}],"curies":[{"name":"wp","href":"https:\/\/api.w.org\/{rel}","templated":true}]}}