{"id":2563,"date":"2022-01-04T20:11:35","date_gmt":"2022-01-04T19:11:35","guid":{"rendered":"https:\/\/shop.crossfitvaskia.com\/?post_type=product&#038;p=2563"},"modified":"2026-03-31T17:18:23","modified_gmt":"2026-03-31T16:18:23","slug":"comba-fire-2-0-velites","status":"publish","type":"product","link":"https:\/\/shop.crossfitvaskia.com\/?product=comba-fire-2-0-velites","title":{"rendered":"Comba Fire 2.0 | VELITES"},"content":{"rendered":"","protected":false},"excerpt":{"rendered":"<p><strong>ULTRALIGERAS, PARA QUE VUELES<\/strong>\u00a0&#8211; Compru\u00e9balo, son las combas\u00a0de competici\u00f3n m\u00e1s ligeras jam\u00e1s construidas en aluminio.<\/p>\n<p><span data-sheets-userformat=\"{&quot;2&quot;:15107,&quot;3&quot;:{&quot;1&quot;:0},&quot;4&quot;:{&quot;1&quot;:2,&quot;2&quot;:16777215},&quot;11&quot;:4,&quot;12&quot;:0,&quot;14&quot;:{&quot;1&quot;:2,&quot;2&quot;:0},&quot;15&quot;:&quot;Roboto&quot;,&quot;16&quot;:10}\" data-sheets-value=\"{&quot;1&quot;:2,&quot;2&quot;:&quot;AJ\u00daSTALAS F\u00c1CILMENTE A CUALQUIER ALTURA - Gracias a sus 3,5 metros de cable y el sistema de ajuste incluido en el mango.&quot;}\"><strong>AJ\u00daSTALAS F\u00c1CILMENTE A CUALQUIER ALTURA<\/strong>\u00a0&#8211; Gracias a sus 3,5 metros de cable y el sistema de ajuste incluido en el mango.<\/span><\/p>\n<p><span data-sheets-userformat=\"{&quot;2&quot;:15107,&quot;3&quot;:{&quot;1&quot;:0},&quot;4&quot;:{&quot;1&quot;:2,&quot;2&quot;:16777215},&quot;11&quot;:4,&quot;12&quot;:0,&quot;14&quot;:{&quot;1&quot;:2,&quot;2&quot;:0},&quot;15&quot;:&quot;Roboto&quot;,&quot;16&quot;:10}\" data-sheets-value=\"{&quot;1&quot;:2,&quot;2&quot;:&quot;MANGO ERGON\u00d3MICO - Los cambios de secci\u00f3n del mango y el acabado rugoso de barra de halterofilia permiten un agarre c\u00f3modo y firme.&quot;}\"><strong>MANGO ERGON\u00d3MICO<\/strong>\u00a0&#8211; Los cambios de secci\u00f3n del mango y el acabado rugoso de barra de halterofilia permiten un agarre c\u00f3modo y firme.<\/span><\/p>\n<p><span data-sheets-userformat=\"{&quot;2&quot;:15107,&quot;3&quot;:{&quot;1&quot;:0},&quot;4&quot;:{&quot;1&quot;:2,&quot;2&quot;:16777215},&quot;11&quot;:4,&quot;12&quot;:0,&quot;14&quot;:{&quot;1&quot;:2,&quot;2&quot;:0},&quot;15&quot;:&quot;Roboto&quot;,&quot;16&quot;:10}\" data-sheets-value=\"{&quot;1&quot;:2,&quot;2&quot;:&quot;MANGO ERGON\u00d3MICO - Los cambios de secci\u00f3n del mango y el acabado rugoso de barra de halterofilia permiten un agarre c\u00f3modo y firme.&quot;}\"><strong>DISE\u00d1ADAS PARA LA COMPETICI\u00d3N<\/strong>\u00a0&#8211; Usadas para saltar por cientos de atletas en competiciones internacionales y entrenamientos diarios.<\/span><\/p>\n<p><span data-sheets-userformat=\"{&quot;2&quot;:15107,&quot;3&quot;:{&quot;1&quot;:0},&quot;4&quot;:{&quot;1&quot;:2,&quot;2&quot;:16777215},&quot;11&quot;:4,&quot;12&quot;:0,&quot;14&quot;:{&quot;1&quot;:2,&quot;2&quot;:0},&quot;15&quot;:&quot;Roboto&quot;,&quot;16&quot;:10}\" data-sheets-value=\"{&quot;1&quot;:2,&quot;2&quot;:&quot;MANGO ERGON\u00d3MICO - Los cambios de secci\u00f3n del mango y el acabado rugoso de barra de halterofilia permiten un agarre c\u00f3modo y firme.&quot;}\"><strong>LASTRABLE CON 25, 50 y 100 g<\/strong>\u00a0&#8211; Mejora la t\u00e9cnica de saltar dobles y triples o incrementa la dureza de tu entrenamiento con los lastres.<\/span><\/p>\n","protected":false},"featured_media":3782,"comment_status":"open","ping_status":"closed","template":"","meta":[],"product_brand":[],"product_cat":[32,62],"product_tag":[127,174,175,176,177,178],"class_list":{"0":"post-2563","1":"product","2":"type-product","3":"status-publish","4":"has-post-thumbnail","6":"product_cat-accesorios-crossfit-crosstraing","7":"product_cat-combas","8":"product_tag-comba-rapida","9":"product_tag-combas","10":"product_tag-combas-crossfit","11":"product_tag-double-unders","12":"product_tag-rope-jump","13":"product_tag-salto-a-la-comba","14":"product_shipping_class-recogida-en-tienda","16":"first","17":"instock","18":"sale","19":"shipping-taxable","20":"purchasable","21":"product-type-variable"},"yoast_head":"<!-- This site is optimized with the Yoast SEO plugin v25.3 - https:\/\/yoast.com\/wordpress\/plugins\/seo\/ -->\n<title>Comba Fire 2.0 | VELITES - Tienda de CrossFit Vaskia<\/title>\n<meta name=\"description\" content=\"con las combas\u00a0de competici\u00f3n m\u00e1s ligeras jam\u00e1s construidas en aluminio.\" \/>\n<meta name=\"robots\" content=\"index, follow, max-snippet:-1, max-image-preview:large, max-video-preview:-1\" \/>\n<link rel=\"canonical\" href=\"https:\/\/shop.crossfitvaskia.com\/?product=comba-fire-2-0-velites\" \/>\n<meta property=\"og:locale\" content=\"es_ES\" \/>\n<meta property=\"og:type\" content=\"article\" \/>\n<meta property=\"og:title\" content=\"Comba Fire 2.0 | VELITES - Tienda de CrossFit Vaskia\" \/>\n<meta property=\"og:description\" content=\"con las combas\u00a0de competici\u00f3n m\u00e1s ligeras jam\u00e1s construidas en aluminio.\" \/>\n<meta property=\"og:url\" content=\"https:\/\/shop.crossfitvaskia.com\/?product=comba-fire-2-0-velites\" \/>\n<meta property=\"og:site_name\" content=\"Tienda de CrossFit Vaskia\" \/>\n<meta property=\"article:publisher\" content=\"https:\/\/www.facebook.com\/crossfitvaskia\" \/>\n<meta property=\"article:modified_time\" content=\"2026-03-31T16:18:23+00:00\" \/>\n<meta property=\"og:image\" content=\"https:\/\/shop.crossfitvaskia.com\/wp-content\/uploads\/sites\/5\/2022\/01\/velites-fire-crossfit-sevilla-1.jpg\" \/>\n\t<meta property=\"og:image:width\" content=\"416\" \/>\n\t<meta property=\"og:image:height\" content=\"416\" \/>\n\t<meta property=\"og:image:type\" content=\"image\/jpeg\" \/>\n<meta name=\"twitter:card\" content=\"summary_large_image\" \/>\n<meta name=\"twitter:site\" content=\"@crossfitvaskia\" \/>\n<script type=\"application\/ld+json\" class=\"yoast-schema-graph\">{\"@context\":\"https:\/\/schema.org\",\"@graph\":[{\"@type\":\"WebPage\",\"@id\":\"https:\/\/shop.crossfitvaskia.com\/?product=comba-fire-2-0-velites\",\"url\":\"https:\/\/shop.crossfitvaskia.com\/?product=comba-fire-2-0-velites\",\"name\":\"Comba Fire 2.0 | VELITES - Tienda de CrossFit Vaskia\",\"isPartOf\":{\"@id\":\"https:\/\/shop.crossfitvaskia.com\/#website\"},\"primaryImageOfPage\":{\"@id\":\"https:\/\/shop.crossfitvaskia.com\/?product=comba-fire-2-0-velites#primaryimage\"},\"image\":{\"@id\":\"https:\/\/shop.crossfitvaskia.com\/?product=comba-fire-2-0-velites#primaryimage\"},\"thumbnailUrl\":\"https:\/\/shop.crossfitvaskia.com\/wp-content\/uploads\/sites\/5\/2022\/01\/velites-fire-crossfit-sevilla-1.jpg\",\"datePublished\":\"2022-01-04T19:11:35+00:00\",\"dateModified\":\"2026-03-31T16:18:23+00:00\",\"description\":\"con las combas\u00a0de competici\u00f3n m\u00e1s ligeras jam\u00e1s construidas en aluminio.\",\"breadcrumb\":{\"@id\":\"https:\/\/shop.crossfitvaskia.com\/?product=comba-fire-2-0-velites#breadcrumb\"},\"inLanguage\":\"es\",\"potentialAction\":[{\"@type\":\"ReadAction\",\"target\":[\"https:\/\/shop.crossfitvaskia.com\/?product=comba-fire-2-0-velites\"]}]},{\"@type\":\"ImageObject\",\"inLanguage\":\"es\",\"@id\":\"https:\/\/shop.crossfitvaskia.com\/?product=comba-fire-2-0-velites#primaryimage\",\"url\":\"https:\/\/shop.crossfitvaskia.com\/wp-content\/uploads\/sites\/5\/2022\/01\/velites-fire-crossfit-sevilla-1.jpg\",\"contentUrl\":\"https:\/\/shop.crossfitvaskia.com\/wp-content\/uploads\/sites\/5\/2022\/01\/velites-fire-crossfit-sevilla-1.jpg\",\"width\":416,\"height\":416},{\"@type\":\"BreadcrumbList\",\"@id\":\"https:\/\/shop.crossfitvaskia.com\/?product=comba-fire-2-0-velites#breadcrumb\",\"itemListElement\":[{\"@type\":\"ListItem\",\"position\":1,\"name\":\"Portada\",\"item\":\"https:\/\/shop.crossfitvaskia.com\/\"},{\"@type\":\"ListItem\",\"position\":2,\"name\":\"TIENDA CROSSFIT\",\"item\":\"https:\/\/shop.crossfitvaskia.com\/\"},{\"@type\":\"ListItem\",\"position\":3,\"name\":\"Comba Fire 2.0 | VELITES\"}]},{\"@type\":\"WebSite\",\"@id\":\"https:\/\/shop.crossfitvaskia.com\/#website\",\"url\":\"https:\/\/shop.crossfitvaskia.com\/\",\"name\":\"Tienda de CrossFit Vaskia\",\"description\":\"Accesorios de CrossFit en el Aljarafe.\",\"publisher\":{\"@id\":\"https:\/\/shop.crossfitvaskia.com\/#organization\"},\"potentialAction\":[{\"@type\":\"SearchAction\",\"target\":{\"@type\":\"EntryPoint\",\"urlTemplate\":\"https:\/\/shop.crossfitvaskia.com\/?s={search_term_string}\"},\"query-input\":{\"@type\":\"PropertyValueSpecification\",\"valueRequired\":true,\"valueName\":\"search_term_string\"}}],\"inLanguage\":\"es\"},{\"@type\":\"Organization\",\"@id\":\"https:\/\/shop.crossfitvaskia.com\/#organization\",\"name\":\"Tienda de CrossFit Vaskia\",\"url\":\"https:\/\/shop.crossfitvaskia.com\/\",\"logo\":{\"@type\":\"ImageObject\",\"inLanguage\":\"es\",\"@id\":\"https:\/\/shop.crossfitvaskia.com\/#\/schema\/logo\/image\/\",\"url\":\"https:\/\/shop.crossfitvaskia.com\/wp-content\/uploads\/sites\/5\/2022\/11\/img-logo-vaskia.png\",\"contentUrl\":\"https:\/\/shop.crossfitvaskia.com\/wp-content\/uploads\/sites\/5\/2022\/11\/img-logo-vaskia.png\",\"width\":657,\"height\":681,\"caption\":\"Tienda de CrossFit Vaskia\"},\"image\":{\"@id\":\"https:\/\/shop.crossfitvaskia.com\/#\/schema\/logo\/image\/\"},\"sameAs\":[\"https:\/\/www.facebook.com\/crossfitvaskia\",\"https:\/\/x.com\/crossfitvaskia\",\"https:\/\/www.instagram.com\/crossfitvaskia\/\",\"https:\/\/www.youtube.com\/c\/CrossfitVaskia\"]}]}<\/script>\n<!-- \/ Yoast SEO plugin. -->","yoast_head_json":{"title":"Comba Fire 2.0 | VELITES - Tienda de CrossFit Vaskia","description":"con las combas\u00a0de competici\u00f3n m\u00e1s ligeras jam\u00e1s construidas en aluminio.","robots":{"index":"index","follow":"follow","max-snippet":"max-snippet:-1","max-image-preview":"max-image-preview:large","max-video-preview":"max-video-preview:-1"},"canonical":"https:\/\/shop.crossfitvaskia.com\/?product=comba-fire-2-0-velites","og_locale":"es_ES","og_type":"article","og_title":"Comba Fire 2.0 | VELITES - Tienda de CrossFit Vaskia","og_description":"con las combas\u00a0de competici\u00f3n m\u00e1s ligeras jam\u00e1s construidas en aluminio.","og_url":"https:\/\/shop.crossfitvaskia.com\/?product=comba-fire-2-0-velites","og_site_name":"Tienda de CrossFit Vaskia","article_publisher":"https:\/\/www.facebook.com\/crossfitvaskia","article_modified_time":"2026-03-31T16:18:23+00:00","og_image":[{"width":416,"height":416,"url":"https:\/\/shop.crossfitvaskia.com\/wp-content\/uploads\/sites\/5\/2022\/01\/velites-fire-crossfit-sevilla-1.jpg","type":"image\/jpeg"}],"twitter_card":"summary_large_image","twitter_site":"@crossfitvaskia","schema":{"@context":"https:\/\/schema.org","@graph":[{"@type":"WebPage","@id":"https:\/\/shop.crossfitvaskia.com\/?product=comba-fire-2-0-velites","url":"https:\/\/shop.crossfitvaskia.com\/?product=comba-fire-2-0-velites","name":"Comba Fire 2.0 | VELITES - Tienda de CrossFit Vaskia","isPartOf":{"@id":"https:\/\/shop.crossfitvaskia.com\/#website"},"primaryImageOfPage":{"@id":"https:\/\/shop.crossfitvaskia.com\/?product=comba-fire-2-0-velites#primaryimage"},"image":{"@id":"https:\/\/shop.crossfitvaskia.com\/?product=comba-fire-2-0-velites#primaryimage"},"thumbnailUrl":"https:\/\/shop.crossfitvaskia.com\/wp-content\/uploads\/sites\/5\/2022\/01\/velites-fire-crossfit-sevilla-1.jpg","datePublished":"2022-01-04T19:11:35+00:00","dateModified":"2026-03-31T16:18:23+00:00","description":"con las combas\u00a0de competici\u00f3n m\u00e1s ligeras jam\u00e1s construidas en aluminio.","breadcrumb":{"@id":"https:\/\/shop.crossfitvaskia.com\/?product=comba-fire-2-0-velites#breadcrumb"},"inLanguage":"es","potentialAction":[{"@type":"ReadAction","target":["https:\/\/shop.crossfitvaskia.com\/?product=comba-fire-2-0-velites"]}]},{"@type":"ImageObject","inLanguage":"es","@id":"https:\/\/shop.crossfitvaskia.com\/?product=comba-fire-2-0-velites#primaryimage","url":"https:\/\/shop.crossfitvaskia.com\/wp-content\/uploads\/sites\/5\/2022\/01\/velites-fire-crossfit-sevilla-1.jpg","contentUrl":"https:\/\/shop.crossfitvaskia.com\/wp-content\/uploads\/sites\/5\/2022\/01\/velites-fire-crossfit-sevilla-1.jpg","width":416,"height":416},{"@type":"BreadcrumbList","@id":"https:\/\/shop.crossfitvaskia.com\/?product=comba-fire-2-0-velites#breadcrumb","itemListElement":[{"@type":"ListItem","position":1,"name":"Portada","item":"https:\/\/shop.crossfitvaskia.com\/"},{"@type":"ListItem","position":2,"name":"TIENDA CROSSFIT","item":"https:\/\/shop.crossfitvaskia.com\/"},{"@type":"ListItem","position":3,"name":"Comba Fire 2.0 | VELITES"}]},{"@type":"WebSite","@id":"https:\/\/shop.crossfitvaskia.com\/#website","url":"https:\/\/shop.crossfitvaskia.com\/","name":"Tienda de CrossFit Vaskia","description":"Accesorios de CrossFit en el Aljarafe.","publisher":{"@id":"https:\/\/shop.crossfitvaskia.com\/#organization"},"potentialAction":[{"@type":"SearchAction","target":{"@type":"EntryPoint","urlTemplate":"https:\/\/shop.crossfitvaskia.com\/?s={search_term_string}"},"query-input":{"@type":"PropertyValueSpecification","valueRequired":true,"valueName":"search_term_string"}}],"inLanguage":"es"},{"@type":"Organization","@id":"https:\/\/shop.crossfitvaskia.com\/#organization","name":"Tienda de CrossFit Vaskia","url":"https:\/\/shop.crossfitvaskia.com\/","logo":{"@type":"ImageObject","inLanguage":"es","@id":"https:\/\/shop.crossfitvaskia.com\/#\/schema\/logo\/image\/","url":"https:\/\/shop.crossfitvaskia.com\/wp-content\/uploads\/sites\/5\/2022\/11\/img-logo-vaskia.png","contentUrl":"https:\/\/shop.crossfitvaskia.com\/wp-content\/uploads\/sites\/5\/2022\/11\/img-logo-vaskia.png","width":657,"height":681,"caption":"Tienda de CrossFit Vaskia"},"image":{"@id":"https:\/\/shop.crossfitvaskia.com\/#\/schema\/logo\/image\/"},"sameAs":["https:\/\/www.facebook.com\/crossfitvaskia","https:\/\/x.com\/crossfitvaskia","https:\/\/www.instagram.com\/crossfitvaskia\/","https:\/\/www.youtube.com\/c\/CrossfitVaskia"]}]}},"jetpack_sharing_enabled":true,"_links":{"self":[{"href":"https:\/\/shop.crossfitvaskia.com\/index.php?rest_route=\/wp\/v2\/product\/2563","targetHints":{"allow":["GET"]}}],"collection":[{"href":"https:\/\/shop.crossfitvaskia.com\/index.php?rest_route=\/wp\/v2\/product"}],"about":[{"href":"https:\/\/shop.crossfitvaskia.com\/index.php?rest_route=\/wp\/v2\/types\/product"}],"replies":[{"embeddable":true,"href":"https:\/\/shop.crossfitvaskia.com\/index.php?rest_route=%2Fwp%2Fv2%2Fcomments&post=2563"}],"wp:featuredmedia":[{"embeddable":true,"href":"https:\/\/shop.crossfitvaskia.com\/index.php?rest_route=\/wp\/v2\/media\/3782"}],"wp:attachment":[{"href":"https:\/\/shop.crossfitvaskia.com\/index.php?rest_route=%2Fwp%2Fv2%2Fmedia&parent=2563"}],"wp:term":[{"taxonomy":"product_brand","embeddable":true,"href":"https:\/\/shop.crossfitvaskia.com\/index.php?rest_route=%2Fwp%2Fv2%2Fproduct_brand&post=2563"},{"taxonomy":"product_cat","embeddable":true,"href":"https:\/\/shop.crossfitvaskia.com\/index.php?rest_route=%2Fwp%2Fv2%2Fproduct_cat&post=2563"},{"taxonomy":"product_tag","embeddable":true,"href":"https:\/\/shop.crossfitvaskia.com\/index.php?rest_route=%2Fwp%2Fv2%2Fproduct_tag&post=2563"}],"curies":[{"name":"wp","href":"https:\/\/api.w.org\/{rel}","templated":true}]}}