{"id":3069,"date":"2023-06-27T10:56:47","date_gmt":"2023-06-27T09:56:47","guid":{"rendered":"https:\/\/shop.crossfitvaskia.com\/?post_type=product&#038;p=3069"},"modified":"2026-02-03T16:43:15","modified_gmt":"2026-02-03T15:43:15","slug":"munequeras-tela-flexible-velites","status":"publish","type":"product","link":"https:\/\/shop.crossfitvaskia.com\/?product=munequeras-tela-flexible-velites","title":{"rendered":"Mu\u00f1equeras tela flexible Neon | VELITES"},"content":{"rendered":"<p>MU\u00d1EQUERAS TELA FLEXIBLE<\/p>\n<p>MEJOR AGARRE EN BARRA &#8211;\u00a0Deja atr\u00e1s las molestias del sudor que gotea en la barra durante tus entrenamientos y evita resbalarte, mant\u00e9n tus manos secas en todo momento y conc\u00e9ntrate en la siguiente repetici\u00f3n.<\/p>\n<p>M\u00c1XIMO CONFORT &#8211;\u00a0Protege la piel sensible alrededor de tus mu\u00f1ecas para evitar heridas por la fricci\u00f3n de las calleras y aprovechar tu potencial al 100 %.<\/p>\n<p>TEJIDO FLEXIBLE DE ALTA CALIDAD &#8211;\u00a0Fabricadas con tejido flexible de alta calidad que se adapta perfectamente a la mu\u00f1eca de cada atleta y proporciona una sujeci\u00f3n y una seguridad inigualable a la hora de entrenar.<\/p>\n<p>&nbsp;<\/p>\n<p>TALLA \u00daNICA<\/p>\n","protected":false},"excerpt":{"rendered":"<p><strong>M\u00c1XIMO CONFORT &#8211;\u00a0<\/strong>Protege la piel sensible alrededor de tus mu\u00f1ecas para evitar heridas por la fricci\u00f3n de las calleras y aprovechar tu potencial al 100 %.<\/p>\n","protected":false},"featured_media":3589,"comment_status":"closed","ping_status":"closed","template":"","meta":[],"product_brand":[],"product_cat":[68],"product_tag":[],"class_list":{"0":"post-3069","1":"product","2":"type-product","3":"status-publish","4":"has-post-thumbnail","6":"product_cat-munequeras","8":"first","9":"instock","10":"shipping-taxable","11":"purchasable","12":"product-type-variable"},"yoast_head":"<!-- This site is optimized with the Yoast SEO plugin v25.3 - https:\/\/yoast.com\/wordpress\/plugins\/seo\/ -->\n<title>Mu\u00f1equeras tela flexible Neon | VELITES - Tienda de CrossFit Vaskia<\/title>\n<meta name=\"description\" content=\"MEJOR AGARRE EN BARRA - Deja atr\u00e1s las molestias del sudor que gotea en la barra durante tus entrenamientos y evita resbalarte, mant\u00e9n tus manos secas en todo momento y conc\u00e9ntrate en la siguiente repetici\u00f3n.M\u00c1XIMO CONFORT - Protege la piel sensible alrededor de tus mu\u00f1ecas para evitar heridas por la fricci\u00f3n de las calleras y aprovechar tu potencial al 100 %.TEJIDO FLEXIBLE DE ALTA CALIDAD - Fabricadas con tejido flexible de alta calidad que se adapta perfectamente a la mu\u00f1eca de cada atleta y proporciona una sujeci\u00f3n y una seguridad inigualable a la hora de entrenar.\" \/>\n<meta name=\"robots\" content=\"index, follow, max-snippet:-1, max-image-preview:large, max-video-preview:-1\" \/>\n<link rel=\"canonical\" href=\"https:\/\/shop.crossfitvaskia.com\/?product=munequeras-tela-flexible-velites\" \/>\n<meta property=\"og:locale\" content=\"es_ES\" \/>\n<meta property=\"og:type\" content=\"article\" \/>\n<meta property=\"og:title\" content=\"Mu\u00f1equeras tela flexible Neon | VELITES - Tienda de CrossFit Vaskia\" \/>\n<meta property=\"og:description\" content=\"MEJOR AGARRE EN BARRA - Deja atr\u00e1s las molestias del sudor que gotea en la barra durante tus entrenamientos y evita resbalarte, mant\u00e9n tus manos secas en todo momento y conc\u00e9ntrate en la siguiente repetici\u00f3n.M\u00c1XIMO CONFORT - Protege la piel sensible alrededor de tus mu\u00f1ecas para evitar heridas por la fricci\u00f3n de las calleras y aprovechar tu potencial al 100 %.TEJIDO FLEXIBLE DE ALTA CALIDAD - Fabricadas con tejido flexible de alta calidad que se adapta perfectamente a la mu\u00f1eca de cada atleta y proporciona una sujeci\u00f3n y una seguridad inigualable a la hora de entrenar.\" \/>\n<meta property=\"og:url\" content=\"https:\/\/shop.crossfitvaskia.com\/?product=munequeras-tela-flexible-velites\" \/>\n<meta property=\"og:site_name\" content=\"Tienda de CrossFit Vaskia\" \/>\n<meta property=\"article:publisher\" content=\"https:\/\/www.facebook.com\/crossfitvaskia\" \/>\n<meta property=\"article:modified_time\" content=\"2026-02-03T15:43:15+00:00\" \/>\n<meta property=\"og:image\" content=\"https:\/\/shop.crossfitvaskia.com\/wp-content\/uploads\/sites\/5\/2024\/03\/wristband-neon-1.jpg\" \/>\n\t<meta property=\"og:image:width\" content=\"1200\" \/>\n\t<meta property=\"og:image:height\" content=\"1200\" \/>\n\t<meta property=\"og:image:type\" content=\"image\/jpeg\" \/>\n<meta name=\"twitter:card\" content=\"summary_large_image\" \/>\n<meta name=\"twitter:site\" content=\"@crossfitvaskia\" \/>\n<script type=\"application\/ld+json\" class=\"yoast-schema-graph\">{\"@context\":\"https:\/\/schema.org\",\"@graph\":[{\"@type\":\"WebPage\",\"@id\":\"https:\/\/shop.crossfitvaskia.com\/?product=munequeras-tela-flexible-velites\",\"url\":\"https:\/\/shop.crossfitvaskia.com\/?product=munequeras-tela-flexible-velites\",\"name\":\"Mu\u00f1equeras tela flexible Neon | VELITES - Tienda de CrossFit Vaskia\",\"isPartOf\":{\"@id\":\"https:\/\/shop.crossfitvaskia.com\/#website\"},\"primaryImageOfPage\":{\"@id\":\"https:\/\/shop.crossfitvaskia.com\/?product=munequeras-tela-flexible-velites#primaryimage\"},\"image\":{\"@id\":\"https:\/\/shop.crossfitvaskia.com\/?product=munequeras-tela-flexible-velites#primaryimage\"},\"thumbnailUrl\":\"https:\/\/shop.crossfitvaskia.com\/wp-content\/uploads\/sites\/5\/2024\/03\/wristband-neon-1.jpg\",\"datePublished\":\"2023-06-27T09:56:47+00:00\",\"dateModified\":\"2026-02-03T15:43:15+00:00\",\"description\":\"MEJOR AGARRE EN BARRA - Deja atr\u00e1s las molestias del sudor que gotea en la barra durante tus entrenamientos y evita resbalarte, mant\u00e9n tus manos secas en todo momento y conc\u00e9ntrate en la siguiente repetici\u00f3n.M\u00c1XIMO CONFORT - Protege la piel sensible alrededor de tus mu\u00f1ecas para evitar heridas por la fricci\u00f3n de las calleras y aprovechar tu potencial al 100 %.TEJIDO FLEXIBLE DE ALTA CALIDAD - Fabricadas con tejido flexible de alta calidad que se adapta perfectamente a la mu\u00f1eca de cada atleta y proporciona una sujeci\u00f3n y una seguridad inigualable a la hora de entrenar.\",\"breadcrumb\":{\"@id\":\"https:\/\/shop.crossfitvaskia.com\/?product=munequeras-tela-flexible-velites#breadcrumb\"},\"inLanguage\":\"es\",\"potentialAction\":[{\"@type\":\"ReadAction\",\"target\":[\"https:\/\/shop.crossfitvaskia.com\/?product=munequeras-tela-flexible-velites\"]}]},{\"@type\":\"ImageObject\",\"inLanguage\":\"es\",\"@id\":\"https:\/\/shop.crossfitvaskia.com\/?product=munequeras-tela-flexible-velites#primaryimage\",\"url\":\"https:\/\/shop.crossfitvaskia.com\/wp-content\/uploads\/sites\/5\/2024\/03\/wristband-neon-1.jpg\",\"contentUrl\":\"https:\/\/shop.crossfitvaskia.com\/wp-content\/uploads\/sites\/5\/2024\/03\/wristband-neon-1.jpg\",\"width\":1200,\"height\":1200},{\"@type\":\"BreadcrumbList\",\"@id\":\"https:\/\/shop.crossfitvaskia.com\/?product=munequeras-tela-flexible-velites#breadcrumb\",\"itemListElement\":[{\"@type\":\"ListItem\",\"position\":1,\"name\":\"Portada\",\"item\":\"https:\/\/shop.crossfitvaskia.com\/\"},{\"@type\":\"ListItem\",\"position\":2,\"name\":\"TIENDA CROSSFIT\",\"item\":\"https:\/\/shop.crossfitvaskia.com\/\"},{\"@type\":\"ListItem\",\"position\":3,\"name\":\"Mu\u00f1equeras tela flexible Neon | VELITES\"}]},{\"@type\":\"WebSite\",\"@id\":\"https:\/\/shop.crossfitvaskia.com\/#website\",\"url\":\"https:\/\/shop.crossfitvaskia.com\/\",\"name\":\"Tienda de CrossFit Vaskia\",\"description\":\"Accesorios de CrossFit en el Aljarafe.\",\"publisher\":{\"@id\":\"https:\/\/shop.crossfitvaskia.com\/#organization\"},\"potentialAction\":[{\"@type\":\"SearchAction\",\"target\":{\"@type\":\"EntryPoint\",\"urlTemplate\":\"https:\/\/shop.crossfitvaskia.com\/?s={search_term_string}\"},\"query-input\":{\"@type\":\"PropertyValueSpecification\",\"valueRequired\":true,\"valueName\":\"search_term_string\"}}],\"inLanguage\":\"es\"},{\"@type\":\"Organization\",\"@id\":\"https:\/\/shop.crossfitvaskia.com\/#organization\",\"name\":\"Tienda de CrossFit Vaskia\",\"url\":\"https:\/\/shop.crossfitvaskia.com\/\",\"logo\":{\"@type\":\"ImageObject\",\"inLanguage\":\"es\",\"@id\":\"https:\/\/shop.crossfitvaskia.com\/#\/schema\/logo\/image\/\",\"url\":\"https:\/\/shop.crossfitvaskia.com\/wp-content\/uploads\/sites\/5\/2022\/11\/img-logo-vaskia.png\",\"contentUrl\":\"https:\/\/shop.crossfitvaskia.com\/wp-content\/uploads\/sites\/5\/2022\/11\/img-logo-vaskia.png\",\"width\":657,\"height\":681,\"caption\":\"Tienda de CrossFit Vaskia\"},\"image\":{\"@id\":\"https:\/\/shop.crossfitvaskia.com\/#\/schema\/logo\/image\/\"},\"sameAs\":[\"https:\/\/www.facebook.com\/crossfitvaskia\",\"https:\/\/x.com\/crossfitvaskia\",\"https:\/\/www.instagram.com\/crossfitvaskia\/\",\"https:\/\/www.youtube.com\/c\/CrossfitVaskia\"]}]}<\/script>\n<!-- \/ Yoast SEO plugin. -->","yoast_head_json":{"title":"Mu\u00f1equeras tela flexible Neon | VELITES - Tienda de CrossFit Vaskia","description":"MEJOR AGARRE EN BARRA - Deja atr\u00e1s las molestias del sudor que gotea en la barra durante tus entrenamientos y evita resbalarte, mant\u00e9n tus manos secas en todo momento y conc\u00e9ntrate en la siguiente repetici\u00f3n.M\u00c1XIMO CONFORT - Protege la piel sensible alrededor de tus mu\u00f1ecas para evitar heridas por la fricci\u00f3n de las calleras y aprovechar tu potencial al 100 %.TEJIDO FLEXIBLE DE ALTA CALIDAD - Fabricadas con tejido flexible de alta calidad que se adapta perfectamente a la mu\u00f1eca de cada atleta y proporciona una sujeci\u00f3n y una seguridad inigualable a la hora de entrenar.","robots":{"index":"index","follow":"follow","max-snippet":"max-snippet:-1","max-image-preview":"max-image-preview:large","max-video-preview":"max-video-preview:-1"},"canonical":"https:\/\/shop.crossfitvaskia.com\/?product=munequeras-tela-flexible-velites","og_locale":"es_ES","og_type":"article","og_title":"Mu\u00f1equeras tela flexible Neon | VELITES - Tienda de CrossFit Vaskia","og_description":"MEJOR AGARRE EN BARRA - Deja atr\u00e1s las molestias del sudor que gotea en la barra durante tus entrenamientos y evita resbalarte, mant\u00e9n tus manos secas en todo momento y conc\u00e9ntrate en la siguiente repetici\u00f3n.M\u00c1XIMO CONFORT - Protege la piel sensible alrededor de tus mu\u00f1ecas para evitar heridas por la fricci\u00f3n de las calleras y aprovechar tu potencial al 100 %.TEJIDO FLEXIBLE DE ALTA CALIDAD - Fabricadas con tejido flexible de alta calidad que se adapta perfectamente a la mu\u00f1eca de cada atleta y proporciona una sujeci\u00f3n y una seguridad inigualable a la hora de entrenar.","og_url":"https:\/\/shop.crossfitvaskia.com\/?product=munequeras-tela-flexible-velites","og_site_name":"Tienda de CrossFit Vaskia","article_publisher":"https:\/\/www.facebook.com\/crossfitvaskia","article_modified_time":"2026-02-03T15:43:15+00:00","og_image":[{"width":1200,"height":1200,"url":"https:\/\/shop.crossfitvaskia.com\/wp-content\/uploads\/sites\/5\/2024\/03\/wristband-neon-1.jpg","type":"image\/jpeg"}],"twitter_card":"summary_large_image","twitter_site":"@crossfitvaskia","schema":{"@context":"https:\/\/schema.org","@graph":[{"@type":"WebPage","@id":"https:\/\/shop.crossfitvaskia.com\/?product=munequeras-tela-flexible-velites","url":"https:\/\/shop.crossfitvaskia.com\/?product=munequeras-tela-flexible-velites","name":"Mu\u00f1equeras tela flexible Neon | VELITES - Tienda de CrossFit Vaskia","isPartOf":{"@id":"https:\/\/shop.crossfitvaskia.com\/#website"},"primaryImageOfPage":{"@id":"https:\/\/shop.crossfitvaskia.com\/?product=munequeras-tela-flexible-velites#primaryimage"},"image":{"@id":"https:\/\/shop.crossfitvaskia.com\/?product=munequeras-tela-flexible-velites#primaryimage"},"thumbnailUrl":"https:\/\/shop.crossfitvaskia.com\/wp-content\/uploads\/sites\/5\/2024\/03\/wristband-neon-1.jpg","datePublished":"2023-06-27T09:56:47+00:00","dateModified":"2026-02-03T15:43:15+00:00","description":"MEJOR AGARRE EN BARRA - Deja atr\u00e1s las molestias del sudor que gotea en la barra durante tus entrenamientos y evita resbalarte, mant\u00e9n tus manos secas en todo momento y conc\u00e9ntrate en la siguiente repetici\u00f3n.M\u00c1XIMO CONFORT - Protege la piel sensible alrededor de tus mu\u00f1ecas para evitar heridas por la fricci\u00f3n de las calleras y aprovechar tu potencial al 100 %.TEJIDO FLEXIBLE DE ALTA CALIDAD - Fabricadas con tejido flexible de alta calidad que se adapta perfectamente a la mu\u00f1eca de cada atleta y proporciona una sujeci\u00f3n y una seguridad inigualable a la hora de entrenar.","breadcrumb":{"@id":"https:\/\/shop.crossfitvaskia.com\/?product=munequeras-tela-flexible-velites#breadcrumb"},"inLanguage":"es","potentialAction":[{"@type":"ReadAction","target":["https:\/\/shop.crossfitvaskia.com\/?product=munequeras-tela-flexible-velites"]}]},{"@type":"ImageObject","inLanguage":"es","@id":"https:\/\/shop.crossfitvaskia.com\/?product=munequeras-tela-flexible-velites#primaryimage","url":"https:\/\/shop.crossfitvaskia.com\/wp-content\/uploads\/sites\/5\/2024\/03\/wristband-neon-1.jpg","contentUrl":"https:\/\/shop.crossfitvaskia.com\/wp-content\/uploads\/sites\/5\/2024\/03\/wristband-neon-1.jpg","width":1200,"height":1200},{"@type":"BreadcrumbList","@id":"https:\/\/shop.crossfitvaskia.com\/?product=munequeras-tela-flexible-velites#breadcrumb","itemListElement":[{"@type":"ListItem","position":1,"name":"Portada","item":"https:\/\/shop.crossfitvaskia.com\/"},{"@type":"ListItem","position":2,"name":"TIENDA CROSSFIT","item":"https:\/\/shop.crossfitvaskia.com\/"},{"@type":"ListItem","position":3,"name":"Mu\u00f1equeras tela flexible Neon | VELITES"}]},{"@type":"WebSite","@id":"https:\/\/shop.crossfitvaskia.com\/#website","url":"https:\/\/shop.crossfitvaskia.com\/","name":"Tienda de CrossFit Vaskia","description":"Accesorios de CrossFit en el Aljarafe.","publisher":{"@id":"https:\/\/shop.crossfitvaskia.com\/#organization"},"potentialAction":[{"@type":"SearchAction","target":{"@type":"EntryPoint","urlTemplate":"https:\/\/shop.crossfitvaskia.com\/?s={search_term_string}"},"query-input":{"@type":"PropertyValueSpecification","valueRequired":true,"valueName":"search_term_string"}}],"inLanguage":"es"},{"@type":"Organization","@id":"https:\/\/shop.crossfitvaskia.com\/#organization","name":"Tienda de CrossFit Vaskia","url":"https:\/\/shop.crossfitvaskia.com\/","logo":{"@type":"ImageObject","inLanguage":"es","@id":"https:\/\/shop.crossfitvaskia.com\/#\/schema\/logo\/image\/","url":"https:\/\/shop.crossfitvaskia.com\/wp-content\/uploads\/sites\/5\/2022\/11\/img-logo-vaskia.png","contentUrl":"https:\/\/shop.crossfitvaskia.com\/wp-content\/uploads\/sites\/5\/2022\/11\/img-logo-vaskia.png","width":657,"height":681,"caption":"Tienda de CrossFit Vaskia"},"image":{"@id":"https:\/\/shop.crossfitvaskia.com\/#\/schema\/logo\/image\/"},"sameAs":["https:\/\/www.facebook.com\/crossfitvaskia","https:\/\/x.com\/crossfitvaskia","https:\/\/www.instagram.com\/crossfitvaskia\/","https:\/\/www.youtube.com\/c\/CrossfitVaskia"]}]}},"jetpack_sharing_enabled":true,"_links":{"self":[{"href":"https:\/\/shop.crossfitvaskia.com\/index.php?rest_route=\/wp\/v2\/product\/3069","targetHints":{"allow":["GET"]}}],"collection":[{"href":"https:\/\/shop.crossfitvaskia.com\/index.php?rest_route=\/wp\/v2\/product"}],"about":[{"href":"https:\/\/shop.crossfitvaskia.com\/index.php?rest_route=\/wp\/v2\/types\/product"}],"replies":[{"embeddable":true,"href":"https:\/\/shop.crossfitvaskia.com\/index.php?rest_route=%2Fwp%2Fv2%2Fcomments&post=3069"}],"wp:featuredmedia":[{"embeddable":true,"href":"https:\/\/shop.crossfitvaskia.com\/index.php?rest_route=\/wp\/v2\/media\/3589"}],"wp:attachment":[{"href":"https:\/\/shop.crossfitvaskia.com\/index.php?rest_route=%2Fwp%2Fv2%2Fmedia&parent=3069"}],"wp:term":[{"taxonomy":"product_brand","embeddable":true,"href":"https:\/\/shop.crossfitvaskia.com\/index.php?rest_route=%2Fwp%2Fv2%2Fproduct_brand&post=3069"},{"taxonomy":"product_cat","embeddable":true,"href":"https:\/\/shop.crossfitvaskia.com\/index.php?rest_route=%2Fwp%2Fv2%2Fproduct_cat&post=3069"},{"taxonomy":"product_tag","embeddable":true,"href":"https:\/\/shop.crossfitvaskia.com\/index.php?rest_route=%2Fwp%2Fv2%2Fproduct_tag&post=3069"}],"curies":[{"name":"wp","href":"https:\/\/api.w.org\/{rel}","templated":true}]}}