{"id":3269,"date":"2024-01-29T12:45:32","date_gmt":"2024-01-29T11:45:32","guid":{"rendered":"https:\/\/shop.crossfitvaskia.com\/?post_type=product&#038;p=3269"},"modified":"2026-04-08T18:43:10","modified_gmt":"2026-04-08T17:43:10","slug":"calcetines-crossfit-twogies","status":"publish","type":"product","link":"https:\/\/shop.crossfitvaskia.com\/?product=calcetines-crossfit-twogies","title":{"rendered":"Calcetines Divertidos CrossFit  | TWOGIES"},"content":{"rendered":"<ul>\n<li>Calcetines Crossfit de entrenamiento.<\/li>\n<li>Dise\u00f1ado y fabricado en Espa\u00f1a.<\/li>\n<li>Tejido de algod\u00f3n org\u00e1nico con una suavidad y transpiraci\u00f3n extra.<\/li>\n<li>Puntera y tal\u00f3n acolchados para mayo comodidad y amortiguaci\u00f3n.<\/li>\n<li>Puntera y tal\u00f3n reforzados para aumentar su durabilidad y sin costuras para evitar cualquier tipo de rozadura durante el entrenamiento.<\/li>\n<\/ul>\n","protected":false},"excerpt":{"rendered":"<ul>\n<li>Dise\u00f1ado y fabricado en Espa\u00f1a.<\/li>\n<li>Tejido de algod\u00f3n org\u00e1nico con una suavidad y transpiraci\u00f3n extra.<\/li>\n<li>Puntera y tal\u00f3n acolchados para mayo comodidad y amortiguaci\u00f3n.<\/li>\n<li>Puntera y tal\u00f3n reforzados para aumentar su durabilidad y sin costuras para evitar cualquier tipo de rozadura durante el entrenamiento.<\/li>\n<\/ul>\n","protected":false},"featured_media":3668,"comment_status":"closed","ping_status":"closed","template":"","meta":[],"product_brand":[],"product_cat":[32,69],"product_tag":[129,130,132],"class_list":{"0":"post-3269","1":"product","2":"type-product","3":"status-publish","4":"has-post-thumbnail","6":"product_cat-accesorios-crossfit-crosstraing","7":"product_cat-calcetines-crossfit","8":"product_tag-calcetines","9":"product_tag-calcetines-crossfit","10":"product_tag-socks","11":"product_shipping_class-recogida-en-tienda","13":"first","14":"instock","15":"sale","16":"shipping-taxable","17":"purchasable","18":"product-type-variable"},"yoast_head":"<!-- This site is optimized with the Yoast SEO plugin v25.3 - https:\/\/yoast.com\/wordpress\/plugins\/seo\/ -->\n<title>Calcetines Divertidos CrossFit | TWOGIES - Tienda de CrossFit Vaskia<\/title>\n<meta name=\"description\" content=\"Calcetines de crossfit de entrenamiento. Dise\u00f1ado y fabricado en Espa\u00f1a.Tejido de algod\u00f3n org\u00e1nico con una suavidad y transpiraci\u00f3n extra. Puntera y tal\u00f3n acolchados para mayo comodidad y amortiguaci\u00f3n.Puntera y tal\u00f3n reforzados para aumentar su durabilidad y sin costuras para evitar cualquier tipo de rozadura durante el entrenamiento.\" \/>\n<meta name=\"robots\" content=\"index, follow, max-snippet:-1, max-image-preview:large, max-video-preview:-1\" \/>\n<link rel=\"canonical\" href=\"https:\/\/shop.crossfitvaskia.com\/?product=calcetines-crossfit-twogies\" \/>\n<meta property=\"og:locale\" content=\"es_ES\" \/>\n<meta property=\"og:type\" content=\"article\" \/>\n<meta property=\"og:title\" content=\"Calcetines Divertidos CrossFit | TWOGIES - Tienda de CrossFit Vaskia\" \/>\n<meta property=\"og:description\" content=\"Calcetines de crossfit de entrenamiento. Dise\u00f1ado y fabricado en Espa\u00f1a.Tejido de algod\u00f3n org\u00e1nico con una suavidad y transpiraci\u00f3n extra. Puntera y tal\u00f3n acolchados para mayo comodidad y amortiguaci\u00f3n.Puntera y tal\u00f3n reforzados para aumentar su durabilidad y sin costuras para evitar cualquier tipo de rozadura durante el entrenamiento.\" \/>\n<meta property=\"og:url\" content=\"https:\/\/shop.crossfitvaskia.com\/?product=calcetines-crossfit-twogies\" \/>\n<meta property=\"og:site_name\" content=\"Tienda de CrossFit Vaskia\" \/>\n<meta property=\"article:publisher\" content=\"https:\/\/www.facebook.com\/crossfitvaskia\" \/>\n<meta property=\"article:modified_time\" content=\"2026-04-08T17:43:10+00:00\" \/>\n<meta property=\"og:image\" content=\"https:\/\/shop.crossfitvaskia.com\/wp-content\/uploads\/sites\/5\/2024\/11\/calcetines-crossfit-aljarafe-gines-twogies-bufalolifter-2.jpg\" \/>\n\t<meta property=\"og:image:width\" content=\"500\" \/>\n\t<meta property=\"og:image:height\" content=\"500\" \/>\n\t<meta property=\"og:image:type\" content=\"image\/jpeg\" \/>\n<meta name=\"twitter:card\" content=\"summary_large_image\" \/>\n<meta name=\"twitter:site\" content=\"@crossfitvaskia\" \/>\n<script type=\"application\/ld+json\" class=\"yoast-schema-graph\">{\"@context\":\"https:\/\/schema.org\",\"@graph\":[{\"@type\":\"WebPage\",\"@id\":\"https:\/\/shop.crossfitvaskia.com\/?product=calcetines-crossfit-twogies\",\"url\":\"https:\/\/shop.crossfitvaskia.com\/?product=calcetines-crossfit-twogies\",\"name\":\"Calcetines Divertidos CrossFit | TWOGIES - Tienda de CrossFit Vaskia\",\"isPartOf\":{\"@id\":\"https:\/\/shop.crossfitvaskia.com\/#website\"},\"primaryImageOfPage\":{\"@id\":\"https:\/\/shop.crossfitvaskia.com\/?product=calcetines-crossfit-twogies#primaryimage\"},\"image\":{\"@id\":\"https:\/\/shop.crossfitvaskia.com\/?product=calcetines-crossfit-twogies#primaryimage\"},\"thumbnailUrl\":\"https:\/\/shop.crossfitvaskia.com\/wp-content\/uploads\/sites\/5\/2024\/11\/calcetines-crossfit-aljarafe-gines-twogies-bufalolifter-2.jpg\",\"datePublished\":\"2024-01-29T11:45:32+00:00\",\"dateModified\":\"2026-04-08T17:43:10+00:00\",\"description\":\"Calcetines de crossfit de entrenamiento. Dise\u00f1ado y fabricado en Espa\u00f1a.Tejido de algod\u00f3n org\u00e1nico con una suavidad y transpiraci\u00f3n extra. Puntera y tal\u00f3n acolchados para mayo comodidad y amortiguaci\u00f3n.Puntera y tal\u00f3n reforzados para aumentar su durabilidad y sin costuras para evitar cualquier tipo de rozadura durante el entrenamiento.\",\"breadcrumb\":{\"@id\":\"https:\/\/shop.crossfitvaskia.com\/?product=calcetines-crossfit-twogies#breadcrumb\"},\"inLanguage\":\"es\",\"potentialAction\":[{\"@type\":\"ReadAction\",\"target\":[\"https:\/\/shop.crossfitvaskia.com\/?product=calcetines-crossfit-twogies\"]}]},{\"@type\":\"ImageObject\",\"inLanguage\":\"es\",\"@id\":\"https:\/\/shop.crossfitvaskia.com\/?product=calcetines-crossfit-twogies#primaryimage\",\"url\":\"https:\/\/shop.crossfitvaskia.com\/wp-content\/uploads\/sites\/5\/2024\/11\/calcetines-crossfit-aljarafe-gines-twogies-bufalolifter-2.jpg\",\"contentUrl\":\"https:\/\/shop.crossfitvaskia.com\/wp-content\/uploads\/sites\/5\/2024\/11\/calcetines-crossfit-aljarafe-gines-twogies-bufalolifter-2.jpg\",\"width\":500,\"height\":500},{\"@type\":\"BreadcrumbList\",\"@id\":\"https:\/\/shop.crossfitvaskia.com\/?product=calcetines-crossfit-twogies#breadcrumb\",\"itemListElement\":[{\"@type\":\"ListItem\",\"position\":1,\"name\":\"Portada\",\"item\":\"https:\/\/shop.crossfitvaskia.com\/\"},{\"@type\":\"ListItem\",\"position\":2,\"name\":\"TIENDA CROSSFIT\",\"item\":\"https:\/\/shop.crossfitvaskia.com\/\"},{\"@type\":\"ListItem\",\"position\":3,\"name\":\"Calcetines Divertidos CrossFit | TWOGIES\"}]},{\"@type\":\"WebSite\",\"@id\":\"https:\/\/shop.crossfitvaskia.com\/#website\",\"url\":\"https:\/\/shop.crossfitvaskia.com\/\",\"name\":\"Tienda de CrossFit Vaskia\",\"description\":\"Accesorios de CrossFit en el Aljarafe.\",\"publisher\":{\"@id\":\"https:\/\/shop.crossfitvaskia.com\/#organization\"},\"potentialAction\":[{\"@type\":\"SearchAction\",\"target\":{\"@type\":\"EntryPoint\",\"urlTemplate\":\"https:\/\/shop.crossfitvaskia.com\/?s={search_term_string}\"},\"query-input\":{\"@type\":\"PropertyValueSpecification\",\"valueRequired\":true,\"valueName\":\"search_term_string\"}}],\"inLanguage\":\"es\"},{\"@type\":\"Organization\",\"@id\":\"https:\/\/shop.crossfitvaskia.com\/#organization\",\"name\":\"Tienda de CrossFit Vaskia\",\"url\":\"https:\/\/shop.crossfitvaskia.com\/\",\"logo\":{\"@type\":\"ImageObject\",\"inLanguage\":\"es\",\"@id\":\"https:\/\/shop.crossfitvaskia.com\/#\/schema\/logo\/image\/\",\"url\":\"https:\/\/shop.crossfitvaskia.com\/wp-content\/uploads\/sites\/5\/2022\/11\/img-logo-vaskia.png\",\"contentUrl\":\"https:\/\/shop.crossfitvaskia.com\/wp-content\/uploads\/sites\/5\/2022\/11\/img-logo-vaskia.png\",\"width\":657,\"height\":681,\"caption\":\"Tienda de CrossFit Vaskia\"},\"image\":{\"@id\":\"https:\/\/shop.crossfitvaskia.com\/#\/schema\/logo\/image\/\"},\"sameAs\":[\"https:\/\/www.facebook.com\/crossfitvaskia\",\"https:\/\/x.com\/crossfitvaskia\",\"https:\/\/www.instagram.com\/crossfitvaskia\/\",\"https:\/\/www.youtube.com\/c\/CrossfitVaskia\"]}]}<\/script>\n<!-- \/ Yoast SEO plugin. -->","yoast_head_json":{"title":"Calcetines Divertidos CrossFit | TWOGIES - Tienda de CrossFit Vaskia","description":"Calcetines de crossfit de entrenamiento. Dise\u00f1ado y fabricado en Espa\u00f1a.Tejido de algod\u00f3n org\u00e1nico con una suavidad y transpiraci\u00f3n extra. Puntera y tal\u00f3n acolchados para mayo comodidad y amortiguaci\u00f3n.Puntera y tal\u00f3n reforzados para aumentar su durabilidad y sin costuras para evitar cualquier tipo de rozadura durante el entrenamiento.","robots":{"index":"index","follow":"follow","max-snippet":"max-snippet:-1","max-image-preview":"max-image-preview:large","max-video-preview":"max-video-preview:-1"},"canonical":"https:\/\/shop.crossfitvaskia.com\/?product=calcetines-crossfit-twogies","og_locale":"es_ES","og_type":"article","og_title":"Calcetines Divertidos CrossFit | TWOGIES - Tienda de CrossFit Vaskia","og_description":"Calcetines de crossfit de entrenamiento. Dise\u00f1ado y fabricado en Espa\u00f1a.Tejido de algod\u00f3n org\u00e1nico con una suavidad y transpiraci\u00f3n extra. Puntera y tal\u00f3n acolchados para mayo comodidad y amortiguaci\u00f3n.Puntera y tal\u00f3n reforzados para aumentar su durabilidad y sin costuras para evitar cualquier tipo de rozadura durante el entrenamiento.","og_url":"https:\/\/shop.crossfitvaskia.com\/?product=calcetines-crossfit-twogies","og_site_name":"Tienda de CrossFit Vaskia","article_publisher":"https:\/\/www.facebook.com\/crossfitvaskia","article_modified_time":"2026-04-08T17:43:10+00:00","og_image":[{"width":500,"height":500,"url":"https:\/\/shop.crossfitvaskia.com\/wp-content\/uploads\/sites\/5\/2024\/11\/calcetines-crossfit-aljarafe-gines-twogies-bufalolifter-2.jpg","type":"image\/jpeg"}],"twitter_card":"summary_large_image","twitter_site":"@crossfitvaskia","schema":{"@context":"https:\/\/schema.org","@graph":[{"@type":"WebPage","@id":"https:\/\/shop.crossfitvaskia.com\/?product=calcetines-crossfit-twogies","url":"https:\/\/shop.crossfitvaskia.com\/?product=calcetines-crossfit-twogies","name":"Calcetines Divertidos CrossFit | TWOGIES - Tienda de CrossFit Vaskia","isPartOf":{"@id":"https:\/\/shop.crossfitvaskia.com\/#website"},"primaryImageOfPage":{"@id":"https:\/\/shop.crossfitvaskia.com\/?product=calcetines-crossfit-twogies#primaryimage"},"image":{"@id":"https:\/\/shop.crossfitvaskia.com\/?product=calcetines-crossfit-twogies#primaryimage"},"thumbnailUrl":"https:\/\/shop.crossfitvaskia.com\/wp-content\/uploads\/sites\/5\/2024\/11\/calcetines-crossfit-aljarafe-gines-twogies-bufalolifter-2.jpg","datePublished":"2024-01-29T11:45:32+00:00","dateModified":"2026-04-08T17:43:10+00:00","description":"Calcetines de crossfit de entrenamiento. Dise\u00f1ado y fabricado en Espa\u00f1a.Tejido de algod\u00f3n org\u00e1nico con una suavidad y transpiraci\u00f3n extra. Puntera y tal\u00f3n acolchados para mayo comodidad y amortiguaci\u00f3n.Puntera y tal\u00f3n reforzados para aumentar su durabilidad y sin costuras para evitar cualquier tipo de rozadura durante el entrenamiento.","breadcrumb":{"@id":"https:\/\/shop.crossfitvaskia.com\/?product=calcetines-crossfit-twogies#breadcrumb"},"inLanguage":"es","potentialAction":[{"@type":"ReadAction","target":["https:\/\/shop.crossfitvaskia.com\/?product=calcetines-crossfit-twogies"]}]},{"@type":"ImageObject","inLanguage":"es","@id":"https:\/\/shop.crossfitvaskia.com\/?product=calcetines-crossfit-twogies#primaryimage","url":"https:\/\/shop.crossfitvaskia.com\/wp-content\/uploads\/sites\/5\/2024\/11\/calcetines-crossfit-aljarafe-gines-twogies-bufalolifter-2.jpg","contentUrl":"https:\/\/shop.crossfitvaskia.com\/wp-content\/uploads\/sites\/5\/2024\/11\/calcetines-crossfit-aljarafe-gines-twogies-bufalolifter-2.jpg","width":500,"height":500},{"@type":"BreadcrumbList","@id":"https:\/\/shop.crossfitvaskia.com\/?product=calcetines-crossfit-twogies#breadcrumb","itemListElement":[{"@type":"ListItem","position":1,"name":"Portada","item":"https:\/\/shop.crossfitvaskia.com\/"},{"@type":"ListItem","position":2,"name":"TIENDA CROSSFIT","item":"https:\/\/shop.crossfitvaskia.com\/"},{"@type":"ListItem","position":3,"name":"Calcetines Divertidos CrossFit | TWOGIES"}]},{"@type":"WebSite","@id":"https:\/\/shop.crossfitvaskia.com\/#website","url":"https:\/\/shop.crossfitvaskia.com\/","name":"Tienda de CrossFit Vaskia","description":"Accesorios de CrossFit en el Aljarafe.","publisher":{"@id":"https:\/\/shop.crossfitvaskia.com\/#organization"},"potentialAction":[{"@type":"SearchAction","target":{"@type":"EntryPoint","urlTemplate":"https:\/\/shop.crossfitvaskia.com\/?s={search_term_string}"},"query-input":{"@type":"PropertyValueSpecification","valueRequired":true,"valueName":"search_term_string"}}],"inLanguage":"es"},{"@type":"Organization","@id":"https:\/\/shop.crossfitvaskia.com\/#organization","name":"Tienda de CrossFit Vaskia","url":"https:\/\/shop.crossfitvaskia.com\/","logo":{"@type":"ImageObject","inLanguage":"es","@id":"https:\/\/shop.crossfitvaskia.com\/#\/schema\/logo\/image\/","url":"https:\/\/shop.crossfitvaskia.com\/wp-content\/uploads\/sites\/5\/2022\/11\/img-logo-vaskia.png","contentUrl":"https:\/\/shop.crossfitvaskia.com\/wp-content\/uploads\/sites\/5\/2022\/11\/img-logo-vaskia.png","width":657,"height":681,"caption":"Tienda de CrossFit Vaskia"},"image":{"@id":"https:\/\/shop.crossfitvaskia.com\/#\/schema\/logo\/image\/"},"sameAs":["https:\/\/www.facebook.com\/crossfitvaskia","https:\/\/x.com\/crossfitvaskia","https:\/\/www.instagram.com\/crossfitvaskia\/","https:\/\/www.youtube.com\/c\/CrossfitVaskia"]}]}},"jetpack_sharing_enabled":true,"_links":{"self":[{"href":"https:\/\/shop.crossfitvaskia.com\/index.php?rest_route=\/wp\/v2\/product\/3269","targetHints":{"allow":["GET"]}}],"collection":[{"href":"https:\/\/shop.crossfitvaskia.com\/index.php?rest_route=\/wp\/v2\/product"}],"about":[{"href":"https:\/\/shop.crossfitvaskia.com\/index.php?rest_route=\/wp\/v2\/types\/product"}],"replies":[{"embeddable":true,"href":"https:\/\/shop.crossfitvaskia.com\/index.php?rest_route=%2Fwp%2Fv2%2Fcomments&post=3269"}],"wp:featuredmedia":[{"embeddable":true,"href":"https:\/\/shop.crossfitvaskia.com\/index.php?rest_route=\/wp\/v2\/media\/3668"}],"wp:attachment":[{"href":"https:\/\/shop.crossfitvaskia.com\/index.php?rest_route=%2Fwp%2Fv2%2Fmedia&parent=3269"}],"wp:term":[{"taxonomy":"product_brand","embeddable":true,"href":"https:\/\/shop.crossfitvaskia.com\/index.php?rest_route=%2Fwp%2Fv2%2Fproduct_brand&post=3269"},{"taxonomy":"product_cat","embeddable":true,"href":"https:\/\/shop.crossfitvaskia.com\/index.php?rest_route=%2Fwp%2Fv2%2Fproduct_cat&post=3269"},{"taxonomy":"product_tag","embeddable":true,"href":"https:\/\/shop.crossfitvaskia.com\/index.php?rest_route=%2Fwp%2Fv2%2Fproduct_tag&post=3269"}],"curies":[{"name":"wp","href":"https:\/\/api.w.org\/{rel}","templated":true}]}}