{"id":3333,"date":"2024-03-15T17:42:27","date_gmt":"2024-03-15T16:42:27","guid":{"rendered":"https:\/\/shop.crossfitvaskia.com\/?post_type=product&#038;p=3333"},"modified":"2025-06-25T19:42:12","modified_gmt":"2025-06-25T18:42:12","slug":"pelota-liberacion-miofascial-velites","status":"publish","type":"product","link":"https:\/\/shop.crossfitvaskia.com\/?product=pelota-liberacion-miofascial-velites","title":{"rendered":"Pelota liberaci\u00f3n miofascial | VELITES"},"content":{"rendered":"<p><b>BOLA DE ALTA CALIDAD &#8211;\u00a0<\/b>Fabricada con goma flexible de alta calidad que permite un masaje profundo sin da\u00f1ar los m\u00fasculos.<\/p>\n<p><strong>RECUPERA MEJOR LAS ZONAS M\u00c1S CARGADAS<\/strong>\u00a0&#8211; Con la Bola de Lacrosse podr\u00e1s masajear las zonas espec\u00edficas que m\u00e1s necesitas recuperar.<\/p>\n<p><strong>IDEAL PARA CUELLO, GL\u00daTEOS, HOMBROS<\/strong>\u00a0&#8211; Libera la tensi\u00f3n masajeando las zonas de mayor rigidez.<\/p>\n<p><strong>ESTIMULA LA CIRCULACI\u00d3N Y OXIGENA TEJIDOS BLANDOS<\/strong>\u00a0&#8211; Mejora miofascial de los tejidos blandos. \u00abLubrica tus m\u00fasculos\u00bb y recupera antes.<\/p>\n<p><strong>COMPLEMENTO NATURAL DEL FOAM ROLLER<\/strong>\u00a0&#8211; Incide en las zonas que te cuesta masajear con el Foam Roller o aquellas que necesitan de un trabajo \u00abextra\u00bb.<\/p>\n","protected":false},"excerpt":{"rendered":"<p><b>BOLA DE ALTA CALIDAD &#8211;\u00a0<\/b>Fabricada con goma flexible de alta calidad que permite un masaje profundo sin da\u00f1ar los m\u00fasculos.<\/p>\n<p><strong>RECUPERA MEJOR LAS ZONAS M\u00c1S CARGADAS<\/strong>\u00a0&#8211; Con la Bola de Lacrosse podr\u00e1s masajear las zonas espec\u00edficas que m\u00e1s necesitas recuperar.<\/p>\n<p><strong>IDEAL PARA CUELLO, GL\u00daTEOS, HOMBROS<\/strong>\u00a0&#8211; Libera la tensi\u00f3n masajeando las zonas de mayor rigidez.<\/p>\n<p><strong>ESTIMULA LA CIRCULACI\u00d3N Y OXIGENA TEJIDOS BLANDOS<\/strong>\u00a0&#8211; Mejora miofascial de los tejidos blandos. \u00abLubrica tus m\u00fasculos\u00bb y recupera antes.<\/p>\n<p><strong>COMPLEMENTO NATURAL DEL FOAM ROLLER<\/strong>\u00a0&#8211; Incide en las zonas que te cuesta masajear con el Foam Roller o aquellas que necesitan de un trabajo \u00abextra\u00bb.<\/p>\n","protected":false},"featured_media":3341,"comment_status":"open","ping_status":"closed","template":"","meta":[],"product_brand":[],"product_cat":[32,35],"product_tag":[151,149,148,150,147,300],"class_list":{"0":"post-3333","1":"product","2":"type-product","3":"status-publish","4":"has-post-thumbnail","6":"product_cat-accesorios-crossfit-crosstraing","7":"product_cat-movilidad-crossfit","8":"product_tag-liberacion-miofacial","9":"product_tag-mobility-ball","10":"product_tag-movilidad","11":"product_tag-pelota-crossfit","12":"product_tag-pelota-movilidad","13":"product_tag-velites","14":"product_shipping_class-recogida-en-tienda","16":"first","17":"outofstock","18":"sale","19":"shipping-taxable","20":"purchasable","21":"product-type-simple"},"yoast_head":"<!-- This site is optimized with the Yoast SEO plugin v25.3 - https:\/\/yoast.com\/wordpress\/plugins\/seo\/ -->\n<title>Pelota liberaci\u00f3n miofascial | VELITES - Tienda de CrossFit Vaskia<\/title>\n<meta name=\"description\" content=\"BOLA DE ALTA CALIDAD - Fabricada con goma flexible de alta calidad que permite un masaje profundo sin da\u00f1ar los m\u00fasculos.\" \/>\n<meta name=\"robots\" content=\"index, follow, max-snippet:-1, max-image-preview:large, max-video-preview:-1\" \/>\n<link rel=\"canonical\" href=\"https:\/\/shop.crossfitvaskia.com\/?product=pelota-liberacion-miofascial-velites\" \/>\n<meta property=\"og:locale\" content=\"es_ES\" \/>\n<meta property=\"og:type\" content=\"article\" \/>\n<meta property=\"og:title\" content=\"Pelota liberaci\u00f3n miofascial | VELITES - Tienda de CrossFit Vaskia\" \/>\n<meta property=\"og:description\" content=\"BOLA DE ALTA CALIDAD - Fabricada con goma flexible de alta calidad que permite un masaje profundo sin da\u00f1ar los m\u00fasculos.\" \/>\n<meta property=\"og:url\" content=\"https:\/\/shop.crossfitvaskia.com\/?product=pelota-liberacion-miofascial-velites\" \/>\n<meta property=\"og:site_name\" content=\"Tienda de CrossFit Vaskia\" \/>\n<meta property=\"article:publisher\" content=\"https:\/\/www.facebook.com\/crossfitvaskia\" \/>\n<meta property=\"article:modified_time\" content=\"2025-06-25T18:42:12+00:00\" \/>\n<meta property=\"og:image\" content=\"https:\/\/shop.crossfitvaskia.com\/wp-content\/uploads\/sites\/5\/2024\/03\/pelota-movilidad-velites-crossfit.jpg\" \/>\n\t<meta property=\"og:image:width\" content=\"1000\" \/>\n\t<meta property=\"og:image:height\" content=\"1000\" \/>\n\t<meta property=\"og:image:type\" content=\"image\/jpeg\" \/>\n<meta name=\"twitter:card\" content=\"summary_large_image\" \/>\n<meta name=\"twitter:site\" content=\"@crossfitvaskia\" \/>\n<script type=\"application\/ld+json\" class=\"yoast-schema-graph\">{\"@context\":\"https:\/\/schema.org\",\"@graph\":[{\"@type\":\"WebPage\",\"@id\":\"https:\/\/shop.crossfitvaskia.com\/?product=pelota-liberacion-miofascial-velites\",\"url\":\"https:\/\/shop.crossfitvaskia.com\/?product=pelota-liberacion-miofascial-velites\",\"name\":\"Pelota liberaci\u00f3n miofascial | VELITES - Tienda de CrossFit Vaskia\",\"isPartOf\":{\"@id\":\"https:\/\/shop.crossfitvaskia.com\/#website\"},\"primaryImageOfPage\":{\"@id\":\"https:\/\/shop.crossfitvaskia.com\/?product=pelota-liberacion-miofascial-velites#primaryimage\"},\"image\":{\"@id\":\"https:\/\/shop.crossfitvaskia.com\/?product=pelota-liberacion-miofascial-velites#primaryimage\"},\"thumbnailUrl\":\"https:\/\/shop.crossfitvaskia.com\/wp-content\/uploads\/sites\/5\/2024\/03\/pelota-movilidad-velites-crossfit.jpg\",\"datePublished\":\"2024-03-15T16:42:27+00:00\",\"dateModified\":\"2025-06-25T18:42:12+00:00\",\"description\":\"BOLA DE ALTA CALIDAD - Fabricada con goma flexible de alta calidad que permite un masaje profundo sin da\u00f1ar los m\u00fasculos.\",\"breadcrumb\":{\"@id\":\"https:\/\/shop.crossfitvaskia.com\/?product=pelota-liberacion-miofascial-velites#breadcrumb\"},\"inLanguage\":\"es\",\"potentialAction\":[{\"@type\":\"ReadAction\",\"target\":[\"https:\/\/shop.crossfitvaskia.com\/?product=pelota-liberacion-miofascial-velites\"]}]},{\"@type\":\"ImageObject\",\"inLanguage\":\"es\",\"@id\":\"https:\/\/shop.crossfitvaskia.com\/?product=pelota-liberacion-miofascial-velites#primaryimage\",\"url\":\"https:\/\/shop.crossfitvaskia.com\/wp-content\/uploads\/sites\/5\/2024\/03\/pelota-movilidad-velites-crossfit.jpg\",\"contentUrl\":\"https:\/\/shop.crossfitvaskia.com\/wp-content\/uploads\/sites\/5\/2024\/03\/pelota-movilidad-velites-crossfit.jpg\",\"width\":1000,\"height\":1000},{\"@type\":\"BreadcrumbList\",\"@id\":\"https:\/\/shop.crossfitvaskia.com\/?product=pelota-liberacion-miofascial-velites#breadcrumb\",\"itemListElement\":[{\"@type\":\"ListItem\",\"position\":1,\"name\":\"Portada\",\"item\":\"https:\/\/shop.crossfitvaskia.com\/\"},{\"@type\":\"ListItem\",\"position\":2,\"name\":\"TIENDA CROSSFIT\",\"item\":\"https:\/\/shop.crossfitvaskia.com\/\"},{\"@type\":\"ListItem\",\"position\":3,\"name\":\"Pelota liberaci\u00f3n miofascial | VELITES\"}]},{\"@type\":\"WebSite\",\"@id\":\"https:\/\/shop.crossfitvaskia.com\/#website\",\"url\":\"https:\/\/shop.crossfitvaskia.com\/\",\"name\":\"Tienda de CrossFit Vaskia\",\"description\":\"Accesorios de CrossFit en el Aljarafe.\",\"publisher\":{\"@id\":\"https:\/\/shop.crossfitvaskia.com\/#organization\"},\"potentialAction\":[{\"@type\":\"SearchAction\",\"target\":{\"@type\":\"EntryPoint\",\"urlTemplate\":\"https:\/\/shop.crossfitvaskia.com\/?s={search_term_string}\"},\"query-input\":{\"@type\":\"PropertyValueSpecification\",\"valueRequired\":true,\"valueName\":\"search_term_string\"}}],\"inLanguage\":\"es\"},{\"@type\":\"Organization\",\"@id\":\"https:\/\/shop.crossfitvaskia.com\/#organization\",\"name\":\"Tienda de CrossFit Vaskia\",\"url\":\"https:\/\/shop.crossfitvaskia.com\/\",\"logo\":{\"@type\":\"ImageObject\",\"inLanguage\":\"es\",\"@id\":\"https:\/\/shop.crossfitvaskia.com\/#\/schema\/logo\/image\/\",\"url\":\"https:\/\/shop.crossfitvaskia.com\/wp-content\/uploads\/sites\/5\/2022\/11\/img-logo-vaskia.png\",\"contentUrl\":\"https:\/\/shop.crossfitvaskia.com\/wp-content\/uploads\/sites\/5\/2022\/11\/img-logo-vaskia.png\",\"width\":657,\"height\":681,\"caption\":\"Tienda de CrossFit Vaskia\"},\"image\":{\"@id\":\"https:\/\/shop.crossfitvaskia.com\/#\/schema\/logo\/image\/\"},\"sameAs\":[\"https:\/\/www.facebook.com\/crossfitvaskia\",\"https:\/\/x.com\/crossfitvaskia\",\"https:\/\/www.instagram.com\/crossfitvaskia\/\",\"https:\/\/www.youtube.com\/c\/CrossfitVaskia\"]}]}<\/script>\n<!-- \/ Yoast SEO plugin. -->","yoast_head_json":{"title":"Pelota liberaci\u00f3n miofascial | VELITES - Tienda de CrossFit Vaskia","description":"BOLA DE ALTA CALIDAD - Fabricada con goma flexible de alta calidad que permite un masaje profundo sin da\u00f1ar los m\u00fasculos.","robots":{"index":"index","follow":"follow","max-snippet":"max-snippet:-1","max-image-preview":"max-image-preview:large","max-video-preview":"max-video-preview:-1"},"canonical":"https:\/\/shop.crossfitvaskia.com\/?product=pelota-liberacion-miofascial-velites","og_locale":"es_ES","og_type":"article","og_title":"Pelota liberaci\u00f3n miofascial | VELITES - Tienda de CrossFit Vaskia","og_description":"BOLA DE ALTA CALIDAD - Fabricada con goma flexible de alta calidad que permite un masaje profundo sin da\u00f1ar los m\u00fasculos.","og_url":"https:\/\/shop.crossfitvaskia.com\/?product=pelota-liberacion-miofascial-velites","og_site_name":"Tienda de CrossFit Vaskia","article_publisher":"https:\/\/www.facebook.com\/crossfitvaskia","article_modified_time":"2025-06-25T18:42:12+00:00","og_image":[{"width":1000,"height":1000,"url":"https:\/\/shop.crossfitvaskia.com\/wp-content\/uploads\/sites\/5\/2024\/03\/pelota-movilidad-velites-crossfit.jpg","type":"image\/jpeg"}],"twitter_card":"summary_large_image","twitter_site":"@crossfitvaskia","schema":{"@context":"https:\/\/schema.org","@graph":[{"@type":"WebPage","@id":"https:\/\/shop.crossfitvaskia.com\/?product=pelota-liberacion-miofascial-velites","url":"https:\/\/shop.crossfitvaskia.com\/?product=pelota-liberacion-miofascial-velites","name":"Pelota liberaci\u00f3n miofascial | VELITES - Tienda de CrossFit Vaskia","isPartOf":{"@id":"https:\/\/shop.crossfitvaskia.com\/#website"},"primaryImageOfPage":{"@id":"https:\/\/shop.crossfitvaskia.com\/?product=pelota-liberacion-miofascial-velites#primaryimage"},"image":{"@id":"https:\/\/shop.crossfitvaskia.com\/?product=pelota-liberacion-miofascial-velites#primaryimage"},"thumbnailUrl":"https:\/\/shop.crossfitvaskia.com\/wp-content\/uploads\/sites\/5\/2024\/03\/pelota-movilidad-velites-crossfit.jpg","datePublished":"2024-03-15T16:42:27+00:00","dateModified":"2025-06-25T18:42:12+00:00","description":"BOLA DE ALTA CALIDAD - Fabricada con goma flexible de alta calidad que permite un masaje profundo sin da\u00f1ar los m\u00fasculos.","breadcrumb":{"@id":"https:\/\/shop.crossfitvaskia.com\/?product=pelota-liberacion-miofascial-velites#breadcrumb"},"inLanguage":"es","potentialAction":[{"@type":"ReadAction","target":["https:\/\/shop.crossfitvaskia.com\/?product=pelota-liberacion-miofascial-velites"]}]},{"@type":"ImageObject","inLanguage":"es","@id":"https:\/\/shop.crossfitvaskia.com\/?product=pelota-liberacion-miofascial-velites#primaryimage","url":"https:\/\/shop.crossfitvaskia.com\/wp-content\/uploads\/sites\/5\/2024\/03\/pelota-movilidad-velites-crossfit.jpg","contentUrl":"https:\/\/shop.crossfitvaskia.com\/wp-content\/uploads\/sites\/5\/2024\/03\/pelota-movilidad-velites-crossfit.jpg","width":1000,"height":1000},{"@type":"BreadcrumbList","@id":"https:\/\/shop.crossfitvaskia.com\/?product=pelota-liberacion-miofascial-velites#breadcrumb","itemListElement":[{"@type":"ListItem","position":1,"name":"Portada","item":"https:\/\/shop.crossfitvaskia.com\/"},{"@type":"ListItem","position":2,"name":"TIENDA CROSSFIT","item":"https:\/\/shop.crossfitvaskia.com\/"},{"@type":"ListItem","position":3,"name":"Pelota liberaci\u00f3n miofascial | VELITES"}]},{"@type":"WebSite","@id":"https:\/\/shop.crossfitvaskia.com\/#website","url":"https:\/\/shop.crossfitvaskia.com\/","name":"Tienda de CrossFit Vaskia","description":"Accesorios de CrossFit en el Aljarafe.","publisher":{"@id":"https:\/\/shop.crossfitvaskia.com\/#organization"},"potentialAction":[{"@type":"SearchAction","target":{"@type":"EntryPoint","urlTemplate":"https:\/\/shop.crossfitvaskia.com\/?s={search_term_string}"},"query-input":{"@type":"PropertyValueSpecification","valueRequired":true,"valueName":"search_term_string"}}],"inLanguage":"es"},{"@type":"Organization","@id":"https:\/\/shop.crossfitvaskia.com\/#organization","name":"Tienda de CrossFit Vaskia","url":"https:\/\/shop.crossfitvaskia.com\/","logo":{"@type":"ImageObject","inLanguage":"es","@id":"https:\/\/shop.crossfitvaskia.com\/#\/schema\/logo\/image\/","url":"https:\/\/shop.crossfitvaskia.com\/wp-content\/uploads\/sites\/5\/2022\/11\/img-logo-vaskia.png","contentUrl":"https:\/\/shop.crossfitvaskia.com\/wp-content\/uploads\/sites\/5\/2022\/11\/img-logo-vaskia.png","width":657,"height":681,"caption":"Tienda de CrossFit Vaskia"},"image":{"@id":"https:\/\/shop.crossfitvaskia.com\/#\/schema\/logo\/image\/"},"sameAs":["https:\/\/www.facebook.com\/crossfitvaskia","https:\/\/x.com\/crossfitvaskia","https:\/\/www.instagram.com\/crossfitvaskia\/","https:\/\/www.youtube.com\/c\/CrossfitVaskia"]}]}},"jetpack_sharing_enabled":true,"_links":{"self":[{"href":"https:\/\/shop.crossfitvaskia.com\/index.php?rest_route=\/wp\/v2\/product\/3333","targetHints":{"allow":["GET"]}}],"collection":[{"href":"https:\/\/shop.crossfitvaskia.com\/index.php?rest_route=\/wp\/v2\/product"}],"about":[{"href":"https:\/\/shop.crossfitvaskia.com\/index.php?rest_route=\/wp\/v2\/types\/product"}],"replies":[{"embeddable":true,"href":"https:\/\/shop.crossfitvaskia.com\/index.php?rest_route=%2Fwp%2Fv2%2Fcomments&post=3333"}],"wp:featuredmedia":[{"embeddable":true,"href":"https:\/\/shop.crossfitvaskia.com\/index.php?rest_route=\/wp\/v2\/media\/3341"}],"wp:attachment":[{"href":"https:\/\/shop.crossfitvaskia.com\/index.php?rest_route=%2Fwp%2Fv2%2Fmedia&parent=3333"}],"wp:term":[{"taxonomy":"product_brand","embeddable":true,"href":"https:\/\/shop.crossfitvaskia.com\/index.php?rest_route=%2Fwp%2Fv2%2Fproduct_brand&post=3333"},{"taxonomy":"product_cat","embeddable":true,"href":"https:\/\/shop.crossfitvaskia.com\/index.php?rest_route=%2Fwp%2Fv2%2Fproduct_cat&post=3333"},{"taxonomy":"product_tag","embeddable":true,"href":"https:\/\/shop.crossfitvaskia.com\/index.php?rest_route=%2Fwp%2Fv2%2Fproduct_tag&post=3333"}],"curies":[{"name":"wp","href":"https:\/\/api.w.org\/{rel}","templated":true}]}}