{"id":3344,"date":"2024-03-15T18:50:16","date_gmt":"2024-03-15T17:50:16","guid":{"rendered":"https:\/\/shop.crossfitvaskia.com\/?post_type=product&#038;p=3344"},"modified":"2026-01-23T16:20:37","modified_gmt":"2026-01-23T15:20:37","slug":"munequera-para-crossfit-velites","status":"publish","type":"product","link":"https:\/\/shop.crossfitvaskia.com\/?product=munequera-para-crossfit-velites","title":{"rendered":"mu\u00f1equera para CrossFit | VELITES"},"content":{"rendered":"<p><strong>TU TE MUEVES, \u00a1ELLAS NO!<\/strong>\u00a0&#8211; Dise\u00f1adas para entrenamiento funcional, fuerza o halterofilia y sobre todo para no perder sujeci\u00f3n durante el entrenamiento en ning\u00fan momento.<\/p>\n<p><strong>AYUDAN A MEJORAR TUS MARCAS<\/strong>\u00a0&#8211; Gracias a su sujeci\u00f3n \u00fanica ayudan a mejorar tus marcas en OHS, Snatch y Clean and Jerk.<\/p>\n<p><strong>PROTEGE TUS MU\u00d1ECAS<\/strong>\u00a0&#8211; Es una de las zonas m\u00e1s habituales de dolor que hay que proteger. Usa unas mu\u00f1equeras que est\u00e9n a la altura y no te la juegues.<\/p>\n<p><strong>MATERIAL BICAPA PATENTADO<\/strong>\u00a0&#8211; Hechas en material no procedente de animales. Resistentes y ligeramente el\u00e1sticas para un ajuste perfecto.<\/p>\n","protected":false},"excerpt":{"rendered":"<p><strong>TU TE MUEVES, \u00a1ELLAS NO!<\/strong>\u00a0&#8211; Dise\u00f1adas para entrenamiento funcional, fuerza o halterofilia y sobre todo para no perder sujeci\u00f3n durante el entrenamiento en ning\u00fan momento.<\/p>\n<p><strong>AYUDAN A MEJORAR TUS MARCAS<\/strong>\u00a0&#8211; Gracias a su sujeci\u00f3n \u00fanica ayudan a mejorar tus marcas en OHS, Snatch y Clean and Jerk.<\/p>\n<p><strong>PROTEGE TUS MU\u00d1ECAS<\/strong>\u00a0&#8211; Es una de las zonas m\u00e1s habituales de dolor que hay que proteger. Usa unas mu\u00f1equeras que est\u00e9n a la altura y no te la juegues.<\/p>\n<p><strong>MATERIAL BICAPA PATENTADO<\/strong>\u00a0&#8211; Hechas en material no procedente de animales. Resistentes y ligeramente el\u00e1sticas para un ajuste perfecto.<\/p>\n","protected":false},"featured_media":3353,"comment_status":"closed","ping_status":"closed","template":"","meta":[],"product_brand":[],"product_cat":[32,68],"product_tag":[140,141,142],"class_list":{"0":"post-3344","1":"product","2":"type-product","3":"status-publish","4":"has-post-thumbnail","6":"product_cat-accesorios-crossfit-crosstraing","7":"product_cat-munequeras","8":"product_tag-munequeras","9":"product_tag-munequeras-crossfit","10":"product_tag-munequeras-halterofilia","11":"product_shipping_class-recogida-en-tienda","13":"first","14":"outofstock","15":"sale","16":"featured","17":"shipping-taxable","18":"purchasable","19":"product-type-variable"},"yoast_head":"<!-- This site is optimized with the Yoast SEO plugin v25.3 - https:\/\/yoast.com\/wordpress\/plugins\/seo\/ -->\n<title>mu\u00f1equera para CrossFit | VELITES - Tienda de CrossFit Vaskia<\/title>\n<meta name=\"description\" content=\"MU\u00d1EQUERA PARA CROSSFIT. TU TE MUEVES, \u00a1ELLAS NO! - Dise\u00f1adas para entrenamiento funcional, fuerza o halterofilia y sobre todo para no perder sujeci\u00f3n durante el entrenamiento en ning\u00fan momento.AYUDAN A MEJORAR TUS MARCAS - Gracias a su sujeci\u00f3n \u00fanica ayudan a mejorar tus marcas en OHS, Snatch y Clean and Jerk.PROTEGE TUS MU\u00d1ECAS - Es una de las zonas m\u00e1s habituales de dolor que hay que proteger. Usa unas mu\u00f1equeras que est\u00e9n a la altura y no te la juegues.MATERIAL BICAPA PATENTADO - Hechas en material no procedente de animales. Resistentes y ligeramente el\u00e1sticas para un ajuste perfecto.\" \/>\n<meta name=\"robots\" content=\"index, follow, max-snippet:-1, max-image-preview:large, max-video-preview:-1\" \/>\n<link rel=\"canonical\" href=\"https:\/\/shop.crossfitvaskia.com\/?product=munequera-para-crossfit-velites\" \/>\n<meta property=\"og:locale\" content=\"es_ES\" \/>\n<meta property=\"og:type\" content=\"article\" \/>\n<meta property=\"og:title\" content=\"mu\u00f1equera para CrossFit | VELITES - Tienda de CrossFit Vaskia\" \/>\n<meta property=\"og:description\" content=\"MU\u00d1EQUERA PARA CROSSFIT. TU TE MUEVES, \u00a1ELLAS NO! - Dise\u00f1adas para entrenamiento funcional, fuerza o halterofilia y sobre todo para no perder sujeci\u00f3n durante el entrenamiento en ning\u00fan momento.AYUDAN A MEJORAR TUS MARCAS - Gracias a su sujeci\u00f3n \u00fanica ayudan a mejorar tus marcas en OHS, Snatch y Clean and Jerk.PROTEGE TUS MU\u00d1ECAS - Es una de las zonas m\u00e1s habituales de dolor que hay que proteger. Usa unas mu\u00f1equeras que est\u00e9n a la altura y no te la juegues.MATERIAL BICAPA PATENTADO - Hechas en material no procedente de animales. Resistentes y ligeramente el\u00e1sticas para un ajuste perfecto.\" \/>\n<meta property=\"og:url\" content=\"https:\/\/shop.crossfitvaskia.com\/?product=munequera-para-crossfit-velites\" \/>\n<meta property=\"og:site_name\" content=\"Tienda de CrossFit Vaskia\" \/>\n<meta property=\"article:publisher\" content=\"https:\/\/www.facebook.com\/crossfitvaskia\" \/>\n<meta property=\"article:modified_time\" content=\"2026-01-23T15:20:37+00:00\" \/>\n<meta property=\"og:image\" content=\"https:\/\/shop.crossfitvaskia.com\/wp-content\/uploads\/sites\/5\/2024\/03\/velites-proteccion-munecas-negro.jpg\" \/>\n\t<meta property=\"og:image:width\" content=\"1000\" \/>\n\t<meta property=\"og:image:height\" content=\"1000\" \/>\n\t<meta property=\"og:image:type\" content=\"image\/jpeg\" \/>\n<meta name=\"twitter:card\" content=\"summary_large_image\" \/>\n<meta name=\"twitter:site\" content=\"@crossfitvaskia\" \/>\n<script type=\"application\/ld+json\" class=\"yoast-schema-graph\">{\"@context\":\"https:\/\/schema.org\",\"@graph\":[{\"@type\":\"WebPage\",\"@id\":\"https:\/\/shop.crossfitvaskia.com\/?product=munequera-para-crossfit-velites\",\"url\":\"https:\/\/shop.crossfitvaskia.com\/?product=munequera-para-crossfit-velites\",\"name\":\"mu\u00f1equera para CrossFit | VELITES - Tienda de CrossFit Vaskia\",\"isPartOf\":{\"@id\":\"https:\/\/shop.crossfitvaskia.com\/#website\"},\"primaryImageOfPage\":{\"@id\":\"https:\/\/shop.crossfitvaskia.com\/?product=munequera-para-crossfit-velites#primaryimage\"},\"image\":{\"@id\":\"https:\/\/shop.crossfitvaskia.com\/?product=munequera-para-crossfit-velites#primaryimage\"},\"thumbnailUrl\":\"https:\/\/shop.crossfitvaskia.com\/wp-content\/uploads\/sites\/5\/2024\/03\/velites-proteccion-munecas-negro.jpg\",\"datePublished\":\"2024-03-15T17:50:16+00:00\",\"dateModified\":\"2026-01-23T15:20:37+00:00\",\"description\":\"MU\u00d1EQUERA PARA CROSSFIT. TU TE MUEVES, \u00a1ELLAS NO! - Dise\u00f1adas para entrenamiento funcional, fuerza o halterofilia y sobre todo para no perder sujeci\u00f3n durante el entrenamiento en ning\u00fan momento.AYUDAN A MEJORAR TUS MARCAS - Gracias a su sujeci\u00f3n \u00fanica ayudan a mejorar tus marcas en OHS, Snatch y Clean and Jerk.PROTEGE TUS MU\u00d1ECAS - Es una de las zonas m\u00e1s habituales de dolor que hay que proteger. Usa unas mu\u00f1equeras que est\u00e9n a la altura y no te la juegues.MATERIAL BICAPA PATENTADO - Hechas en material no procedente de animales. Resistentes y ligeramente el\u00e1sticas para un ajuste perfecto.\",\"breadcrumb\":{\"@id\":\"https:\/\/shop.crossfitvaskia.com\/?product=munequera-para-crossfit-velites#breadcrumb\"},\"inLanguage\":\"es\",\"potentialAction\":[{\"@type\":\"ReadAction\",\"target\":[\"https:\/\/shop.crossfitvaskia.com\/?product=munequera-para-crossfit-velites\"]}]},{\"@type\":\"ImageObject\",\"inLanguage\":\"es\",\"@id\":\"https:\/\/shop.crossfitvaskia.com\/?product=munequera-para-crossfit-velites#primaryimage\",\"url\":\"https:\/\/shop.crossfitvaskia.com\/wp-content\/uploads\/sites\/5\/2024\/03\/velites-proteccion-munecas-negro.jpg\",\"contentUrl\":\"https:\/\/shop.crossfitvaskia.com\/wp-content\/uploads\/sites\/5\/2024\/03\/velites-proteccion-munecas-negro.jpg\",\"width\":1000,\"height\":1000},{\"@type\":\"BreadcrumbList\",\"@id\":\"https:\/\/shop.crossfitvaskia.com\/?product=munequera-para-crossfit-velites#breadcrumb\",\"itemListElement\":[{\"@type\":\"ListItem\",\"position\":1,\"name\":\"Portada\",\"item\":\"https:\/\/shop.crossfitvaskia.com\/\"},{\"@type\":\"ListItem\",\"position\":2,\"name\":\"TIENDA CROSSFIT\",\"item\":\"https:\/\/shop.crossfitvaskia.com\/\"},{\"@type\":\"ListItem\",\"position\":3,\"name\":\"mu\u00f1equera para CrossFit | VELITES\"}]},{\"@type\":\"WebSite\",\"@id\":\"https:\/\/shop.crossfitvaskia.com\/#website\",\"url\":\"https:\/\/shop.crossfitvaskia.com\/\",\"name\":\"Tienda de CrossFit Vaskia\",\"description\":\"Accesorios de CrossFit en el Aljarafe.\",\"publisher\":{\"@id\":\"https:\/\/shop.crossfitvaskia.com\/#organization\"},\"potentialAction\":[{\"@type\":\"SearchAction\",\"target\":{\"@type\":\"EntryPoint\",\"urlTemplate\":\"https:\/\/shop.crossfitvaskia.com\/?s={search_term_string}\"},\"query-input\":{\"@type\":\"PropertyValueSpecification\",\"valueRequired\":true,\"valueName\":\"search_term_string\"}}],\"inLanguage\":\"es\"},{\"@type\":\"Organization\",\"@id\":\"https:\/\/shop.crossfitvaskia.com\/#organization\",\"name\":\"Tienda de CrossFit Vaskia\",\"url\":\"https:\/\/shop.crossfitvaskia.com\/\",\"logo\":{\"@type\":\"ImageObject\",\"inLanguage\":\"es\",\"@id\":\"https:\/\/shop.crossfitvaskia.com\/#\/schema\/logo\/image\/\",\"url\":\"https:\/\/shop.crossfitvaskia.com\/wp-content\/uploads\/sites\/5\/2022\/11\/img-logo-vaskia.png\",\"contentUrl\":\"https:\/\/shop.crossfitvaskia.com\/wp-content\/uploads\/sites\/5\/2022\/11\/img-logo-vaskia.png\",\"width\":657,\"height\":681,\"caption\":\"Tienda de CrossFit Vaskia\"},\"image\":{\"@id\":\"https:\/\/shop.crossfitvaskia.com\/#\/schema\/logo\/image\/\"},\"sameAs\":[\"https:\/\/www.facebook.com\/crossfitvaskia\",\"https:\/\/x.com\/crossfitvaskia\",\"https:\/\/www.instagram.com\/crossfitvaskia\/\",\"https:\/\/www.youtube.com\/c\/CrossfitVaskia\"]}]}<\/script>\n<!-- \/ Yoast SEO plugin. -->","yoast_head_json":{"title":"mu\u00f1equera para CrossFit | VELITES - Tienda de CrossFit Vaskia","description":"MU\u00d1EQUERA PARA CROSSFIT. TU TE MUEVES, \u00a1ELLAS NO! - Dise\u00f1adas para entrenamiento funcional, fuerza o halterofilia y sobre todo para no perder sujeci\u00f3n durante el entrenamiento en ning\u00fan momento.AYUDAN A MEJORAR TUS MARCAS - Gracias a su sujeci\u00f3n \u00fanica ayudan a mejorar tus marcas en OHS, Snatch y Clean and Jerk.PROTEGE TUS MU\u00d1ECAS - Es una de las zonas m\u00e1s habituales de dolor que hay que proteger. Usa unas mu\u00f1equeras que est\u00e9n a la altura y no te la juegues.MATERIAL BICAPA PATENTADO - Hechas en material no procedente de animales. Resistentes y ligeramente el\u00e1sticas para un ajuste perfecto.","robots":{"index":"index","follow":"follow","max-snippet":"max-snippet:-1","max-image-preview":"max-image-preview:large","max-video-preview":"max-video-preview:-1"},"canonical":"https:\/\/shop.crossfitvaskia.com\/?product=munequera-para-crossfit-velites","og_locale":"es_ES","og_type":"article","og_title":"mu\u00f1equera para CrossFit | VELITES - Tienda de CrossFit Vaskia","og_description":"MU\u00d1EQUERA PARA CROSSFIT. TU TE MUEVES, \u00a1ELLAS NO! - Dise\u00f1adas para entrenamiento funcional, fuerza o halterofilia y sobre todo para no perder sujeci\u00f3n durante el entrenamiento en ning\u00fan momento.AYUDAN A MEJORAR TUS MARCAS - Gracias a su sujeci\u00f3n \u00fanica ayudan a mejorar tus marcas en OHS, Snatch y Clean and Jerk.PROTEGE TUS MU\u00d1ECAS - Es una de las zonas m\u00e1s habituales de dolor que hay que proteger. Usa unas mu\u00f1equeras que est\u00e9n a la altura y no te la juegues.MATERIAL BICAPA PATENTADO - Hechas en material no procedente de animales. Resistentes y ligeramente el\u00e1sticas para un ajuste perfecto.","og_url":"https:\/\/shop.crossfitvaskia.com\/?product=munequera-para-crossfit-velites","og_site_name":"Tienda de CrossFit Vaskia","article_publisher":"https:\/\/www.facebook.com\/crossfitvaskia","article_modified_time":"2026-01-23T15:20:37+00:00","og_image":[{"width":1000,"height":1000,"url":"https:\/\/shop.crossfitvaskia.com\/wp-content\/uploads\/sites\/5\/2024\/03\/velites-proteccion-munecas-negro.jpg","type":"image\/jpeg"}],"twitter_card":"summary_large_image","twitter_site":"@crossfitvaskia","schema":{"@context":"https:\/\/schema.org","@graph":[{"@type":"WebPage","@id":"https:\/\/shop.crossfitvaskia.com\/?product=munequera-para-crossfit-velites","url":"https:\/\/shop.crossfitvaskia.com\/?product=munequera-para-crossfit-velites","name":"mu\u00f1equera para CrossFit | VELITES - Tienda de CrossFit Vaskia","isPartOf":{"@id":"https:\/\/shop.crossfitvaskia.com\/#website"},"primaryImageOfPage":{"@id":"https:\/\/shop.crossfitvaskia.com\/?product=munequera-para-crossfit-velites#primaryimage"},"image":{"@id":"https:\/\/shop.crossfitvaskia.com\/?product=munequera-para-crossfit-velites#primaryimage"},"thumbnailUrl":"https:\/\/shop.crossfitvaskia.com\/wp-content\/uploads\/sites\/5\/2024\/03\/velites-proteccion-munecas-negro.jpg","datePublished":"2024-03-15T17:50:16+00:00","dateModified":"2026-01-23T15:20:37+00:00","description":"MU\u00d1EQUERA PARA CROSSFIT. TU TE MUEVES, \u00a1ELLAS NO! - Dise\u00f1adas para entrenamiento funcional, fuerza o halterofilia y sobre todo para no perder sujeci\u00f3n durante el entrenamiento en ning\u00fan momento.AYUDAN A MEJORAR TUS MARCAS - Gracias a su sujeci\u00f3n \u00fanica ayudan a mejorar tus marcas en OHS, Snatch y Clean and Jerk.PROTEGE TUS MU\u00d1ECAS - Es una de las zonas m\u00e1s habituales de dolor que hay que proteger. Usa unas mu\u00f1equeras que est\u00e9n a la altura y no te la juegues.MATERIAL BICAPA PATENTADO - Hechas en material no procedente de animales. Resistentes y ligeramente el\u00e1sticas para un ajuste perfecto.","breadcrumb":{"@id":"https:\/\/shop.crossfitvaskia.com\/?product=munequera-para-crossfit-velites#breadcrumb"},"inLanguage":"es","potentialAction":[{"@type":"ReadAction","target":["https:\/\/shop.crossfitvaskia.com\/?product=munequera-para-crossfit-velites"]}]},{"@type":"ImageObject","inLanguage":"es","@id":"https:\/\/shop.crossfitvaskia.com\/?product=munequera-para-crossfit-velites#primaryimage","url":"https:\/\/shop.crossfitvaskia.com\/wp-content\/uploads\/sites\/5\/2024\/03\/velites-proteccion-munecas-negro.jpg","contentUrl":"https:\/\/shop.crossfitvaskia.com\/wp-content\/uploads\/sites\/5\/2024\/03\/velites-proteccion-munecas-negro.jpg","width":1000,"height":1000},{"@type":"BreadcrumbList","@id":"https:\/\/shop.crossfitvaskia.com\/?product=munequera-para-crossfit-velites#breadcrumb","itemListElement":[{"@type":"ListItem","position":1,"name":"Portada","item":"https:\/\/shop.crossfitvaskia.com\/"},{"@type":"ListItem","position":2,"name":"TIENDA CROSSFIT","item":"https:\/\/shop.crossfitvaskia.com\/"},{"@type":"ListItem","position":3,"name":"mu\u00f1equera para CrossFit | VELITES"}]},{"@type":"WebSite","@id":"https:\/\/shop.crossfitvaskia.com\/#website","url":"https:\/\/shop.crossfitvaskia.com\/","name":"Tienda de CrossFit Vaskia","description":"Accesorios de CrossFit en el Aljarafe.","publisher":{"@id":"https:\/\/shop.crossfitvaskia.com\/#organization"},"potentialAction":[{"@type":"SearchAction","target":{"@type":"EntryPoint","urlTemplate":"https:\/\/shop.crossfitvaskia.com\/?s={search_term_string}"},"query-input":{"@type":"PropertyValueSpecification","valueRequired":true,"valueName":"search_term_string"}}],"inLanguage":"es"},{"@type":"Organization","@id":"https:\/\/shop.crossfitvaskia.com\/#organization","name":"Tienda de CrossFit Vaskia","url":"https:\/\/shop.crossfitvaskia.com\/","logo":{"@type":"ImageObject","inLanguage":"es","@id":"https:\/\/shop.crossfitvaskia.com\/#\/schema\/logo\/image\/","url":"https:\/\/shop.crossfitvaskia.com\/wp-content\/uploads\/sites\/5\/2022\/11\/img-logo-vaskia.png","contentUrl":"https:\/\/shop.crossfitvaskia.com\/wp-content\/uploads\/sites\/5\/2022\/11\/img-logo-vaskia.png","width":657,"height":681,"caption":"Tienda de CrossFit Vaskia"},"image":{"@id":"https:\/\/shop.crossfitvaskia.com\/#\/schema\/logo\/image\/"},"sameAs":["https:\/\/www.facebook.com\/crossfitvaskia","https:\/\/x.com\/crossfitvaskia","https:\/\/www.instagram.com\/crossfitvaskia\/","https:\/\/www.youtube.com\/c\/CrossfitVaskia"]}]}},"jetpack_sharing_enabled":true,"_links":{"self":[{"href":"https:\/\/shop.crossfitvaskia.com\/index.php?rest_route=\/wp\/v2\/product\/3344","targetHints":{"allow":["GET"]}}],"collection":[{"href":"https:\/\/shop.crossfitvaskia.com\/index.php?rest_route=\/wp\/v2\/product"}],"about":[{"href":"https:\/\/shop.crossfitvaskia.com\/index.php?rest_route=\/wp\/v2\/types\/product"}],"replies":[{"embeddable":true,"href":"https:\/\/shop.crossfitvaskia.com\/index.php?rest_route=%2Fwp%2Fv2%2Fcomments&post=3344"}],"wp:featuredmedia":[{"embeddable":true,"href":"https:\/\/shop.crossfitvaskia.com\/index.php?rest_route=\/wp\/v2\/media\/3353"}],"wp:attachment":[{"href":"https:\/\/shop.crossfitvaskia.com\/index.php?rest_route=%2Fwp%2Fv2%2Fmedia&parent=3344"}],"wp:term":[{"taxonomy":"product_brand","embeddable":true,"href":"https:\/\/shop.crossfitvaskia.com\/index.php?rest_route=%2Fwp%2Fv2%2Fproduct_brand&post=3344"},{"taxonomy":"product_cat","embeddable":true,"href":"https:\/\/shop.crossfitvaskia.com\/index.php?rest_route=%2Fwp%2Fv2%2Fproduct_cat&post=3344"},{"taxonomy":"product_tag","embeddable":true,"href":"https:\/\/shop.crossfitvaskia.com\/index.php?rest_route=%2Fwp%2Fv2%2Fproduct_tag&post=3344"}],"curies":[{"name":"wp","href":"https:\/\/api.w.org\/{rel}","templated":true}]}}