{"id":3363,"date":"2024-04-09T16:37:22","date_gmt":"2024-04-09T15:37:22","guid":{"rendered":"https:\/\/shop.crossfitvaskia.com\/?post_type=product&#038;p=3363"},"modified":"2026-05-08T17:57:08","modified_gmt":"2026-05-08T16:57:08","slug":"calleras-sin-magnesio-all-terrain-velites","status":"publish","type":"product","link":"https:\/\/shop.crossfitvaskia.com\/?product=calleras-sin-magnesio-all-terrain-velites","title":{"rendered":"Calleras ALL TERRAIN | VELITES"},"content":{"rendered":"<p><b>MEJOR AGARRE, M\u00c1S REPETICIONES: <\/b><span style=\"font-weight: 400;\">Las calleras m\u00e1s innovadoras no necesitan magnesio, est\u00e1n dise\u00f1adas para que te pegues a la barra mientras proteges tus mu\u00f1ecas y reduces la tensi\u00f3n en tus antebrazos.\u00a0<\/span><\/p>\n<p class=\"p1\">Dise\u00f1ado para deportistas que exigen versatilidad, comodidad y durabilidad.<\/p>\n<p class=\"p1\">Eficiencia sin MAGNESIO y compatible con magnesio: Revolucionando la tecnolog\u00eda de agarre, las empu\u00f1aduras TODO TERRENO est\u00e1n dise\u00f1adas para un rendimiento \u00f3ptimo magnesio. Aun as\u00ed, estos grips mantienen su excelencia de desempe\u00f1o en superficies con magnesio.<\/p>\n<p class=\"p1\">Dise\u00f1ados para la versatilidad: los nuevos ALL TERRAIN destacan en cualquier superficie, lo que los hace perfectos tanto para barras rugosas como lisas. Su innovador material de 2,1 mm de grosor pero resistente los hace ideales para anillas de gimnasia, kettlebells y remo, proporcionando el agarre necesario para cualquier escenario de entrenamiento.<\/p>\n<p class=\"p1\">Comodidad y durabilidad superiores: reforzadas con fibras de alta tecnolog\u00eda, estas empu\u00f1aduras ofrecen una experiencia c\u00f3moda sin sacrificar el agarre.<\/p>\n<p class=\"p1\">Para cada atleta: Dise\u00f1ados para apoyar a los atletas de todos los niveles y clases de peso, los pu\u00f1os TODO TERRENO est\u00e1n dise\u00f1ados para mejorar y elevar el rendimiento y adaptarse a todas las necesidades de entrenamiento y competencia.<\/p>\n<p><span style=\"font-weight: 400;\">Este producto incluye: Calleras All Terrain, Mu\u00f1equeras de tela flexible y Bolsa de transporte antiolores.<\/span><\/p>\n<p>Calleras hechas con material\u00a0<strong>100% vegano.\u00a0<\/strong><\/p>\n","protected":false},"excerpt":{"rendered":"<p><strong>CALLERAS DISE\u00d1ADAS PARA LOS ATLETAS M\u00c1S EXIGENTES &#8211;\u00a0<\/strong>Cambia de la barra de halterofilia a la dominadas, muscle up o toes to bar en segundos.<\/p>\n<p><strong>DISE\u00d1O SIN AGUJEROS &#8211;\u00a0<\/strong>Su dise\u00f1o sin agujeros te ayudar\u00e1 a cambiar m\u00e1s r\u00e1pido de estaci\u00f3n simplemente gir\u00e1ndolas. Perfectas para agarrar la barra y proteger tus manos en series largas de ejercicios de entrenamiento funcional o gimn\u00e1sticos.<\/p>\n<p><strong>PROTEGE TUS MU\u00d1ECAS SIN NECESIDAD DE MU\u00d1EQUERAS &#8211;\u00a0<\/strong>La zona de agarre es m\u00e1s ancha que otros modelos de calleras para que proteja tus mu\u00f1ecas al realizar movimientos con pesos altos ya sea de fuerza o en halterofilia.<\/p>\n","protected":false},"featured_media":3367,"comment_status":"closed","ping_status":"closed","template":"","meta":[],"product_brand":[],"product_cat":[32,65],"product_tag":[302,156,157,158,241,301,159,161,160],"class_list":{"0":"post-3363","1":"product","2":"type-product","3":"status-publish","4":"has-post-thumbnail","6":"product_cat-accesorios-crossfit-crosstraing","7":"product_cat-calleras-crossfit","8":"product_tag-all-terrain-velites","9":"product_tag-calleras","10":"product_tag-calleras-crossfit","11":"product_tag-calleras-gimnasticos","12":"product_tag-calleras-sin-agujeros","13":"product_tag-calleras-sin-magnesio","14":"product_tag-dominadas","15":"product_tag-muscle-up","16":"product_tag-pull-ups","17":"product_shipping_class-recogida-en-tienda","19":"first","20":"instock","21":"featured","22":"shipping-taxable","23":"purchasable","24":"product-type-variable","25":"has-default-attributes"},"yoast_head":"<!-- This site is optimized with the Yoast SEO plugin v25.3 - https:\/\/yoast.com\/wordpress\/plugins\/seo\/ -->\n<title>Calleras ALL TERRAIN | VELITES - Tienda de CrossFit Vaskia<\/title>\n<meta name=\"description\" content=\"SIN MAGNESIO, MEJOR AGARRE, M\u00c1S REPETICIONES: Las calleras m\u00e1s innovadoras no necesitan magnesio, est\u00e1n dise\u00f1adas para que te pegues a la barra mientras proteges tus mu\u00f1ecas y reduces la tensi\u00f3n en tus antebrazos.\" \/>\n<meta name=\"robots\" content=\"index, follow, max-snippet:-1, max-image-preview:large, max-video-preview:-1\" \/>\n<link rel=\"canonical\" href=\"https:\/\/shop.crossfitvaskia.com\/?product=calleras-sin-magnesio-all-terrain-velites\" \/>\n<meta property=\"og:locale\" content=\"es_ES\" \/>\n<meta property=\"og:type\" content=\"article\" \/>\n<meta property=\"og:title\" content=\"Calleras ALL TERRAIN | VELITES - Tienda de CrossFit Vaskia\" \/>\n<meta property=\"og:description\" content=\"SIN MAGNESIO, MEJOR AGARRE, M\u00c1S REPETICIONES: Las calleras m\u00e1s innovadoras no necesitan magnesio, est\u00e1n dise\u00f1adas para que te pegues a la barra mientras proteges tus mu\u00f1ecas y reduces la tensi\u00f3n en tus antebrazos.\" \/>\n<meta property=\"og:url\" content=\"https:\/\/shop.crossfitvaskia.com\/?product=calleras-sin-magnesio-all-terrain-velites\" \/>\n<meta property=\"og:site_name\" content=\"Tienda de CrossFit Vaskia\" \/>\n<meta property=\"article:publisher\" content=\"https:\/\/www.facebook.com\/crossfitvaskia\" \/>\n<meta property=\"article:modified_time\" content=\"2026-05-08T16:57:08+00:00\" \/>\n<meta property=\"og:image\" content=\"https:\/\/shop.crossfitvaskia.com\/wp-content\/uploads\/sites\/5\/2024\/04\/calleras-velites-all-terrain-negro-1.jpg\" \/>\n\t<meta property=\"og:image:width\" content=\"842\" \/>\n\t<meta property=\"og:image:height\" content=\"795\" \/>\n\t<meta property=\"og:image:type\" content=\"image\/jpeg\" \/>\n<meta name=\"twitter:card\" content=\"summary_large_image\" \/>\n<meta name=\"twitter:site\" content=\"@crossfitvaskia\" \/>\n<script type=\"application\/ld+json\" class=\"yoast-schema-graph\">{\"@context\":\"https:\/\/schema.org\",\"@graph\":[{\"@type\":\"WebPage\",\"@id\":\"https:\/\/shop.crossfitvaskia.com\/?product=calleras-sin-magnesio-all-terrain-velites\",\"url\":\"https:\/\/shop.crossfitvaskia.com\/?product=calleras-sin-magnesio-all-terrain-velites\",\"name\":\"Calleras ALL TERRAIN | VELITES - Tienda de CrossFit Vaskia\",\"isPartOf\":{\"@id\":\"https:\/\/shop.crossfitvaskia.com\/#website\"},\"primaryImageOfPage\":{\"@id\":\"https:\/\/shop.crossfitvaskia.com\/?product=calleras-sin-magnesio-all-terrain-velites#primaryimage\"},\"image\":{\"@id\":\"https:\/\/shop.crossfitvaskia.com\/?product=calleras-sin-magnesio-all-terrain-velites#primaryimage\"},\"thumbnailUrl\":\"https:\/\/shop.crossfitvaskia.com\/wp-content\/uploads\/sites\/5\/2024\/04\/calleras-velites-all-terrain-negro-1.jpg\",\"datePublished\":\"2024-04-09T15:37:22+00:00\",\"dateModified\":\"2026-05-08T16:57:08+00:00\",\"description\":\"SIN MAGNESIO, MEJOR AGARRE, M\u00c1S REPETICIONES: Las calleras m\u00e1s innovadoras no necesitan magnesio, est\u00e1n dise\u00f1adas para que te pegues a la barra mientras proteges tus mu\u00f1ecas y reduces la tensi\u00f3n en tus antebrazos.\",\"breadcrumb\":{\"@id\":\"https:\/\/shop.crossfitvaskia.com\/?product=calleras-sin-magnesio-all-terrain-velites#breadcrumb\"},\"inLanguage\":\"es\",\"potentialAction\":[{\"@type\":\"ReadAction\",\"target\":[\"https:\/\/shop.crossfitvaskia.com\/?product=calleras-sin-magnesio-all-terrain-velites\"]}]},{\"@type\":\"ImageObject\",\"inLanguage\":\"es\",\"@id\":\"https:\/\/shop.crossfitvaskia.com\/?product=calleras-sin-magnesio-all-terrain-velites#primaryimage\",\"url\":\"https:\/\/shop.crossfitvaskia.com\/wp-content\/uploads\/sites\/5\/2024\/04\/calleras-velites-all-terrain-negro-1.jpg\",\"contentUrl\":\"https:\/\/shop.crossfitvaskia.com\/wp-content\/uploads\/sites\/5\/2024\/04\/calleras-velites-all-terrain-negro-1.jpg\",\"width\":842,\"height\":795},{\"@type\":\"BreadcrumbList\",\"@id\":\"https:\/\/shop.crossfitvaskia.com\/?product=calleras-sin-magnesio-all-terrain-velites#breadcrumb\",\"itemListElement\":[{\"@type\":\"ListItem\",\"position\":1,\"name\":\"Portada\",\"item\":\"https:\/\/shop.crossfitvaskia.com\/\"},{\"@type\":\"ListItem\",\"position\":2,\"name\":\"TIENDA CROSSFIT\",\"item\":\"https:\/\/shop.crossfitvaskia.com\/\"},{\"@type\":\"ListItem\",\"position\":3,\"name\":\"Calleras ALL TERRAIN | VELITES\"}]},{\"@type\":\"WebSite\",\"@id\":\"https:\/\/shop.crossfitvaskia.com\/#website\",\"url\":\"https:\/\/shop.crossfitvaskia.com\/\",\"name\":\"Tienda de CrossFit Vaskia\",\"description\":\"Accesorios de CrossFit en el Aljarafe.\",\"publisher\":{\"@id\":\"https:\/\/shop.crossfitvaskia.com\/#organization\"},\"potentialAction\":[{\"@type\":\"SearchAction\",\"target\":{\"@type\":\"EntryPoint\",\"urlTemplate\":\"https:\/\/shop.crossfitvaskia.com\/?s={search_term_string}\"},\"query-input\":{\"@type\":\"PropertyValueSpecification\",\"valueRequired\":true,\"valueName\":\"search_term_string\"}}],\"inLanguage\":\"es\"},{\"@type\":\"Organization\",\"@id\":\"https:\/\/shop.crossfitvaskia.com\/#organization\",\"name\":\"Tienda de CrossFit Vaskia\",\"url\":\"https:\/\/shop.crossfitvaskia.com\/\",\"logo\":{\"@type\":\"ImageObject\",\"inLanguage\":\"es\",\"@id\":\"https:\/\/shop.crossfitvaskia.com\/#\/schema\/logo\/image\/\",\"url\":\"https:\/\/shop.crossfitvaskia.com\/wp-content\/uploads\/sites\/5\/2022\/11\/img-logo-vaskia.png\",\"contentUrl\":\"https:\/\/shop.crossfitvaskia.com\/wp-content\/uploads\/sites\/5\/2022\/11\/img-logo-vaskia.png\",\"width\":657,\"height\":681,\"caption\":\"Tienda de CrossFit Vaskia\"},\"image\":{\"@id\":\"https:\/\/shop.crossfitvaskia.com\/#\/schema\/logo\/image\/\"},\"sameAs\":[\"https:\/\/www.facebook.com\/crossfitvaskia\",\"https:\/\/x.com\/crossfitvaskia\",\"https:\/\/www.instagram.com\/crossfitvaskia\/\",\"https:\/\/www.youtube.com\/c\/CrossfitVaskia\"]}]}<\/script>\n<!-- \/ Yoast SEO plugin. -->","yoast_head_json":{"title":"Calleras ALL TERRAIN | VELITES - Tienda de CrossFit Vaskia","description":"SIN MAGNESIO, MEJOR AGARRE, M\u00c1S REPETICIONES: Las calleras m\u00e1s innovadoras no necesitan magnesio, est\u00e1n dise\u00f1adas para que te pegues a la barra mientras proteges tus mu\u00f1ecas y reduces la tensi\u00f3n en tus antebrazos.","robots":{"index":"index","follow":"follow","max-snippet":"max-snippet:-1","max-image-preview":"max-image-preview:large","max-video-preview":"max-video-preview:-1"},"canonical":"https:\/\/shop.crossfitvaskia.com\/?product=calleras-sin-magnesio-all-terrain-velites","og_locale":"es_ES","og_type":"article","og_title":"Calleras ALL TERRAIN | VELITES - Tienda de CrossFit Vaskia","og_description":"SIN MAGNESIO, MEJOR AGARRE, M\u00c1S REPETICIONES: Las calleras m\u00e1s innovadoras no necesitan magnesio, est\u00e1n dise\u00f1adas para que te pegues a la barra mientras proteges tus mu\u00f1ecas y reduces la tensi\u00f3n en tus antebrazos.","og_url":"https:\/\/shop.crossfitvaskia.com\/?product=calleras-sin-magnesio-all-terrain-velites","og_site_name":"Tienda de CrossFit Vaskia","article_publisher":"https:\/\/www.facebook.com\/crossfitvaskia","article_modified_time":"2026-05-08T16:57:08+00:00","og_image":[{"width":842,"height":795,"url":"https:\/\/shop.crossfitvaskia.com\/wp-content\/uploads\/sites\/5\/2024\/04\/calleras-velites-all-terrain-negro-1.jpg","type":"image\/jpeg"}],"twitter_card":"summary_large_image","twitter_site":"@crossfitvaskia","schema":{"@context":"https:\/\/schema.org","@graph":[{"@type":"WebPage","@id":"https:\/\/shop.crossfitvaskia.com\/?product=calleras-sin-magnesio-all-terrain-velites","url":"https:\/\/shop.crossfitvaskia.com\/?product=calleras-sin-magnesio-all-terrain-velites","name":"Calleras ALL TERRAIN | VELITES - Tienda de CrossFit Vaskia","isPartOf":{"@id":"https:\/\/shop.crossfitvaskia.com\/#website"},"primaryImageOfPage":{"@id":"https:\/\/shop.crossfitvaskia.com\/?product=calleras-sin-magnesio-all-terrain-velites#primaryimage"},"image":{"@id":"https:\/\/shop.crossfitvaskia.com\/?product=calleras-sin-magnesio-all-terrain-velites#primaryimage"},"thumbnailUrl":"https:\/\/shop.crossfitvaskia.com\/wp-content\/uploads\/sites\/5\/2024\/04\/calleras-velites-all-terrain-negro-1.jpg","datePublished":"2024-04-09T15:37:22+00:00","dateModified":"2026-05-08T16:57:08+00:00","description":"SIN MAGNESIO, MEJOR AGARRE, M\u00c1S REPETICIONES: Las calleras m\u00e1s innovadoras no necesitan magnesio, est\u00e1n dise\u00f1adas para que te pegues a la barra mientras proteges tus mu\u00f1ecas y reduces la tensi\u00f3n en tus antebrazos.","breadcrumb":{"@id":"https:\/\/shop.crossfitvaskia.com\/?product=calleras-sin-magnesio-all-terrain-velites#breadcrumb"},"inLanguage":"es","potentialAction":[{"@type":"ReadAction","target":["https:\/\/shop.crossfitvaskia.com\/?product=calleras-sin-magnesio-all-terrain-velites"]}]},{"@type":"ImageObject","inLanguage":"es","@id":"https:\/\/shop.crossfitvaskia.com\/?product=calleras-sin-magnesio-all-terrain-velites#primaryimage","url":"https:\/\/shop.crossfitvaskia.com\/wp-content\/uploads\/sites\/5\/2024\/04\/calleras-velites-all-terrain-negro-1.jpg","contentUrl":"https:\/\/shop.crossfitvaskia.com\/wp-content\/uploads\/sites\/5\/2024\/04\/calleras-velites-all-terrain-negro-1.jpg","width":842,"height":795},{"@type":"BreadcrumbList","@id":"https:\/\/shop.crossfitvaskia.com\/?product=calleras-sin-magnesio-all-terrain-velites#breadcrumb","itemListElement":[{"@type":"ListItem","position":1,"name":"Portada","item":"https:\/\/shop.crossfitvaskia.com\/"},{"@type":"ListItem","position":2,"name":"TIENDA CROSSFIT","item":"https:\/\/shop.crossfitvaskia.com\/"},{"@type":"ListItem","position":3,"name":"Calleras ALL TERRAIN | VELITES"}]},{"@type":"WebSite","@id":"https:\/\/shop.crossfitvaskia.com\/#website","url":"https:\/\/shop.crossfitvaskia.com\/","name":"Tienda de CrossFit Vaskia","description":"Accesorios de CrossFit en el Aljarafe.","publisher":{"@id":"https:\/\/shop.crossfitvaskia.com\/#organization"},"potentialAction":[{"@type":"SearchAction","target":{"@type":"EntryPoint","urlTemplate":"https:\/\/shop.crossfitvaskia.com\/?s={search_term_string}"},"query-input":{"@type":"PropertyValueSpecification","valueRequired":true,"valueName":"search_term_string"}}],"inLanguage":"es"},{"@type":"Organization","@id":"https:\/\/shop.crossfitvaskia.com\/#organization","name":"Tienda de CrossFit Vaskia","url":"https:\/\/shop.crossfitvaskia.com\/","logo":{"@type":"ImageObject","inLanguage":"es","@id":"https:\/\/shop.crossfitvaskia.com\/#\/schema\/logo\/image\/","url":"https:\/\/shop.crossfitvaskia.com\/wp-content\/uploads\/sites\/5\/2022\/11\/img-logo-vaskia.png","contentUrl":"https:\/\/shop.crossfitvaskia.com\/wp-content\/uploads\/sites\/5\/2022\/11\/img-logo-vaskia.png","width":657,"height":681,"caption":"Tienda de CrossFit Vaskia"},"image":{"@id":"https:\/\/shop.crossfitvaskia.com\/#\/schema\/logo\/image\/"},"sameAs":["https:\/\/www.facebook.com\/crossfitvaskia","https:\/\/x.com\/crossfitvaskia","https:\/\/www.instagram.com\/crossfitvaskia\/","https:\/\/www.youtube.com\/c\/CrossfitVaskia"]}]}},"jetpack_sharing_enabled":true,"_links":{"self":[{"href":"https:\/\/shop.crossfitvaskia.com\/index.php?rest_route=\/wp\/v2\/product\/3363","targetHints":{"allow":["GET"]}}],"collection":[{"href":"https:\/\/shop.crossfitvaskia.com\/index.php?rest_route=\/wp\/v2\/product"}],"about":[{"href":"https:\/\/shop.crossfitvaskia.com\/index.php?rest_route=\/wp\/v2\/types\/product"}],"replies":[{"embeddable":true,"href":"https:\/\/shop.crossfitvaskia.com\/index.php?rest_route=%2Fwp%2Fv2%2Fcomments&post=3363"}],"wp:featuredmedia":[{"embeddable":true,"href":"https:\/\/shop.crossfitvaskia.com\/index.php?rest_route=\/wp\/v2\/media\/3367"}],"wp:attachment":[{"href":"https:\/\/shop.crossfitvaskia.com\/index.php?rest_route=%2Fwp%2Fv2%2Fmedia&parent=3363"}],"wp:term":[{"taxonomy":"product_brand","embeddable":true,"href":"https:\/\/shop.crossfitvaskia.com\/index.php?rest_route=%2Fwp%2Fv2%2Fproduct_brand&post=3363"},{"taxonomy":"product_cat","embeddable":true,"href":"https:\/\/shop.crossfitvaskia.com\/index.php?rest_route=%2Fwp%2Fv2%2Fproduct_cat&post=3363"},{"taxonomy":"product_tag","embeddable":true,"href":"https:\/\/shop.crossfitvaskia.com\/index.php?rest_route=%2Fwp%2Fv2%2Fproduct_tag&post=3363"}],"curies":[{"name":"wp","href":"https:\/\/api.w.org\/{rel}","templated":true}]}}