{"id":3484,"date":"2024-06-04T13:37:05","date_gmt":"2024-06-04T12:37:05","guid":{"rendered":"https:\/\/shop.crossfitvaskia.com\/?post_type=product&#038;p=3484"},"modified":"2026-04-08T14:02:47","modified_gmt":"2026-04-08T13:02:47","slug":"munequeras-flexibles-de-nylon-velites","status":"publish","type":"product","link":"https:\/\/shop.crossfitvaskia.com\/?product=munequeras-flexibles-de-nylon-velites","title":{"rendered":"Mu\u00f1equeras Flexibles de Nylon | VELITES"},"content":{"rendered":"<p><b>REDUCE EL RIESGO DE LESIONES Y FATIGA EN MU\u00d1ECAS &#8211;\u00a0<\/b>Utiliza mu\u00f1equeras deportivas para la protecci\u00f3n de las mu\u00f1ecas sin perder la movilidad.<\/p>\n<p><strong>NYLON FLEXIBLE DE ALTA CALIDAD<\/strong>&#8211; Hechas en Nylon para tener una mayor duraci\u00f3n y que proporcione una sujeci\u00f3n estable en entrenamiento funcional, fuerza, halterofilia y otros deportes.<\/p>\n<p><strong>CIERRE CON VELCRO RESISTENTE<\/strong>\u00a0&#8211; F\u00e1ciles de poner y quitar gracias al sistema de velcro resistente al sudor y la humedad.<\/p>\n<p><strong>PERFECTAS PARA TRABAJO CON PESOS MEDIOS<\/strong>\u00a0&#8211; Ideales para los entrenamientos \/ WOD con pesos medios. \u00dasalas para entrenamiento de entrenamiento funcional, fuerza o halterofilia, gimnasio, OHS, Muscle-up o Gimn\u00e1sticos.<\/p>\n","protected":false},"excerpt":{"rendered":"<p><b>REDUCE EL RIESGO DE LESIONES Y FATIGA EN MU\u00d1ECAS &#8211;\u00a0<\/b>Utiliza mu\u00f1equeras deportivas para la protecci\u00f3n de las mu\u00f1ecas sin perder la movilidad.<\/p>\n<p><strong>NYLON FLEXIBLE DE ALTA CALIDAD<\/strong>&#8211; Hechas en Nylon para tener una mayor duraci\u00f3n y que proporcione una sujeci\u00f3n estable en entrenamiento funcional, fuerza, halterofilia y otros deportes.<\/p>\n<p><strong>CIERRE CON VELCRO RESISTENTE<\/strong>\u00a0&#8211; F\u00e1ciles de poner y quitar gracias al sistema de velcro resistente al sudor y la humedad.<\/p>\n<p><strong>PERFECTAS PARA TRABAJO CON PESOS MEDIOS<\/strong>\u00a0&#8211; Ideales para los entrenamientos \/ WOD con pesos medios. \u00dasalas para entrenamiento de entrenamiento funcional, fuerza o halterofilia, gimnasio, OHS, Muscle-up o Gimn\u00e1sticos.<\/p>\n","protected":false},"featured_media":3738,"comment_status":"closed","ping_status":"closed","template":"","meta":[],"product_brand":[],"product_cat":[32,68],"product_tag":[140,141,142],"class_list":{"0":"post-3484","1":"product","2":"type-product","3":"status-publish","4":"has-post-thumbnail","6":"product_cat-accesorios-crossfit-crosstraing","7":"product_cat-munequeras","8":"product_tag-munequeras","9":"product_tag-munequeras-crossfit","10":"product_tag-munequeras-halterofilia","11":"product_shipping_class-recogida-en-tienda","13":"first","14":"instock","15":"featured","16":"shipping-taxable","17":"product-type-variable"},"yoast_head":"<!-- This site is optimized with the Yoast SEO plugin v25.3 - https:\/\/yoast.com\/wordpress\/plugins\/seo\/ -->\n<title>Mu\u00f1equeras Flexibles de Nylon | VELITES - Tienda de CrossFit Vaskia<\/title>\n<meta name=\"description\" content=\"MU\u00d1EQUERA PARA CROSSFIT. TU TE MUEVES, \u00a1ELLAS NO! - Dise\u00f1adas para entrenamiento funcional, fuerza o halterofilia y sobre todo para no perder sujeci\u00f3n durante el entrenamiento en ning\u00fan momento.AYUDAN A MEJORAR TUS MARCAS - Gracias a su sujeci\u00f3n \u00fanica ayudan a mejorar tus marcas en OHS, Snatch y Clean and Jerk.PROTEGE TUS MU\u00d1ECAS - Es una de las zonas m\u00e1s habituales de dolor que hay que proteger. Usa unas mu\u00f1equeras que est\u00e9n a la altura y no te la juegues.MATERIAL BICAPA PATENTADO - Hechas en material no procedente de animales. Resistentes y ligeramente el\u00e1sticas para un ajuste perfecto.REDUCE EL RIESGO DE LESIONES Y FATIGA EN MU\u00d1ECAS - Utiliza mu\u00f1equeras deportivas para la protecci\u00f3n de las mu\u00f1ecas sin perder la movilidad.NYLON FLEXIBLE DE ALTA CALIDAD- Hechas en Nylon para tener una mayor duraci\u00f3n y que proporcione una sujeci\u00f3n estable en entrenamiento funcional, fuerza, halterofilia y otros deportes.CIERRE CON VELCRO RESISTENTE - F\u00e1ciles de poner y quitar gracias al sistema de velcro resistente al sudor y la humedad.PERFECTAS PARA TRABAJO CON PESOS MEDIOS - Ideales para los entrenamientos \/ WOD con pesos medios. \u00dasalas para entrenamiento de entrenamiento funcional, fuerza o halterofilia, gimnasio, OHS, Muscle-up o Gimn\u00e1sticos.\" \/>\n<meta name=\"robots\" content=\"index, follow, max-snippet:-1, max-image-preview:large, max-video-preview:-1\" \/>\n<link rel=\"canonical\" href=\"https:\/\/shop.crossfitvaskia.com\/?product=munequeras-flexibles-de-nylon-velites\" \/>\n<meta property=\"og:locale\" content=\"es_ES\" \/>\n<meta property=\"og:type\" content=\"article\" \/>\n<meta property=\"og:title\" content=\"Mu\u00f1equeras Flexibles de Nylon | VELITES - Tienda de CrossFit Vaskia\" \/>\n<meta property=\"og:description\" content=\"MU\u00d1EQUERA PARA CROSSFIT. TU TE MUEVES, \u00a1ELLAS NO! - Dise\u00f1adas para entrenamiento funcional, fuerza o halterofilia y sobre todo para no perder sujeci\u00f3n durante el entrenamiento en ning\u00fan momento.AYUDAN A MEJORAR TUS MARCAS - Gracias a su sujeci\u00f3n \u00fanica ayudan a mejorar tus marcas en OHS, Snatch y Clean and Jerk.PROTEGE TUS MU\u00d1ECAS - Es una de las zonas m\u00e1s habituales de dolor que hay que proteger. Usa unas mu\u00f1equeras que est\u00e9n a la altura y no te la juegues.MATERIAL BICAPA PATENTADO - Hechas en material no procedente de animales. Resistentes y ligeramente el\u00e1sticas para un ajuste perfecto.REDUCE EL RIESGO DE LESIONES Y FATIGA EN MU\u00d1ECAS - Utiliza mu\u00f1equeras deportivas para la protecci\u00f3n de las mu\u00f1ecas sin perder la movilidad.NYLON FLEXIBLE DE ALTA CALIDAD- Hechas en Nylon para tener una mayor duraci\u00f3n y que proporcione una sujeci\u00f3n estable en entrenamiento funcional, fuerza, halterofilia y otros deportes.CIERRE CON VELCRO RESISTENTE - F\u00e1ciles de poner y quitar gracias al sistema de velcro resistente al sudor y la humedad.PERFECTAS PARA TRABAJO CON PESOS MEDIOS - Ideales para los entrenamientos \/ WOD con pesos medios. \u00dasalas para entrenamiento de entrenamiento funcional, fuerza o halterofilia, gimnasio, OHS, Muscle-up o Gimn\u00e1sticos.\" \/>\n<meta property=\"og:url\" content=\"https:\/\/shop.crossfitvaskia.com\/?product=munequeras-flexibles-de-nylon-velites\" \/>\n<meta property=\"og:site_name\" content=\"Tienda de CrossFit Vaskia\" \/>\n<meta property=\"article:publisher\" content=\"https:\/\/www.facebook.com\/crossfitvaskia\" \/>\n<meta property=\"article:modified_time\" content=\"2026-04-08T13:02:47+00:00\" \/>\n<meta property=\"og:image\" content=\"https:\/\/shop.crossfitvaskia.com\/wp-content\/uploads\/sites\/5\/2024\/06\/velites-wrist-black.jpg\" \/>\n\t<meta property=\"og:image:width\" content=\"300\" \/>\n\t<meta property=\"og:image:height\" content=\"300\" \/>\n\t<meta property=\"og:image:type\" content=\"image\/jpeg\" \/>\n<meta name=\"twitter:card\" content=\"summary_large_image\" \/>\n<meta name=\"twitter:site\" content=\"@crossfitvaskia\" \/>\n<script type=\"application\/ld+json\" class=\"yoast-schema-graph\">{\"@context\":\"https:\/\/schema.org\",\"@graph\":[{\"@type\":\"WebPage\",\"@id\":\"https:\/\/shop.crossfitvaskia.com\/?product=munequeras-flexibles-de-nylon-velites\",\"url\":\"https:\/\/shop.crossfitvaskia.com\/?product=munequeras-flexibles-de-nylon-velites\",\"name\":\"Mu\u00f1equeras Flexibles de Nylon | VELITES - Tienda de CrossFit Vaskia\",\"isPartOf\":{\"@id\":\"https:\/\/shop.crossfitvaskia.com\/#website\"},\"primaryImageOfPage\":{\"@id\":\"https:\/\/shop.crossfitvaskia.com\/?product=munequeras-flexibles-de-nylon-velites#primaryimage\"},\"image\":{\"@id\":\"https:\/\/shop.crossfitvaskia.com\/?product=munequeras-flexibles-de-nylon-velites#primaryimage\"},\"thumbnailUrl\":\"https:\/\/shop.crossfitvaskia.com\/wp-content\/uploads\/sites\/5\/2024\/06\/velites-wrist-black.jpg\",\"datePublished\":\"2024-06-04T12:37:05+00:00\",\"dateModified\":\"2026-04-08T13:02:47+00:00\",\"description\":\"MU\u00d1EQUERA PARA CROSSFIT. TU TE MUEVES, \u00a1ELLAS NO! - Dise\u00f1adas para entrenamiento funcional, fuerza o halterofilia y sobre todo para no perder sujeci\u00f3n durante el entrenamiento en ning\u00fan momento.AYUDAN A MEJORAR TUS MARCAS - Gracias a su sujeci\u00f3n \u00fanica ayudan a mejorar tus marcas en OHS, Snatch y Clean and Jerk.PROTEGE TUS MU\u00d1ECAS - Es una de las zonas m\u00e1s habituales de dolor que hay que proteger. Usa unas mu\u00f1equeras que est\u00e9n a la altura y no te la juegues.MATERIAL BICAPA PATENTADO - Hechas en material no procedente de animales. Resistentes y ligeramente el\u00e1sticas para un ajuste perfecto.REDUCE EL RIESGO DE LESIONES Y FATIGA EN MU\u00d1ECAS - Utiliza mu\u00f1equeras deportivas para la protecci\u00f3n de las mu\u00f1ecas sin perder la movilidad.NYLON FLEXIBLE DE ALTA CALIDAD- Hechas en Nylon para tener una mayor duraci\u00f3n y que proporcione una sujeci\u00f3n estable en entrenamiento funcional, fuerza, halterofilia y otros deportes.CIERRE CON VELCRO RESISTENTE - F\u00e1ciles de poner y quitar gracias al sistema de velcro resistente al sudor y la humedad.PERFECTAS PARA TRABAJO CON PESOS MEDIOS - Ideales para los entrenamientos \/ WOD con pesos medios. \u00dasalas para entrenamiento de entrenamiento funcional, fuerza o halterofilia, gimnasio, OHS, Muscle-up o Gimn\u00e1sticos.\",\"breadcrumb\":{\"@id\":\"https:\/\/shop.crossfitvaskia.com\/?product=munequeras-flexibles-de-nylon-velites#breadcrumb\"},\"inLanguage\":\"es\",\"potentialAction\":[{\"@type\":\"ReadAction\",\"target\":[\"https:\/\/shop.crossfitvaskia.com\/?product=munequeras-flexibles-de-nylon-velites\"]}]},{\"@type\":\"ImageObject\",\"inLanguage\":\"es\",\"@id\":\"https:\/\/shop.crossfitvaskia.com\/?product=munequeras-flexibles-de-nylon-velites#primaryimage\",\"url\":\"https:\/\/shop.crossfitvaskia.com\/wp-content\/uploads\/sites\/5\/2024\/06\/velites-wrist-black.jpg\",\"contentUrl\":\"https:\/\/shop.crossfitvaskia.com\/wp-content\/uploads\/sites\/5\/2024\/06\/velites-wrist-black.jpg\",\"width\":300,\"height\":300},{\"@type\":\"BreadcrumbList\",\"@id\":\"https:\/\/shop.crossfitvaskia.com\/?product=munequeras-flexibles-de-nylon-velites#breadcrumb\",\"itemListElement\":[{\"@type\":\"ListItem\",\"position\":1,\"name\":\"Portada\",\"item\":\"https:\/\/shop.crossfitvaskia.com\/\"},{\"@type\":\"ListItem\",\"position\":2,\"name\":\"TIENDA CROSSFIT\",\"item\":\"https:\/\/shop.crossfitvaskia.com\/\"},{\"@type\":\"ListItem\",\"position\":3,\"name\":\"Mu\u00f1equeras Flexibles de Nylon | VELITES\"}]},{\"@type\":\"WebSite\",\"@id\":\"https:\/\/shop.crossfitvaskia.com\/#website\",\"url\":\"https:\/\/shop.crossfitvaskia.com\/\",\"name\":\"Tienda de CrossFit Vaskia\",\"description\":\"Accesorios de CrossFit en el Aljarafe.\",\"publisher\":{\"@id\":\"https:\/\/shop.crossfitvaskia.com\/#organization\"},\"potentialAction\":[{\"@type\":\"SearchAction\",\"target\":{\"@type\":\"EntryPoint\",\"urlTemplate\":\"https:\/\/shop.crossfitvaskia.com\/?s={search_term_string}\"},\"query-input\":{\"@type\":\"PropertyValueSpecification\",\"valueRequired\":true,\"valueName\":\"search_term_string\"}}],\"inLanguage\":\"es\"},{\"@type\":\"Organization\",\"@id\":\"https:\/\/shop.crossfitvaskia.com\/#organization\",\"name\":\"Tienda de CrossFit Vaskia\",\"url\":\"https:\/\/shop.crossfitvaskia.com\/\",\"logo\":{\"@type\":\"ImageObject\",\"inLanguage\":\"es\",\"@id\":\"https:\/\/shop.crossfitvaskia.com\/#\/schema\/logo\/image\/\",\"url\":\"https:\/\/shop.crossfitvaskia.com\/wp-content\/uploads\/sites\/5\/2022\/11\/img-logo-vaskia.png\",\"contentUrl\":\"https:\/\/shop.crossfitvaskia.com\/wp-content\/uploads\/sites\/5\/2022\/11\/img-logo-vaskia.png\",\"width\":657,\"height\":681,\"caption\":\"Tienda de CrossFit Vaskia\"},\"image\":{\"@id\":\"https:\/\/shop.crossfitvaskia.com\/#\/schema\/logo\/image\/\"},\"sameAs\":[\"https:\/\/www.facebook.com\/crossfitvaskia\",\"https:\/\/x.com\/crossfitvaskia\",\"https:\/\/www.instagram.com\/crossfitvaskia\/\",\"https:\/\/www.youtube.com\/c\/CrossfitVaskia\"]}]}<\/script>\n<!-- \/ Yoast SEO plugin. -->","yoast_head_json":{"title":"Mu\u00f1equeras Flexibles de Nylon | VELITES - Tienda de CrossFit Vaskia","description":"MU\u00d1EQUERA PARA CROSSFIT. TU TE MUEVES, \u00a1ELLAS NO! - Dise\u00f1adas para entrenamiento funcional, fuerza o halterofilia y sobre todo para no perder sujeci\u00f3n durante el entrenamiento en ning\u00fan momento.AYUDAN A MEJORAR TUS MARCAS - Gracias a su sujeci\u00f3n \u00fanica ayudan a mejorar tus marcas en OHS, Snatch y Clean and Jerk.PROTEGE TUS MU\u00d1ECAS - Es una de las zonas m\u00e1s habituales de dolor que hay que proteger. Usa unas mu\u00f1equeras que est\u00e9n a la altura y no te la juegues.MATERIAL BICAPA PATENTADO - Hechas en material no procedente de animales. Resistentes y ligeramente el\u00e1sticas para un ajuste perfecto.REDUCE EL RIESGO DE LESIONES Y FATIGA EN MU\u00d1ECAS - Utiliza mu\u00f1equeras deportivas para la protecci\u00f3n de las mu\u00f1ecas sin perder la movilidad.NYLON FLEXIBLE DE ALTA CALIDAD- Hechas en Nylon para tener una mayor duraci\u00f3n y que proporcione una sujeci\u00f3n estable en entrenamiento funcional, fuerza, halterofilia y otros deportes.CIERRE CON VELCRO RESISTENTE - F\u00e1ciles de poner y quitar gracias al sistema de velcro resistente al sudor y la humedad.PERFECTAS PARA TRABAJO CON PESOS MEDIOS - Ideales para los entrenamientos \/ WOD con pesos medios. \u00dasalas para entrenamiento de entrenamiento funcional, fuerza o halterofilia, gimnasio, OHS, Muscle-up o Gimn\u00e1sticos.","robots":{"index":"index","follow":"follow","max-snippet":"max-snippet:-1","max-image-preview":"max-image-preview:large","max-video-preview":"max-video-preview:-1"},"canonical":"https:\/\/shop.crossfitvaskia.com\/?product=munequeras-flexibles-de-nylon-velites","og_locale":"es_ES","og_type":"article","og_title":"Mu\u00f1equeras Flexibles de Nylon | VELITES - Tienda de CrossFit Vaskia","og_description":"MU\u00d1EQUERA PARA CROSSFIT. TU TE MUEVES, \u00a1ELLAS NO! - Dise\u00f1adas para entrenamiento funcional, fuerza o halterofilia y sobre todo para no perder sujeci\u00f3n durante el entrenamiento en ning\u00fan momento.AYUDAN A MEJORAR TUS MARCAS - Gracias a su sujeci\u00f3n \u00fanica ayudan a mejorar tus marcas en OHS, Snatch y Clean and Jerk.PROTEGE TUS MU\u00d1ECAS - Es una de las zonas m\u00e1s habituales de dolor que hay que proteger. Usa unas mu\u00f1equeras que est\u00e9n a la altura y no te la juegues.MATERIAL BICAPA PATENTADO - Hechas en material no procedente de animales. Resistentes y ligeramente el\u00e1sticas para un ajuste perfecto.REDUCE EL RIESGO DE LESIONES Y FATIGA EN MU\u00d1ECAS - Utiliza mu\u00f1equeras deportivas para la protecci\u00f3n de las mu\u00f1ecas sin perder la movilidad.NYLON FLEXIBLE DE ALTA CALIDAD- Hechas en Nylon para tener una mayor duraci\u00f3n y que proporcione una sujeci\u00f3n estable en entrenamiento funcional, fuerza, halterofilia y otros deportes.CIERRE CON VELCRO RESISTENTE - F\u00e1ciles de poner y quitar gracias al sistema de velcro resistente al sudor y la humedad.PERFECTAS PARA TRABAJO CON PESOS MEDIOS - Ideales para los entrenamientos \/ WOD con pesos medios. \u00dasalas para entrenamiento de entrenamiento funcional, fuerza o halterofilia, gimnasio, OHS, Muscle-up o Gimn\u00e1sticos.","og_url":"https:\/\/shop.crossfitvaskia.com\/?product=munequeras-flexibles-de-nylon-velites","og_site_name":"Tienda de CrossFit Vaskia","article_publisher":"https:\/\/www.facebook.com\/crossfitvaskia","article_modified_time":"2026-04-08T13:02:47+00:00","og_image":[{"width":300,"height":300,"url":"https:\/\/shop.crossfitvaskia.com\/wp-content\/uploads\/sites\/5\/2024\/06\/velites-wrist-black.jpg","type":"image\/jpeg"}],"twitter_card":"summary_large_image","twitter_site":"@crossfitvaskia","schema":{"@context":"https:\/\/schema.org","@graph":[{"@type":"WebPage","@id":"https:\/\/shop.crossfitvaskia.com\/?product=munequeras-flexibles-de-nylon-velites","url":"https:\/\/shop.crossfitvaskia.com\/?product=munequeras-flexibles-de-nylon-velites","name":"Mu\u00f1equeras Flexibles de Nylon | VELITES - Tienda de CrossFit Vaskia","isPartOf":{"@id":"https:\/\/shop.crossfitvaskia.com\/#website"},"primaryImageOfPage":{"@id":"https:\/\/shop.crossfitvaskia.com\/?product=munequeras-flexibles-de-nylon-velites#primaryimage"},"image":{"@id":"https:\/\/shop.crossfitvaskia.com\/?product=munequeras-flexibles-de-nylon-velites#primaryimage"},"thumbnailUrl":"https:\/\/shop.crossfitvaskia.com\/wp-content\/uploads\/sites\/5\/2024\/06\/velites-wrist-black.jpg","datePublished":"2024-06-04T12:37:05+00:00","dateModified":"2026-04-08T13:02:47+00:00","description":"MU\u00d1EQUERA PARA CROSSFIT. TU TE MUEVES, \u00a1ELLAS NO! - Dise\u00f1adas para entrenamiento funcional, fuerza o halterofilia y sobre todo para no perder sujeci\u00f3n durante el entrenamiento en ning\u00fan momento.AYUDAN A MEJORAR TUS MARCAS - Gracias a su sujeci\u00f3n \u00fanica ayudan a mejorar tus marcas en OHS, Snatch y Clean and Jerk.PROTEGE TUS MU\u00d1ECAS - Es una de las zonas m\u00e1s habituales de dolor que hay que proteger. Usa unas mu\u00f1equeras que est\u00e9n a la altura y no te la juegues.MATERIAL BICAPA PATENTADO - Hechas en material no procedente de animales. Resistentes y ligeramente el\u00e1sticas para un ajuste perfecto.REDUCE EL RIESGO DE LESIONES Y FATIGA EN MU\u00d1ECAS - Utiliza mu\u00f1equeras deportivas para la protecci\u00f3n de las mu\u00f1ecas sin perder la movilidad.NYLON FLEXIBLE DE ALTA CALIDAD- Hechas en Nylon para tener una mayor duraci\u00f3n y que proporcione una sujeci\u00f3n estable en entrenamiento funcional, fuerza, halterofilia y otros deportes.CIERRE CON VELCRO RESISTENTE - F\u00e1ciles de poner y quitar gracias al sistema de velcro resistente al sudor y la humedad.PERFECTAS PARA TRABAJO CON PESOS MEDIOS - Ideales para los entrenamientos \/ WOD con pesos medios. \u00dasalas para entrenamiento de entrenamiento funcional, fuerza o halterofilia, gimnasio, OHS, Muscle-up o Gimn\u00e1sticos.","breadcrumb":{"@id":"https:\/\/shop.crossfitvaskia.com\/?product=munequeras-flexibles-de-nylon-velites#breadcrumb"},"inLanguage":"es","potentialAction":[{"@type":"ReadAction","target":["https:\/\/shop.crossfitvaskia.com\/?product=munequeras-flexibles-de-nylon-velites"]}]},{"@type":"ImageObject","inLanguage":"es","@id":"https:\/\/shop.crossfitvaskia.com\/?product=munequeras-flexibles-de-nylon-velites#primaryimage","url":"https:\/\/shop.crossfitvaskia.com\/wp-content\/uploads\/sites\/5\/2024\/06\/velites-wrist-black.jpg","contentUrl":"https:\/\/shop.crossfitvaskia.com\/wp-content\/uploads\/sites\/5\/2024\/06\/velites-wrist-black.jpg","width":300,"height":300},{"@type":"BreadcrumbList","@id":"https:\/\/shop.crossfitvaskia.com\/?product=munequeras-flexibles-de-nylon-velites#breadcrumb","itemListElement":[{"@type":"ListItem","position":1,"name":"Portada","item":"https:\/\/shop.crossfitvaskia.com\/"},{"@type":"ListItem","position":2,"name":"TIENDA CROSSFIT","item":"https:\/\/shop.crossfitvaskia.com\/"},{"@type":"ListItem","position":3,"name":"Mu\u00f1equeras Flexibles de Nylon | VELITES"}]},{"@type":"WebSite","@id":"https:\/\/shop.crossfitvaskia.com\/#website","url":"https:\/\/shop.crossfitvaskia.com\/","name":"Tienda de CrossFit Vaskia","description":"Accesorios de CrossFit en el Aljarafe.","publisher":{"@id":"https:\/\/shop.crossfitvaskia.com\/#organization"},"potentialAction":[{"@type":"SearchAction","target":{"@type":"EntryPoint","urlTemplate":"https:\/\/shop.crossfitvaskia.com\/?s={search_term_string}"},"query-input":{"@type":"PropertyValueSpecification","valueRequired":true,"valueName":"search_term_string"}}],"inLanguage":"es"},{"@type":"Organization","@id":"https:\/\/shop.crossfitvaskia.com\/#organization","name":"Tienda de CrossFit Vaskia","url":"https:\/\/shop.crossfitvaskia.com\/","logo":{"@type":"ImageObject","inLanguage":"es","@id":"https:\/\/shop.crossfitvaskia.com\/#\/schema\/logo\/image\/","url":"https:\/\/shop.crossfitvaskia.com\/wp-content\/uploads\/sites\/5\/2022\/11\/img-logo-vaskia.png","contentUrl":"https:\/\/shop.crossfitvaskia.com\/wp-content\/uploads\/sites\/5\/2022\/11\/img-logo-vaskia.png","width":657,"height":681,"caption":"Tienda de CrossFit Vaskia"},"image":{"@id":"https:\/\/shop.crossfitvaskia.com\/#\/schema\/logo\/image\/"},"sameAs":["https:\/\/www.facebook.com\/crossfitvaskia","https:\/\/x.com\/crossfitvaskia","https:\/\/www.instagram.com\/crossfitvaskia\/","https:\/\/www.youtube.com\/c\/CrossfitVaskia"]}]}},"jetpack_sharing_enabled":true,"_links":{"self":[{"href":"https:\/\/shop.crossfitvaskia.com\/index.php?rest_route=\/wp\/v2\/product\/3484","targetHints":{"allow":["GET"]}}],"collection":[{"href":"https:\/\/shop.crossfitvaskia.com\/index.php?rest_route=\/wp\/v2\/product"}],"about":[{"href":"https:\/\/shop.crossfitvaskia.com\/index.php?rest_route=\/wp\/v2\/types\/product"}],"replies":[{"embeddable":true,"href":"https:\/\/shop.crossfitvaskia.com\/index.php?rest_route=%2Fwp%2Fv2%2Fcomments&post=3484"}],"wp:featuredmedia":[{"embeddable":true,"href":"https:\/\/shop.crossfitvaskia.com\/index.php?rest_route=\/wp\/v2\/media\/3738"}],"wp:attachment":[{"href":"https:\/\/shop.crossfitvaskia.com\/index.php?rest_route=%2Fwp%2Fv2%2Fmedia&parent=3484"}],"wp:term":[{"taxonomy":"product_brand","embeddable":true,"href":"https:\/\/shop.crossfitvaskia.com\/index.php?rest_route=%2Fwp%2Fv2%2Fproduct_brand&post=3484"},{"taxonomy":"product_cat","embeddable":true,"href":"https:\/\/shop.crossfitvaskia.com\/index.php?rest_route=%2Fwp%2Fv2%2Fproduct_cat&post=3484"},{"taxonomy":"product_tag","embeddable":true,"href":"https:\/\/shop.crossfitvaskia.com\/index.php?rest_route=%2Fwp%2Fv2%2Fproduct_tag&post=3484"}],"curies":[{"name":"wp","href":"https:\/\/api.w.org\/{rel}","templated":true}]}}