{"id":3552,"date":"2024-09-02T14:52:26","date_gmt":"2024-09-02T13:52:26","guid":{"rendered":"https:\/\/shop.crossfitvaskia.com\/?post_type=product&#038;p=3552"},"modified":"2026-02-03T14:52:49","modified_gmt":"2026-02-03T13:52:49","slug":"cinturon-para-halterofilia-velites","status":"publish","type":"product","link":"https:\/\/shop.crossfitvaskia.com\/?product=cinturon-para-halterofilia-velites","title":{"rendered":"Cintur\u00f3n para halterofilia | VELITES"},"content":{"rendered":"<p>Prep\u00e1rate para dar un impulso a tu entrenamiento. Sujeci\u00f3n m\u00e1xima, comodidad insuperable y gran resistencia.&amp;nbsp;<\/p>\n<p>DISE\u00d1O ERGON\u00d3MICO; para un ajuste corporal \u00f3ptimo.<br \/>\nSUJECI\u00d3N Y COMPRESI\u00d3N HOMOG\u00c9NEA gracias a la capa interior viscoel\u00e1stica.<br \/>\nF\u00c1CIL DE ABRIR Y CERRAR; para transiciones r\u00e1pidas.<br \/>\nVELCRO DURADERO.<br \/>\nHEBILLA RESISTENTE.<br \/>\nDISE\u00d1O CONFORME A LA IWF (Federaci\u00f3n Internacional de Halterofilia).<br \/>\nPERSONALIZABLE.<br \/>\nBOLSA DE TRANSPORTE INCLUIDA.<\/p>\n<h3><span data-contrast=\"auto\"><span style=\"vertical-align: inherit;\">Beneficios Medioambientales<\/span><\/span><\/h3>\n<p><span data-contrast=\"auto\"><span style=\"vertical-align: inherit;\">100% vegano.<br \/>\n<\/span><\/span><\/p>\n","protected":false},"excerpt":{"rendered":"<p><span data-contrast=\"none\">El Cintur\u00f3n para Halterofilia de Velites es un cintur\u00f3n homologado dise\u00f1ado exclusivamente siguiendo las normativas exigidas por la AEP (Asociaci\u00f3n Espa\u00f1ola de Halterofilia) convirti\u00e9ndolo en un cintur\u00f3n perfecto para competir en halterofilia.<\/span><span data-ccp-props=\"{&quot;134233117&quot;:false,&quot;134233118&quot;:false,&quot;201341983&quot;:0,&quot;335551550&quot;:1,&quot;335551620&quot;:1,&quot;335559685&quot;:0,&quot;335559737&quot;:0,&quot;335559738&quot;:0,&quot;335559739&quot;:160,&quot;335559740&quot;:259}\"> Prep\u00e1rate para dar un impulso a tu entrenamiento. Sujeci\u00f3n m\u00e1xima, comodidad insuperable y gran resistencia<\/span><\/p>\n","protected":false},"featured_media":3560,"comment_status":"closed","ping_status":"closed","template":"","meta":[],"product_brand":[],"product_cat":[32,66],"product_tag":[155,154,152,236],"class_list":{"0":"post-3552","1":"product","2":"type-product","3":"status-publish","4":"has-post-thumbnail","6":"product_cat-accesorios-crossfit-crosstraing","7":"product_cat-cinturon-levantamiento-de-peso","8":"product_tag-cinturon-crossfit","9":"product_tag-cinturon-halterofilia","10":"product_tag-cinturon-lumbar","11":"product_tag-proteccion-lumbar","12":"product_shipping_class-recogida-en-tienda","14":"first","15":"instock","16":"sale","17":"shipping-taxable","18":"purchasable","19":"product-type-variable"},"yoast_head":"<!-- This site is optimized with the Yoast SEO plugin v25.3 - https:\/\/yoast.com\/wordpress\/plugins\/seo\/ -->\n<title>Cintur\u00f3n para halterofilia | VELITES - Tienda de CrossFit Vaskia<\/title>\n<meta name=\"description\" content=\"Cintur\u00f3n lumbar para levantamiento de peso, protecci\u00f3n lumbar de activaci\u00f3n abdominal. Cintur\u00f3n de crossfit y complemtento de halterofilia.\" \/>\n<meta name=\"robots\" content=\"index, follow, max-snippet:-1, max-image-preview:large, max-video-preview:-1\" \/>\n<link rel=\"canonical\" href=\"https:\/\/shop.crossfitvaskia.com\/?product=cinturon-para-halterofilia-velites\" \/>\n<meta property=\"og:locale\" content=\"es_ES\" \/>\n<meta property=\"og:type\" content=\"article\" \/>\n<meta property=\"og:title\" content=\"Cintur\u00f3n para halterofilia | VELITES - Tienda de CrossFit Vaskia\" \/>\n<meta property=\"og:description\" content=\"Cintur\u00f3n lumbar para levantamiento de peso, protecci\u00f3n lumbar de activaci\u00f3n abdominal. Cintur\u00f3n de crossfit y complemtento de halterofilia.\" \/>\n<meta property=\"og:url\" content=\"https:\/\/shop.crossfitvaskia.com\/?product=cinturon-para-halterofilia-velites\" \/>\n<meta property=\"og:site_name\" content=\"Tienda de CrossFit Vaskia\" \/>\n<meta property=\"article:publisher\" content=\"https:\/\/www.facebook.com\/crossfitvaskia\" \/>\n<meta property=\"article:modified_time\" content=\"2026-02-03T13:52:49+00:00\" \/>\n<meta property=\"og:image\" content=\"https:\/\/shop.crossfitvaskia.com\/wp-content\/uploads\/sites\/5\/2024\/09\/Captura-de-pantalla-2024-09-02-a-las-15.48.59.png\" \/>\n\t<meta property=\"og:image:width\" content=\"1392\" \/>\n\t<meta property=\"og:image:height\" content=\"1314\" \/>\n\t<meta property=\"og:image:type\" content=\"image\/png\" \/>\n<meta name=\"twitter:card\" content=\"summary_large_image\" \/>\n<meta name=\"twitter:site\" content=\"@crossfitvaskia\" \/>\n<script type=\"application\/ld+json\" class=\"yoast-schema-graph\">{\"@context\":\"https:\/\/schema.org\",\"@graph\":[{\"@type\":\"WebPage\",\"@id\":\"https:\/\/shop.crossfitvaskia.com\/?product=cinturon-para-halterofilia-velites\",\"url\":\"https:\/\/shop.crossfitvaskia.com\/?product=cinturon-para-halterofilia-velites\",\"name\":\"Cintur\u00f3n para halterofilia | VELITES - Tienda de CrossFit Vaskia\",\"isPartOf\":{\"@id\":\"https:\/\/shop.crossfitvaskia.com\/#website\"},\"primaryImageOfPage\":{\"@id\":\"https:\/\/shop.crossfitvaskia.com\/?product=cinturon-para-halterofilia-velites#primaryimage\"},\"image\":{\"@id\":\"https:\/\/shop.crossfitvaskia.com\/?product=cinturon-para-halterofilia-velites#primaryimage\"},\"thumbnailUrl\":\"https:\/\/shop.crossfitvaskia.com\/wp-content\/uploads\/sites\/5\/2024\/09\/Captura-de-pantalla-2024-09-02-a-las-15.48.59.png\",\"datePublished\":\"2024-09-02T13:52:26+00:00\",\"dateModified\":\"2026-02-03T13:52:49+00:00\",\"description\":\"Cintur\u00f3n lumbar para levantamiento de peso, protecci\u00f3n lumbar de activaci\u00f3n abdominal. Cintur\u00f3n de crossfit y complemtento de halterofilia.\",\"breadcrumb\":{\"@id\":\"https:\/\/shop.crossfitvaskia.com\/?product=cinturon-para-halterofilia-velites#breadcrumb\"},\"inLanguage\":\"es\",\"potentialAction\":[{\"@type\":\"ReadAction\",\"target\":[\"https:\/\/shop.crossfitvaskia.com\/?product=cinturon-para-halterofilia-velites\"]}]},{\"@type\":\"ImageObject\",\"inLanguage\":\"es\",\"@id\":\"https:\/\/shop.crossfitvaskia.com\/?product=cinturon-para-halterofilia-velites#primaryimage\",\"url\":\"https:\/\/shop.crossfitvaskia.com\/wp-content\/uploads\/sites\/5\/2024\/09\/Captura-de-pantalla-2024-09-02-a-las-15.48.59.png\",\"contentUrl\":\"https:\/\/shop.crossfitvaskia.com\/wp-content\/uploads\/sites\/5\/2024\/09\/Captura-de-pantalla-2024-09-02-a-las-15.48.59.png\",\"width\":1392,\"height\":1314},{\"@type\":\"BreadcrumbList\",\"@id\":\"https:\/\/shop.crossfitvaskia.com\/?product=cinturon-para-halterofilia-velites#breadcrumb\",\"itemListElement\":[{\"@type\":\"ListItem\",\"position\":1,\"name\":\"Portada\",\"item\":\"https:\/\/shop.crossfitvaskia.com\/\"},{\"@type\":\"ListItem\",\"position\":2,\"name\":\"TIENDA CROSSFIT\",\"item\":\"https:\/\/shop.crossfitvaskia.com\/\"},{\"@type\":\"ListItem\",\"position\":3,\"name\":\"Cintur\u00f3n para halterofilia | VELITES\"}]},{\"@type\":\"WebSite\",\"@id\":\"https:\/\/shop.crossfitvaskia.com\/#website\",\"url\":\"https:\/\/shop.crossfitvaskia.com\/\",\"name\":\"Tienda de CrossFit Vaskia\",\"description\":\"Accesorios de CrossFit en el Aljarafe.\",\"publisher\":{\"@id\":\"https:\/\/shop.crossfitvaskia.com\/#organization\"},\"potentialAction\":[{\"@type\":\"SearchAction\",\"target\":{\"@type\":\"EntryPoint\",\"urlTemplate\":\"https:\/\/shop.crossfitvaskia.com\/?s={search_term_string}\"},\"query-input\":{\"@type\":\"PropertyValueSpecification\",\"valueRequired\":true,\"valueName\":\"search_term_string\"}}],\"inLanguage\":\"es\"},{\"@type\":\"Organization\",\"@id\":\"https:\/\/shop.crossfitvaskia.com\/#organization\",\"name\":\"Tienda de CrossFit Vaskia\",\"url\":\"https:\/\/shop.crossfitvaskia.com\/\",\"logo\":{\"@type\":\"ImageObject\",\"inLanguage\":\"es\",\"@id\":\"https:\/\/shop.crossfitvaskia.com\/#\/schema\/logo\/image\/\",\"url\":\"https:\/\/shop.crossfitvaskia.com\/wp-content\/uploads\/sites\/5\/2022\/11\/img-logo-vaskia.png\",\"contentUrl\":\"https:\/\/shop.crossfitvaskia.com\/wp-content\/uploads\/sites\/5\/2022\/11\/img-logo-vaskia.png\",\"width\":657,\"height\":681,\"caption\":\"Tienda de CrossFit Vaskia\"},\"image\":{\"@id\":\"https:\/\/shop.crossfitvaskia.com\/#\/schema\/logo\/image\/\"},\"sameAs\":[\"https:\/\/www.facebook.com\/crossfitvaskia\",\"https:\/\/x.com\/crossfitvaskia\",\"https:\/\/www.instagram.com\/crossfitvaskia\/\",\"https:\/\/www.youtube.com\/c\/CrossfitVaskia\"]}]}<\/script>\n<!-- \/ Yoast SEO plugin. -->","yoast_head_json":{"title":"Cintur\u00f3n para halterofilia | VELITES - Tienda de CrossFit Vaskia","description":"Cintur\u00f3n lumbar para levantamiento de peso, protecci\u00f3n lumbar de activaci\u00f3n abdominal. Cintur\u00f3n de crossfit y complemtento de halterofilia.","robots":{"index":"index","follow":"follow","max-snippet":"max-snippet:-1","max-image-preview":"max-image-preview:large","max-video-preview":"max-video-preview:-1"},"canonical":"https:\/\/shop.crossfitvaskia.com\/?product=cinturon-para-halterofilia-velites","og_locale":"es_ES","og_type":"article","og_title":"Cintur\u00f3n para halterofilia | VELITES - Tienda de CrossFit Vaskia","og_description":"Cintur\u00f3n lumbar para levantamiento de peso, protecci\u00f3n lumbar de activaci\u00f3n abdominal. Cintur\u00f3n de crossfit y complemtento de halterofilia.","og_url":"https:\/\/shop.crossfitvaskia.com\/?product=cinturon-para-halterofilia-velites","og_site_name":"Tienda de CrossFit Vaskia","article_publisher":"https:\/\/www.facebook.com\/crossfitvaskia","article_modified_time":"2026-02-03T13:52:49+00:00","og_image":[{"width":1392,"height":1314,"url":"https:\/\/shop.crossfitvaskia.com\/wp-content\/uploads\/sites\/5\/2024\/09\/Captura-de-pantalla-2024-09-02-a-las-15.48.59.png","type":"image\/png"}],"twitter_card":"summary_large_image","twitter_site":"@crossfitvaskia","schema":{"@context":"https:\/\/schema.org","@graph":[{"@type":"WebPage","@id":"https:\/\/shop.crossfitvaskia.com\/?product=cinturon-para-halterofilia-velites","url":"https:\/\/shop.crossfitvaskia.com\/?product=cinturon-para-halterofilia-velites","name":"Cintur\u00f3n para halterofilia | VELITES - Tienda de CrossFit Vaskia","isPartOf":{"@id":"https:\/\/shop.crossfitvaskia.com\/#website"},"primaryImageOfPage":{"@id":"https:\/\/shop.crossfitvaskia.com\/?product=cinturon-para-halterofilia-velites#primaryimage"},"image":{"@id":"https:\/\/shop.crossfitvaskia.com\/?product=cinturon-para-halterofilia-velites#primaryimage"},"thumbnailUrl":"https:\/\/shop.crossfitvaskia.com\/wp-content\/uploads\/sites\/5\/2024\/09\/Captura-de-pantalla-2024-09-02-a-las-15.48.59.png","datePublished":"2024-09-02T13:52:26+00:00","dateModified":"2026-02-03T13:52:49+00:00","description":"Cintur\u00f3n lumbar para levantamiento de peso, protecci\u00f3n lumbar de activaci\u00f3n abdominal. Cintur\u00f3n de crossfit y complemtento de halterofilia.","breadcrumb":{"@id":"https:\/\/shop.crossfitvaskia.com\/?product=cinturon-para-halterofilia-velites#breadcrumb"},"inLanguage":"es","potentialAction":[{"@type":"ReadAction","target":["https:\/\/shop.crossfitvaskia.com\/?product=cinturon-para-halterofilia-velites"]}]},{"@type":"ImageObject","inLanguage":"es","@id":"https:\/\/shop.crossfitvaskia.com\/?product=cinturon-para-halterofilia-velites#primaryimage","url":"https:\/\/shop.crossfitvaskia.com\/wp-content\/uploads\/sites\/5\/2024\/09\/Captura-de-pantalla-2024-09-02-a-las-15.48.59.png","contentUrl":"https:\/\/shop.crossfitvaskia.com\/wp-content\/uploads\/sites\/5\/2024\/09\/Captura-de-pantalla-2024-09-02-a-las-15.48.59.png","width":1392,"height":1314},{"@type":"BreadcrumbList","@id":"https:\/\/shop.crossfitvaskia.com\/?product=cinturon-para-halterofilia-velites#breadcrumb","itemListElement":[{"@type":"ListItem","position":1,"name":"Portada","item":"https:\/\/shop.crossfitvaskia.com\/"},{"@type":"ListItem","position":2,"name":"TIENDA CROSSFIT","item":"https:\/\/shop.crossfitvaskia.com\/"},{"@type":"ListItem","position":3,"name":"Cintur\u00f3n para halterofilia | VELITES"}]},{"@type":"WebSite","@id":"https:\/\/shop.crossfitvaskia.com\/#website","url":"https:\/\/shop.crossfitvaskia.com\/","name":"Tienda de CrossFit Vaskia","description":"Accesorios de CrossFit en el Aljarafe.","publisher":{"@id":"https:\/\/shop.crossfitvaskia.com\/#organization"},"potentialAction":[{"@type":"SearchAction","target":{"@type":"EntryPoint","urlTemplate":"https:\/\/shop.crossfitvaskia.com\/?s={search_term_string}"},"query-input":{"@type":"PropertyValueSpecification","valueRequired":true,"valueName":"search_term_string"}}],"inLanguage":"es"},{"@type":"Organization","@id":"https:\/\/shop.crossfitvaskia.com\/#organization","name":"Tienda de CrossFit Vaskia","url":"https:\/\/shop.crossfitvaskia.com\/","logo":{"@type":"ImageObject","inLanguage":"es","@id":"https:\/\/shop.crossfitvaskia.com\/#\/schema\/logo\/image\/","url":"https:\/\/shop.crossfitvaskia.com\/wp-content\/uploads\/sites\/5\/2022\/11\/img-logo-vaskia.png","contentUrl":"https:\/\/shop.crossfitvaskia.com\/wp-content\/uploads\/sites\/5\/2022\/11\/img-logo-vaskia.png","width":657,"height":681,"caption":"Tienda de CrossFit Vaskia"},"image":{"@id":"https:\/\/shop.crossfitvaskia.com\/#\/schema\/logo\/image\/"},"sameAs":["https:\/\/www.facebook.com\/crossfitvaskia","https:\/\/x.com\/crossfitvaskia","https:\/\/www.instagram.com\/crossfitvaskia\/","https:\/\/www.youtube.com\/c\/CrossfitVaskia"]}]}},"jetpack_sharing_enabled":true,"_links":{"self":[{"href":"https:\/\/shop.crossfitvaskia.com\/index.php?rest_route=\/wp\/v2\/product\/3552","targetHints":{"allow":["GET"]}}],"collection":[{"href":"https:\/\/shop.crossfitvaskia.com\/index.php?rest_route=\/wp\/v2\/product"}],"about":[{"href":"https:\/\/shop.crossfitvaskia.com\/index.php?rest_route=\/wp\/v2\/types\/product"}],"replies":[{"embeddable":true,"href":"https:\/\/shop.crossfitvaskia.com\/index.php?rest_route=%2Fwp%2Fv2%2Fcomments&post=3552"}],"wp:featuredmedia":[{"embeddable":true,"href":"https:\/\/shop.crossfitvaskia.com\/index.php?rest_route=\/wp\/v2\/media\/3560"}],"wp:attachment":[{"href":"https:\/\/shop.crossfitvaskia.com\/index.php?rest_route=%2Fwp%2Fv2%2Fmedia&parent=3552"}],"wp:term":[{"taxonomy":"product_brand","embeddable":true,"href":"https:\/\/shop.crossfitvaskia.com\/index.php?rest_route=%2Fwp%2Fv2%2Fproduct_brand&post=3552"},{"taxonomy":"product_cat","embeddable":true,"href":"https:\/\/shop.crossfitvaskia.com\/index.php?rest_route=%2Fwp%2Fv2%2Fproduct_cat&post=3552"},{"taxonomy":"product_tag","embeddable":true,"href":"https:\/\/shop.crossfitvaskia.com\/index.php?rest_route=%2Fwp%2Fv2%2Fproduct_tag&post=3552"}],"curies":[{"name":"wp","href":"https:\/\/api.w.org\/{rel}","templated":true}]}}