{"id":3601,"date":"2024-11-02T12:59:44","date_gmt":"2024-11-02T11:59:44","guid":{"rendered":"https:\/\/shop.crossfitvaskia.com\/?post_type=product&#038;p=3601"},"modified":"2026-03-10T08:15:16","modified_gmt":"2026-03-10T07:15:16","slug":"comba-cyclone","status":"publish","type":"product","link":"https:\/\/shop.crossfitvaskia.com\/?product=comba-cyclone","title":{"rendered":"Comba Cyclone  | VELITES"},"content":{"rendered":"<p><strong>Nueva comba Cyclone de Velites<\/strong><\/p>\n<h2 class=\"wp-block-heading\"><strong>La revolucionaria comba para triple-unders y cross-overs<\/strong>.<\/h2>\n<p>La nueva Cyclone de Velites es una comba vers\u00e1til y avanzada, dise\u00f1ada para desbloquear y consolidar habilidades como los triple-unders y los cross-overs. Esta comba combina la ligereza y velocidad de la Fire 2.0 con la innovaci\u00f3n que requieren nuevos ejercicios como los cross-overs, lo que la hace perfecta para atletas que buscan llevar su t\u00e9cnica al siguiente nivel.<\/p>\n<p>\u00bfC\u00f3mo funciona?\u00a0<strong>El mango de la Cyclone cuenta con una doble configuraci\u00f3n que permite ajustar la comba seg\u00fan el tipo de ejercicio que se quiera realizar<\/strong>:<\/p>\n<ul class=\"wp-block-list\">\n<li>Mango corto y ligero para los triple-unders.<\/li>\n<li>Mango largo para los cross-overs.<\/li>\n<\/ul>\n<p>Adem\u00e1s, su dise\u00f1o ergon\u00f3mico y su sistema de rodamiento de alta calidad aseguran un giro suave y preciso, lo que te ayuda a mantener el ritmo y la consistencia en cada salto.<\/p>\n","protected":false},"excerpt":{"rendered":"<p><span class=\"Y2IQFc\" lang=\"es\">Para SALTOS DOBLES y TRIPLES : Construcci\u00f3n ultraligera para redefinir la velocidad: la cuerda para saltar de aluminio m\u00e1s liviana del mercado para lograr una velocidad y un rendimiento inigualables. M\u00e1xima eficiencia, menos fatiga: experimente una reducci\u00f3n del estr\u00e9s en sus brazos y hombros para un movimiento m\u00e1s eficiente en cada salto. Asas desmontables: retira la parte inferior para la versi\u00f3n m\u00e1s ligera. Para CROSSOVERS: Extensiones de mango: reducen el rango de movimiento de crossover, haciendo que cada salto sea m\u00e1s controlado y simplificando la ejecuci\u00f3n de los cruces. Sistema de anillo de rotaci\u00f3n de 360\u00ba: garantiza un movimiento suave y f\u00e1cil. Tubo de protecci\u00f3n: dise\u00f1ado para ayudar a los principiantes a dominar las t\u00e9cnicas de salto a la comba. Este tubo ayuda a mantener la integridad del cable evitando que se doble o deforme al pisarlo.<\/span><\/p>\n","protected":false},"featured_media":3615,"comment_status":"open","ping_status":"closed","template":"","meta":[],"product_brand":[],"product_cat":[32,62],"product_tag":[127,174,175,176,177,178],"class_list":{"0":"post-3601","1":"product","2":"type-product","3":"status-publish","4":"has-post-thumbnail","6":"product_cat-accesorios-crossfit-crosstraing","7":"product_cat-combas","8":"product_tag-comba-rapida","9":"product_tag-combas","10":"product_tag-combas-crossfit","11":"product_tag-double-unders","12":"product_tag-rope-jump","13":"product_tag-salto-a-la-comba","14":"product_shipping_class-recogida-en-tienda","16":"first","17":"instock","18":"sale","19":"featured","20":"shipping-taxable","21":"purchasable","22":"product-type-variable"},"yoast_head":"<!-- This site is optimized with the Yoast SEO plugin v25.3 - https:\/\/yoast.com\/wordpress\/plugins\/seo\/ -->\n<title>Comba Cyclone | VELITES - Tienda de CrossFit Vaskia<\/title>\n<meta name=\"description\" content=\"La nueva Cyclone de Velites es una comba vers\u00e1til y avanzada, dise\u00f1ada para desbloquear y consolidar habilidades como los triple-unders y los cross-overs. Esta comba combina la ligereza y velocidad de la Fire 2.0 con la innovaci\u00f3n que requieren nuevos ejercicios como los cross-overs, lo que la hace perfecta para atletas que buscan llevar su t\u00e9cnica al siguiente nivel.\" \/>\n<meta name=\"robots\" content=\"index, follow, max-snippet:-1, max-image-preview:large, max-video-preview:-1\" \/>\n<link rel=\"canonical\" href=\"https:\/\/shop.crossfitvaskia.com\/?product=comba-cyclone\" \/>\n<meta property=\"og:locale\" content=\"es_ES\" \/>\n<meta property=\"og:type\" content=\"article\" \/>\n<meta property=\"og:title\" content=\"Comba Cyclone | VELITES - Tienda de CrossFit Vaskia\" \/>\n<meta property=\"og:description\" content=\"La nueva Cyclone de Velites es una comba vers\u00e1til y avanzada, dise\u00f1ada para desbloquear y consolidar habilidades como los triple-unders y los cross-overs. Esta comba combina la ligereza y velocidad de la Fire 2.0 con la innovaci\u00f3n que requieren nuevos ejercicios como los cross-overs, lo que la hace perfecta para atletas que buscan llevar su t\u00e9cnica al siguiente nivel.\" \/>\n<meta property=\"og:url\" content=\"https:\/\/shop.crossfitvaskia.com\/?product=comba-cyclone\" \/>\n<meta property=\"og:site_name\" content=\"Tienda de CrossFit Vaskia\" \/>\n<meta property=\"article:publisher\" content=\"https:\/\/www.facebook.com\/crossfitvaskia\" \/>\n<meta property=\"article:modified_time\" content=\"2026-03-10T07:15:16+00:00\" \/>\n<meta property=\"og:image\" content=\"https:\/\/shop.crossfitvaskia.com\/wp-content\/uploads\/sites\/5\/2024\/11\/comba-crossfit-cyclone-velites-oferta.jpg\" \/>\n\t<meta property=\"og:image:width\" content=\"500\" \/>\n\t<meta property=\"og:image:height\" content=\"500\" \/>\n\t<meta property=\"og:image:type\" content=\"image\/jpeg\" \/>\n<meta name=\"twitter:card\" content=\"summary_large_image\" \/>\n<meta name=\"twitter:site\" content=\"@crossfitvaskia\" \/>\n<script type=\"application\/ld+json\" class=\"yoast-schema-graph\">{\"@context\":\"https:\/\/schema.org\",\"@graph\":[{\"@type\":\"WebPage\",\"@id\":\"https:\/\/shop.crossfitvaskia.com\/?product=comba-cyclone\",\"url\":\"https:\/\/shop.crossfitvaskia.com\/?product=comba-cyclone\",\"name\":\"Comba Cyclone | VELITES - Tienda de CrossFit Vaskia\",\"isPartOf\":{\"@id\":\"https:\/\/shop.crossfitvaskia.com\/#website\"},\"primaryImageOfPage\":{\"@id\":\"https:\/\/shop.crossfitvaskia.com\/?product=comba-cyclone#primaryimage\"},\"image\":{\"@id\":\"https:\/\/shop.crossfitvaskia.com\/?product=comba-cyclone#primaryimage\"},\"thumbnailUrl\":\"https:\/\/shop.crossfitvaskia.com\/wp-content\/uploads\/sites\/5\/2024\/11\/comba-crossfit-cyclone-velites-oferta.jpg\",\"datePublished\":\"2024-11-02T11:59:44+00:00\",\"dateModified\":\"2026-03-10T07:15:16+00:00\",\"description\":\"La nueva Cyclone de Velites es una comba vers\u00e1til y avanzada, dise\u00f1ada para desbloquear y consolidar habilidades como los triple-unders y los cross-overs. Esta comba combina la ligereza y velocidad de la Fire 2.0 con la innovaci\u00f3n que requieren nuevos ejercicios como los cross-overs, lo que la hace perfecta para atletas que buscan llevar su t\u00e9cnica al siguiente nivel.\",\"breadcrumb\":{\"@id\":\"https:\/\/shop.crossfitvaskia.com\/?product=comba-cyclone#breadcrumb\"},\"inLanguage\":\"es\",\"potentialAction\":[{\"@type\":\"ReadAction\",\"target\":[\"https:\/\/shop.crossfitvaskia.com\/?product=comba-cyclone\"]}]},{\"@type\":\"ImageObject\",\"inLanguage\":\"es\",\"@id\":\"https:\/\/shop.crossfitvaskia.com\/?product=comba-cyclone#primaryimage\",\"url\":\"https:\/\/shop.crossfitvaskia.com\/wp-content\/uploads\/sites\/5\/2024\/11\/comba-crossfit-cyclone-velites-oferta.jpg\",\"contentUrl\":\"https:\/\/shop.crossfitvaskia.com\/wp-content\/uploads\/sites\/5\/2024\/11\/comba-crossfit-cyclone-velites-oferta.jpg\",\"width\":500,\"height\":500},{\"@type\":\"BreadcrumbList\",\"@id\":\"https:\/\/shop.crossfitvaskia.com\/?product=comba-cyclone#breadcrumb\",\"itemListElement\":[{\"@type\":\"ListItem\",\"position\":1,\"name\":\"Portada\",\"item\":\"https:\/\/shop.crossfitvaskia.com\/\"},{\"@type\":\"ListItem\",\"position\":2,\"name\":\"TIENDA CROSSFIT\",\"item\":\"https:\/\/shop.crossfitvaskia.com\/\"},{\"@type\":\"ListItem\",\"position\":3,\"name\":\"Comba Cyclone | VELITES\"}]},{\"@type\":\"WebSite\",\"@id\":\"https:\/\/shop.crossfitvaskia.com\/#website\",\"url\":\"https:\/\/shop.crossfitvaskia.com\/\",\"name\":\"Tienda de CrossFit Vaskia\",\"description\":\"Accesorios de CrossFit en el Aljarafe.\",\"publisher\":{\"@id\":\"https:\/\/shop.crossfitvaskia.com\/#organization\"},\"potentialAction\":[{\"@type\":\"SearchAction\",\"target\":{\"@type\":\"EntryPoint\",\"urlTemplate\":\"https:\/\/shop.crossfitvaskia.com\/?s={search_term_string}\"},\"query-input\":{\"@type\":\"PropertyValueSpecification\",\"valueRequired\":true,\"valueName\":\"search_term_string\"}}],\"inLanguage\":\"es\"},{\"@type\":\"Organization\",\"@id\":\"https:\/\/shop.crossfitvaskia.com\/#organization\",\"name\":\"Tienda de CrossFit Vaskia\",\"url\":\"https:\/\/shop.crossfitvaskia.com\/\",\"logo\":{\"@type\":\"ImageObject\",\"inLanguage\":\"es\",\"@id\":\"https:\/\/shop.crossfitvaskia.com\/#\/schema\/logo\/image\/\",\"url\":\"https:\/\/shop.crossfitvaskia.com\/wp-content\/uploads\/sites\/5\/2022\/11\/img-logo-vaskia.png\",\"contentUrl\":\"https:\/\/shop.crossfitvaskia.com\/wp-content\/uploads\/sites\/5\/2022\/11\/img-logo-vaskia.png\",\"width\":657,\"height\":681,\"caption\":\"Tienda de CrossFit Vaskia\"},\"image\":{\"@id\":\"https:\/\/shop.crossfitvaskia.com\/#\/schema\/logo\/image\/\"},\"sameAs\":[\"https:\/\/www.facebook.com\/crossfitvaskia\",\"https:\/\/x.com\/crossfitvaskia\",\"https:\/\/www.instagram.com\/crossfitvaskia\/\",\"https:\/\/www.youtube.com\/c\/CrossfitVaskia\"]}]}<\/script>\n<!-- \/ Yoast SEO plugin. -->","yoast_head_json":{"title":"Comba Cyclone | VELITES - Tienda de CrossFit Vaskia","description":"La nueva Cyclone de Velites es una comba vers\u00e1til y avanzada, dise\u00f1ada para desbloquear y consolidar habilidades como los triple-unders y los cross-overs. Esta comba combina la ligereza y velocidad de la Fire 2.0 con la innovaci\u00f3n que requieren nuevos ejercicios como los cross-overs, lo que la hace perfecta para atletas que buscan llevar su t\u00e9cnica al siguiente nivel.","robots":{"index":"index","follow":"follow","max-snippet":"max-snippet:-1","max-image-preview":"max-image-preview:large","max-video-preview":"max-video-preview:-1"},"canonical":"https:\/\/shop.crossfitvaskia.com\/?product=comba-cyclone","og_locale":"es_ES","og_type":"article","og_title":"Comba Cyclone | VELITES - Tienda de CrossFit Vaskia","og_description":"La nueva Cyclone de Velites es una comba vers\u00e1til y avanzada, dise\u00f1ada para desbloquear y consolidar habilidades como los triple-unders y los cross-overs. Esta comba combina la ligereza y velocidad de la Fire 2.0 con la innovaci\u00f3n que requieren nuevos ejercicios como los cross-overs, lo que la hace perfecta para atletas que buscan llevar su t\u00e9cnica al siguiente nivel.","og_url":"https:\/\/shop.crossfitvaskia.com\/?product=comba-cyclone","og_site_name":"Tienda de CrossFit Vaskia","article_publisher":"https:\/\/www.facebook.com\/crossfitvaskia","article_modified_time":"2026-03-10T07:15:16+00:00","og_image":[{"width":500,"height":500,"url":"https:\/\/shop.crossfitvaskia.com\/wp-content\/uploads\/sites\/5\/2024\/11\/comba-crossfit-cyclone-velites-oferta.jpg","type":"image\/jpeg"}],"twitter_card":"summary_large_image","twitter_site":"@crossfitvaskia","schema":{"@context":"https:\/\/schema.org","@graph":[{"@type":"WebPage","@id":"https:\/\/shop.crossfitvaskia.com\/?product=comba-cyclone","url":"https:\/\/shop.crossfitvaskia.com\/?product=comba-cyclone","name":"Comba Cyclone | VELITES - Tienda de CrossFit Vaskia","isPartOf":{"@id":"https:\/\/shop.crossfitvaskia.com\/#website"},"primaryImageOfPage":{"@id":"https:\/\/shop.crossfitvaskia.com\/?product=comba-cyclone#primaryimage"},"image":{"@id":"https:\/\/shop.crossfitvaskia.com\/?product=comba-cyclone#primaryimage"},"thumbnailUrl":"https:\/\/shop.crossfitvaskia.com\/wp-content\/uploads\/sites\/5\/2024\/11\/comba-crossfit-cyclone-velites-oferta.jpg","datePublished":"2024-11-02T11:59:44+00:00","dateModified":"2026-03-10T07:15:16+00:00","description":"La nueva Cyclone de Velites es una comba vers\u00e1til y avanzada, dise\u00f1ada para desbloquear y consolidar habilidades como los triple-unders y los cross-overs. Esta comba combina la ligereza y velocidad de la Fire 2.0 con la innovaci\u00f3n que requieren nuevos ejercicios como los cross-overs, lo que la hace perfecta para atletas que buscan llevar su t\u00e9cnica al siguiente nivel.","breadcrumb":{"@id":"https:\/\/shop.crossfitvaskia.com\/?product=comba-cyclone#breadcrumb"},"inLanguage":"es","potentialAction":[{"@type":"ReadAction","target":["https:\/\/shop.crossfitvaskia.com\/?product=comba-cyclone"]}]},{"@type":"ImageObject","inLanguage":"es","@id":"https:\/\/shop.crossfitvaskia.com\/?product=comba-cyclone#primaryimage","url":"https:\/\/shop.crossfitvaskia.com\/wp-content\/uploads\/sites\/5\/2024\/11\/comba-crossfit-cyclone-velites-oferta.jpg","contentUrl":"https:\/\/shop.crossfitvaskia.com\/wp-content\/uploads\/sites\/5\/2024\/11\/comba-crossfit-cyclone-velites-oferta.jpg","width":500,"height":500},{"@type":"BreadcrumbList","@id":"https:\/\/shop.crossfitvaskia.com\/?product=comba-cyclone#breadcrumb","itemListElement":[{"@type":"ListItem","position":1,"name":"Portada","item":"https:\/\/shop.crossfitvaskia.com\/"},{"@type":"ListItem","position":2,"name":"TIENDA CROSSFIT","item":"https:\/\/shop.crossfitvaskia.com\/"},{"@type":"ListItem","position":3,"name":"Comba Cyclone | VELITES"}]},{"@type":"WebSite","@id":"https:\/\/shop.crossfitvaskia.com\/#website","url":"https:\/\/shop.crossfitvaskia.com\/","name":"Tienda de CrossFit Vaskia","description":"Accesorios de CrossFit en el Aljarafe.","publisher":{"@id":"https:\/\/shop.crossfitvaskia.com\/#organization"},"potentialAction":[{"@type":"SearchAction","target":{"@type":"EntryPoint","urlTemplate":"https:\/\/shop.crossfitvaskia.com\/?s={search_term_string}"},"query-input":{"@type":"PropertyValueSpecification","valueRequired":true,"valueName":"search_term_string"}}],"inLanguage":"es"},{"@type":"Organization","@id":"https:\/\/shop.crossfitvaskia.com\/#organization","name":"Tienda de CrossFit Vaskia","url":"https:\/\/shop.crossfitvaskia.com\/","logo":{"@type":"ImageObject","inLanguage":"es","@id":"https:\/\/shop.crossfitvaskia.com\/#\/schema\/logo\/image\/","url":"https:\/\/shop.crossfitvaskia.com\/wp-content\/uploads\/sites\/5\/2022\/11\/img-logo-vaskia.png","contentUrl":"https:\/\/shop.crossfitvaskia.com\/wp-content\/uploads\/sites\/5\/2022\/11\/img-logo-vaskia.png","width":657,"height":681,"caption":"Tienda de CrossFit Vaskia"},"image":{"@id":"https:\/\/shop.crossfitvaskia.com\/#\/schema\/logo\/image\/"},"sameAs":["https:\/\/www.facebook.com\/crossfitvaskia","https:\/\/x.com\/crossfitvaskia","https:\/\/www.instagram.com\/crossfitvaskia\/","https:\/\/www.youtube.com\/c\/CrossfitVaskia"]}]}},"jetpack_sharing_enabled":true,"_links":{"self":[{"href":"https:\/\/shop.crossfitvaskia.com\/index.php?rest_route=\/wp\/v2\/product\/3601","targetHints":{"allow":["GET"]}}],"collection":[{"href":"https:\/\/shop.crossfitvaskia.com\/index.php?rest_route=\/wp\/v2\/product"}],"about":[{"href":"https:\/\/shop.crossfitvaskia.com\/index.php?rest_route=\/wp\/v2\/types\/product"}],"replies":[{"embeddable":true,"href":"https:\/\/shop.crossfitvaskia.com\/index.php?rest_route=%2Fwp%2Fv2%2Fcomments&post=3601"}],"wp:featuredmedia":[{"embeddable":true,"href":"https:\/\/shop.crossfitvaskia.com\/index.php?rest_route=\/wp\/v2\/media\/3615"}],"wp:attachment":[{"href":"https:\/\/shop.crossfitvaskia.com\/index.php?rest_route=%2Fwp%2Fv2%2Fmedia&parent=3601"}],"wp:term":[{"taxonomy":"product_brand","embeddable":true,"href":"https:\/\/shop.crossfitvaskia.com\/index.php?rest_route=%2Fwp%2Fv2%2Fproduct_brand&post=3601"},{"taxonomy":"product_cat","embeddable":true,"href":"https:\/\/shop.crossfitvaskia.com\/index.php?rest_route=%2Fwp%2Fv2%2Fproduct_cat&post=3601"},{"taxonomy":"product_tag","embeddable":true,"href":"https:\/\/shop.crossfitvaskia.com\/index.php?rest_route=%2Fwp%2Fv2%2Fproduct_tag&post=3601"}],"curies":[{"name":"wp","href":"https:\/\/api.w.org\/{rel}","templated":true}]}}